{"id":20995,"date":"2025-09-09T05:09:53","date_gmt":"2025-09-09T07:09:53","guid":{"rendered":"https:\/\/cleartexdesign.com\/?post_type=product&#038;p=20995"},"modified":"2025-09-09T10:45:25","modified_gmt":"2025-09-09T12:45:25","slug":"alutrend-plank-17","status":"publish","type":"product","link":"https:\/\/cleartexdesign.com\/ro\/produs\/alutrend-plank-17\/","title":{"rendered":"Alutrend Plank 17"},"content":{"rendered":"<p style=\"text-align: left;\"><strong>Alutrend<sup>\u00ae<\/sup> Plank 17<\/strong> este o solu\u021bie de re\u021binere a murd\u0103riei cu sistem \u00eenchis, dezvoltat\u0103 intern de Cleartex, care combin\u0103 func\u021bionalitatea, valoarea estetic\u0103 \u0219i durabilitatea pe termen lung. \u00cen dezvoltarea sistemului de protec\u021bie \u00eempotriva murd\u0103riei cu covoarele profesionale am analizat procesele de proiectare, produc\u021bie, instalare \u0219i \u00eentre\u021binere. Pe baza acestor aspecte, am conceput familia de produse Alutrend\u00ae Plank, care combin\u0103 peste 15 ani de experien\u021b\u0103 \u00een produc\u021bie, dezvoltare de produse creative \u0219i g\u00e2ndire ecologic\u0103.<\/p>\n<div class=\"row align-middle\"  id=\"row-126111859\">\n\n\t<div id=\"col-76479389\" class=\"col medium-6 small-12 large-6\"  >\n\t\t\t\t<div class=\"col-inner\"  >\n\t\t\t\n\t\t\t\n\t<div class=\"img has-hover x md-x lg-x y md-y lg-y\" id=\"image_1638064164\">\n\t\t\t\t\t\t\t\t<div class=\"img-inner dark\" >\n\t\t\t<img loading=\"lazy\" decoding=\"async\" width=\"800\" height=\"534\" src=\"https:\/\/cleartexdesign.com\/wp-content\/uploads\/2025\/09\/AluTrend-Plank-17-6.webp\" class=\"attachment-large size-large\" alt=\"\" srcset=\"https:\/\/cleartexdesign.com\/wp-content\/uploads\/2025\/09\/AluTrend-Plank-17-6.webp 800w, https:\/\/cleartexdesign.com\/wp-content\/uploads\/2025\/09\/AluTrend-Plank-17-6-599x400.webp 599w, https:\/\/cleartexdesign.com\/wp-content\/uploads\/2025\/09\/AluTrend-Plank-17-6-768x513.webp 768w, https:\/\/cleartexdesign.com\/wp-content\/uploads\/2025\/09\/AluTrend-Plank-17-6-600x401.webp 600w\" sizes=\"auto, (max-width: 800px) 100vw, 800px\" \/>\t\t\t\t\t\t\n\t\t\t\t\t<\/div>\n\t\t\t\t\t\t\t\t\n<style>\n#image_1638064164 {\n  width: 100%;\n}\n<\/style>\n\t<\/div>\n\t\n\t\t<\/div>\n\t\t\t\t\t<\/div>\n\n\t\n\n\t<div id=\"col-464037909\" class=\"col medium-6 small-12 large-6\"  >\n\t\t\t\t<div class=\"col-inner\"  >\n\t\t\t\n\t\t\t\n<p><span data-text-color=\"primary\"><strong>GAM\u0102 LARG\u0102 DE APLICA\u021aII<\/strong><\/span><\/p>\n<p>Datorit\u0103 designului s\u0103u modern, se integreaz\u0103 perfect \u00een zonele de intrare ale cl\u0103dirilor de birouri, institu\u021biilor publice, spa\u021biilor comerciale sau ale blocurilor de locuin\u021be.<\/p>\n<p>Sistemul de pardoseal\u0103, care poate fi fabricat \u00een diverse forme, se poate adapta practic oric\u0103rei concep\u021bii arhitecturale, protej\u00e2nd \u00een acela\u0219i timp eficient spa\u021biile interioare ale cl\u0103dirii \u00eempotriva murd\u0103riei \u0219i umezelii.<\/p>\n\t\t<\/div>\n\t\t\t\t\t<\/div>\n\n\t\n<\/div>\n<p>Structura modular\u0103 a sistemului Alutrend<sup>\u00ae<\/sup> Plank 17 permite transportul u\u0219or, depozitarea \u0219i instalarea rapid\u0103. Construc\u021bia \u00eenchis\u0103 nu este doar estetic\u0103, ci \u0219i u\u0219or de cur\u0103\u021bat, \u00een timp ce \u00eembin\u0103rile precise asigur\u0103 o suprafa\u021b\u0103 uniform\u0103, f\u0103r\u0103 goluri. Sistemul este rezistent la tocuri sub\u021biri, permite circula\u021bia \u00een siguran\u021b\u0103 \u0219i schimbarea elementelor deteriorate se poate realiza pe module individuale.<\/p>\n\n  <div class=\"banner has-hover\" id=\"banner-932046372\">\n          <div class=\"banner-inner fill\">\n        <div class=\"banner-bg fill\" >\n            <div class=\"bg fill bg-fill \"><\/div>\n                                    \n                    <\/div>\n\t\t\n        <div class=\"banner-layers container\">\n            <div class=\"fill banner-link\"><\/div>            \n        <\/div>\n      <\/div>\n\n            \n<style>\n#banner-932046372 {\n  padding-top: 300px;\n}\n#banner-932046372 .bg.bg-loaded {\n  background-image: url(https:\/\/cleartexdesign.com\/wp-content\/uploads\/2025\/09\/AluTrend-Plank-17-5.webp);\n}\n#banner-932046372 .bg {\n  background-position: 50% 67%;\n}\n<\/style>\n  <\/div>\n\n\n<div class=\"container section-title-container\" ><h3 class=\"section-title section-title-center\"><b><\/b><span class=\"section-title-main\" style=\"color:rgb(142, 40, 41);\">Dimensiuni standard ale modulelor<\/span><b><\/b><\/h3><\/div>\n\n  <div class=\"banner has-hover\" id=\"banner-1872437801\">\n          <div class=\"banner-inner fill\">\n        <div class=\"banner-bg fill\" >\n            <div class=\"bg fill bg-fill \"><\/div>\n                                    \n                    <\/div>\n\t\t\n        <div class=\"banner-layers container\">\n            <div class=\"fill banner-link\"><\/div>            \n        <\/div>\n      <\/div>\n\n              <div class=\"height-fix is-invisible\"><img loading=\"lazy\" decoding=\"async\" width=\"1020\" height=\"486\" src=\"https:\/\/cleartexdesign.com\/wp-content\/uploads\/2025\/09\/AluTrend-Plank-standard-meretek-1400x667.webp\" class=\"attachment-large size-large\" alt=\"\" srcset=\"https:\/\/cleartexdesign.com\/wp-content\/uploads\/2025\/09\/AluTrend-Plank-standard-meretek-1400x667.webp 1400w, https:\/\/cleartexdesign.com\/wp-content\/uploads\/2025\/09\/AluTrend-Plank-standard-meretek-800x381.webp 800w, https:\/\/cleartexdesign.com\/wp-content\/uploads\/2025\/09\/AluTrend-Plank-standard-meretek-768x366.webp 768w, https:\/\/cleartexdesign.com\/wp-content\/uploads\/2025\/09\/AluTrend-Plank-standard-meretek-1536x731.webp 1536w, https:\/\/cleartexdesign.com\/wp-content\/uploads\/2025\/09\/AluTrend-Plank-standard-meretek-2048x975.webp 2048w, https:\/\/cleartexdesign.com\/wp-content\/uploads\/2025\/09\/AluTrend-Plank-standard-meretek-600x286.webp 600w\" sizes=\"auto, (max-width: 1020px) 100vw, 1020px\" \/><\/div>\n            \n<style>\n#banner-1872437801 .bg.bg-loaded {\n  background-image: url(https:\/\/cleartexdesign.com\/wp-content\/uploads\/2025\/09\/AluTrend-Plank-standard-meretek-1400x667.webp);\n}\n#banner-1872437801 .bg {\n  background-position: 48% 51%;\n}\n<\/style>\n  <\/div>\n\n\n<div class=\"container section-title-container\" ><h3 class=\"section-title section-title-center\"><b><\/b><span class=\"section-title-main\" style=\"color:rgb(142, 40, 41);\">Module de design personalizate<\/span><b><\/b><\/h3><\/div>\n\n  <div class=\"banner has-hover\" id=\"banner-1041713594\">\n          <div class=\"banner-inner fill\">\n        <div class=\"banner-bg fill\" >\n            <div class=\"bg fill bg-fill \"><\/div>\n                                    \n                    <\/div>\n\t\t\n        <div class=\"banner-layers container\">\n            <div class=\"fill banner-link\"><\/div>            \n        <\/div>\n      <\/div>\n\n              <div class=\"height-fix is-invisible\"><img loading=\"lazy\" decoding=\"async\" width=\"1020\" height=\"243\" src=\"https:\/\/cleartexdesign.com\/wp-content\/uploads\/2025\/09\/AluTrend-Plank-egyedi-modul-elemek-1400x334.webp\" class=\"attachment-large size-large\" alt=\"\" srcset=\"https:\/\/cleartexdesign.com\/wp-content\/uploads\/2025\/09\/AluTrend-Plank-egyedi-modul-elemek-1400x334.webp 1400w, https:\/\/cleartexdesign.com\/wp-content\/uploads\/2025\/09\/AluTrend-Plank-egyedi-modul-elemek-800x191.webp 800w, https:\/\/cleartexdesign.com\/wp-content\/uploads\/2025\/09\/AluTrend-Plank-egyedi-modul-elemek-768x183.webp 768w, https:\/\/cleartexdesign.com\/wp-content\/uploads\/2025\/09\/AluTrend-Plank-egyedi-modul-elemek-1536x366.webp 1536w, https:\/\/cleartexdesign.com\/wp-content\/uploads\/2025\/09\/AluTrend-Plank-egyedi-modul-elemek-2048x488.webp 2048w, https:\/\/cleartexdesign.com\/wp-content\/uploads\/2025\/09\/AluTrend-Plank-egyedi-modul-elemek-600x143.webp 600w\" sizes=\"auto, (max-width: 1020px) 100vw, 1020px\" \/><\/div>\n            \n<style>\n#banner-1041713594 .bg.bg-loaded {\n  background-image: url(https:\/\/cleartexdesign.com\/wp-content\/uploads\/2025\/09\/AluTrend-Plank-egyedi-modul-elemek-1400x334.webp);\n}\n#banner-1041713594 .bg {\n  background-position: 47% 52%;\n}\n<\/style>\n  <\/div>\n\n\n\t<div id=\"gap-276995859\" class=\"gap-element clearfix\" style=\"display:block; height:auto;\">\n\t\t\n<style>\n#gap-276995859 {\n  padding-top: 30px;\n}\n<\/style>\n\t<\/div>\n\t\n<div class=\"container section-title-container\" ><h3 class=\"section-title section-title-center\"><b><\/b><span class=\"section-title-main\" style=\"color:rgb(142, 40, 41);\">Unele interfe\u021be op\u021bionale pentru module<\/span><b><\/b><\/h3><\/div>\n<p>Alutrend<sup>\u00ae<\/sup> Plank 17 poate fi comandat cu suprafe\u021be de perie, cauciuc, textile sau combina\u021bii ale acestora, pentru instalare la exterior \u0219i\/sau interior.<\/p>\n\t<div class=\"img has-hover x md-x lg-x y md-y lg-y\" id=\"image_1205729863\">\n\t\t\t\t\t\t\t\t<div class=\"img-inner dark\" >\n\t\t\t<img loading=\"lazy\" decoding=\"async\" width=\"1020\" height=\"340\" src=\"https:\/\/cleartexdesign.com\/wp-content\/uploads\/2025\/09\/Alutrend-Plank-jarofeluletek-RO.webp\" class=\"attachment-large size-large\" alt=\"\" srcset=\"https:\/\/cleartexdesign.com\/wp-content\/uploads\/2025\/09\/Alutrend-Plank-jarofeluletek-RO.webp 1200w, https:\/\/cleartexdesign.com\/wp-content\/uploads\/2025\/09\/Alutrend-Plank-jarofeluletek-RO-800x267.webp 800w, https:\/\/cleartexdesign.com\/wp-content\/uploads\/2025\/09\/Alutrend-Plank-jarofeluletek-RO-768x256.webp 768w, https:\/\/cleartexdesign.com\/wp-content\/uploads\/2025\/09\/Alutrend-Plank-jarofeluletek-RO-600x200.webp 600w\" sizes=\"auto, (max-width: 1020px) 100vw, 1020px\" \/>\t\t\t\t\t\t\n\t\t\t\t\t<\/div>\n\t\t\t\t\t\t\t\t\n<style>\n#image_1205729863 {\n  width: 100%;\n}\n<\/style>\n\t<\/div>\n\t\n\t<div id=\"gap-816186371\" class=\"gap-element clearfix\" style=\"display:block; height:auto;\">\n\t\t\n<style>\n#gap-816186371 {\n  padding-top: 30px;\n}\n<\/style>\n\t<\/div>\n\t\n<div class=\"container section-title-container\" ><h3 class=\"section-title section-title-center\"><b><\/b><span class=\"section-title-main\" style=\"color:rgb(142, 40, 41);\">intr\u0103ri inspiratoare<\/span><b><\/b><\/h3><\/div>\n<p>Sistemele modulare de protec\u021bie \u00eempotriva murd\u0103riei Cleartex nu limiteaz\u0103, ci inspir\u0103 creativitatea arhitectural\u0103. Formele, texturile \u0219i culorile pot fi combinate liber, astfel \u00eenc\u00e2t intrarea s\u0103 fie nu doar func\u021bional\u0103, ci \u0219i vizual unic\u0103 \u0219i plin\u0103 de caracter.<\/p>\n\t<div id=\"gap-1549532698\" class=\"gap-element clearfix\" style=\"display:block; height:auto;\">\n\t\t\n<style>\n#gap-1549532698 {\n  padding-top: 30px;\n}\n<\/style>\n\t<\/div>\n\t\n\n  <div class=\"banner has-hover\" id=\"banner-920547305\">\n          <div class=\"banner-inner fill\">\n        <div class=\"banner-bg fill\" >\n            <div class=\"bg fill bg-fill \"><\/div>\n                                    \n                    <\/div>\n\t\t\n        <div class=\"banner-layers container\">\n            <div class=\"fill banner-link\"><\/div>            \n        <\/div>\n      <\/div>\n\n            \n<style>\n#banner-920547305 {\n  padding-top: 400px;\n}\n#banner-920547305 .bg.bg-loaded {\n  background-image: url(https:\/\/cleartexdesign.com\/wp-content\/uploads\/2025\/09\/AluTrend-Plank-17-9-1067x800.webp);\n}\n#banner-920547305 .bg {\n  background-position: 45% 55%;\n}\n<\/style>\n  <\/div>\n\n\n<div class=\"row align-middle\"  id=\"row-611342906\">\n\n\t<div id=\"col-485870331\" class=\"col medium-8 small-12 large-8\"  >\n\t\t\t\t<div class=\"col-inner text-center\"  >\n\t\t\t\n\t\t\t\n<div class=\"container section-title-container\" ><h3 class=\"section-title section-title-center\"><b><\/b><span class=\"section-title-main\" style=\"color:rgb(142, 40, 41);\">Simte-te liber s\u0103 planifici!<\/span><b><\/b><\/h3><\/div>\n<p style=\"text-align: left;\"><strong>Indiferent dac\u0103 este vorba despre elegan\u021b\u0103 clasic\u0103 sau minimalism contemporan, aproape orice idee poate fi realizat\u0103!<\/strong><br \/>\nProiecta\u021bi cu \u00eendr\u0103zneal\u0103 \u0219i crea\u021bi o intrare care nu doar men\u021bine cur\u0103\u021benia, ci ofer\u0103 \u0219i o experien\u021b\u0103 vizual\u0103 unic\u0103. Care nu doar se integreaz\u0103, ci eviden\u021biaz\u0103, confer\u0103 caracter \u0219i define\u0219te spa\u021biul.<\/p>\n<div class=\"notranslate\" style=\"all: initial;\"><\/div>\n<ul>\n<li style=\"text-align: left;\"><strong>Design personalizat:<\/strong> Pe l\u00e2ng\u0103 elementele plank tradi\u021bionale, exist\u0103 posibilitatea de solu\u021bii personalizate, de exemplu pentru u\u0219i rotative circulare sau modele trapezoidale \u0219i paralelogram, care permit crearea unor spa\u021bii cu caracter distinct.<\/li>\n<li style=\"text-align: left;\"><strong>Libertate de proiectare:<\/strong> Sistemele modulare Cleartex ofer\u0103 libertate maxim\u0103 \u00een alegerea materialelor, a formelor \u0219i a designului \u2013 proiecta\u021bi o intrare care se inspir\u0103 \u0219i s\u0103 integreze perfect \u00een imaginea cl\u0103dirii.<\/li>\n<\/ul>\n\t\t<\/div>\n\t\t\t\t\t<\/div>\n\n\t\n\n\t<div id=\"col-1710828610\" class=\"col medium-4 small-12 large-4\"  >\n\t\t\t\t<div class=\"col-inner text-center\"  >\n\t\t\t\n\t\t\t\n\t<div class=\"img has-hover x md-x lg-x y md-y lg-y\" id=\"image_207780636\">\n\t\t\t\t\t\t\t\t<div class=\"img-inner dark\" >\n\t\t\t<img loading=\"lazy\" decoding=\"async\" width=\"800\" height=\"800\" src=\"https:\/\/cleartexdesign.com\/wp-content\/uploads\/2025\/09\/Szinskala-kerek.webp\" class=\"attachment-large size-large\" alt=\"\" srcset=\"https:\/\/cleartexdesign.com\/wp-content\/uploads\/2025\/09\/Szinskala-kerek.webp 800w, https:\/\/cleartexdesign.com\/wp-content\/uploads\/2025\/09\/Szinskala-kerek-400x400.webp 400w, https:\/\/cleartexdesign.com\/wp-content\/uploads\/2025\/09\/Szinskala-kerek-280x280.webp 280w, https:\/\/cleartexdesign.com\/wp-content\/uploads\/2025\/09\/Szinskala-kerek-768x768.webp 768w, https:\/\/cleartexdesign.com\/wp-content\/uploads\/2025\/09\/Szinskala-kerek-300x300.webp 300w, https:\/\/cleartexdesign.com\/wp-content\/uploads\/2025\/09\/Szinskala-kerek-600x600.webp 600w, https:\/\/cleartexdesign.com\/wp-content\/uploads\/2025\/09\/Szinskala-kerek-100x100.webp 100w\" sizes=\"auto, (max-width: 800px) 100vw, 800px\" \/>\t\t\t\t\t\t\n\t\t\t\t\t<\/div>\n\t\t\t\t\t\t\t\t\n<style>\n#image_207780636 {\n  width: 100%;\n}\n<\/style>\n\t<\/div>\n\t\n\t\t<\/div>\n\t\t\t\t\t<\/div>\n\n\t\n<\/div>\n\t<div id=\"gap-141013585\" class=\"gap-element clearfix\" style=\"display:block; height:auto;\">\n\t\t\n<style>\n#gap-141013585 {\n  padding-top: 30px;\n}\n<\/style>\n\t<\/div>\n\t\n<div class=\"row align-middle\"  id=\"row-1098969191\">\n\n\t<div id=\"col-690019186\" class=\"col small-12 large-12\"  >\n\t\t\t\t<div class=\"col-inner\"  >\n\t\t\t\n\t\t\t\n\t<div class=\"img has-hover x md-x lg-x y md-y lg-y\" id=\"image_974555907\">\n\t\t\t\t\t\t\t\t<div class=\"img-inner dark\" >\n\t\t\t<img loading=\"lazy\" decoding=\"async\" width=\"1020\" height=\"341\" src=\"https:\/\/cleartexdesign.com\/wp-content\/uploads\/2025\/09\/AluTrend-Plank-17-8.webp\" class=\"attachment-large size-large\" alt=\"\" srcset=\"https:\/\/cleartexdesign.com\/wp-content\/uploads\/2025\/09\/AluTrend-Plank-17-8.webp 1200w, https:\/\/cleartexdesign.com\/wp-content\/uploads\/2025\/09\/AluTrend-Plank-17-8-800x267.webp 800w, https:\/\/cleartexdesign.com\/wp-content\/uploads\/2025\/09\/AluTrend-Plank-17-8-768x257.webp 768w, https:\/\/cleartexdesign.com\/wp-content\/uploads\/2025\/09\/AluTrend-Plank-17-8-600x201.webp 600w\" sizes=\"auto, (max-width: 1020px) 100vw, 1020px\" \/>\t\t\t\t\t\t\n\t\t\t\t\t<\/div>\n\t\t\t\t\t\t\t\t\n<style>\n#image_974555907 {\n  width: 100%;\n}\n<\/style>\n\t<\/div>\n\t\n\t\t<\/div>\n\t\t\t\t\t<\/div>\n\n\t\n<\/div>\n","protected":false},"excerpt":{"rendered":"<p><strong>Alutrend Plank 17 avantaje principale:<\/strong><\/p>\n<ul>\n<li>Tipul profilului Aliaj de aluminiu (AW 6060 T66, MILL FINISH)<\/li>\n<li>\u00cen\u0103l\u021bimea profilului 13 mm<\/li>\n<li>Grosimea peretelui 1.6 mm<\/li>\n<li>Grosimea izola\u021biei fonice la trecere 2 mm<\/li>\n<li>\u00cen\u0103l\u021bimea total\u0103 a structurii (\u00een func\u021bie de suprafa\u021ba de mers) 17-23 mm<\/li>\n<li>L\u0103\u021bimea profilului 33,33 mm<\/li>\n<li>Ad\u00e2ncimea de instalare 15 mm (cu cadru de montaj 21 mm)<\/li>\n<li>Spa\u021biul sub u\u0219a batant\u0103 fa\u021b\u0103 de partea inferioar\u0103 a cadrului minim 23 mm<\/li>\n<li>Presiunea admis\u0103 pe ax 1017 kg<\/li>\n<li>Rezisten\u021ba la trac\u021biune 217 N\/mm<sup>2<\/sup><\/li>\n<li>Coeficientul de dilatare termic\u0103 0.0238 mm\/m\/C<\/li>\n<li>Clasificare la incendiu BFL-s1<\/li>\n<li>Greutatea cu suprafa\u021b\u0103 de perie 18,24 kg\/m<sup>2<\/sup><\/li>\n<li>Greutatea cu suprafa\u021b\u0103 de cauciuc nervurat 21,53 kg\/m<sup>2<\/sup><\/li>\n<li>Greutatea cu suprafa\u021b\u0103 textil\u0103 13,21 kg\/m<sup>2<\/sup><\/li>\n<\/ul>\n","protected":false},"featured_media":21022,"template":"","meta":[],"product_cat":[],"product_tag":[],"class_list":{"0":"post-20995","1":"product","2":"type-product","3":"status-publish","4":"has-post-thumbnail","7":"first","8":"instock","9":"shipping-taxable","10":"product-type-simple"},"yoast_head":"<!-- This site is optimized with the Yoast SEO plugin v21.9 - https:\/\/yoast.com\/wordpress\/plugins\/seo\/ -->\n<title>Alutrend Plank 17 - cleartexdesign.com<\/title>\n<meta name=\"description\" content=\"Covora\u0219 profesional Alutrend Mini 17mm din profile de aluminiu. Pentru intr\u0103ri cu trafic mediu mai pu\u021bin de 1000 de persoane pe zi.\" \/>\n<meta name=\"robots\" content=\"index, follow, max-snippet:-1, max-image-preview:large, max-video-preview:-1\" \/>\n<link rel=\"canonical\" href=\"https:\/\/cleartexdesign.com\/ro\/produs\/alutrend-plank-17\/\" \/>\n<meta property=\"og:locale\" content=\"ro_RO\" \/>\n<meta property=\"og:type\" content=\"article\" \/>\n<meta property=\"og:title\" content=\"Alutrend Plank 17 - cleartexdesign.com\" \/>\n<meta property=\"og:description\" content=\"Covora\u0219 profesional Alutrend Mini 17mm din profile de aluminiu. Pentru intr\u0103ri cu trafic mediu mai pu\u021bin de 1000 de persoane pe zi.\" \/>\n<meta property=\"og:url\" content=\"https:\/\/cleartexdesign.com\/ro\/produs\/alutrend-plank-17\/\" \/>\n<meta property=\"og:site_name\" content=\"cleartexdesign.com\" \/>\n<meta property=\"article:modified_time\" content=\"2025-09-09T12:45:25+00:00\" \/>\n<meta property=\"og:image\" content=\"https:\/\/cleartexdesign.com\/wp-content\/uploads\/2025\/09\/DSC8256-1-scaled.webp\" \/>\n\t<meta property=\"og:image:width\" content=\"2560\" \/>\n\t<meta property=\"og:image:height\" content=\"2136\" \/>\n\t<meta property=\"og:image:type\" content=\"image\/webp\" \/>\n<meta name=\"twitter:card\" content=\"summary_large_image\" \/>\n<meta name=\"twitter:label1\" content=\"Timp estimat pentru citire\" \/>\n\t<meta name=\"twitter:data1\" content=\"3 minute\" \/>\n<script type=\"application\/ld+json\" class=\"yoast-schema-graph\">{\"@context\":\"https:\/\/schema.org\",\"@graph\":[{\"@type\":\"WebPage\",\"@id\":\"https:\/\/cleartexdesign.com\/ro\/produs\/alutrend-plank-17\/\",\"url\":\"https:\/\/cleartexdesign.com\/ro\/produs\/alutrend-plank-17\/\",\"name\":\"Alutrend Plank 17 - cleartexdesign.com\",\"isPartOf\":{\"@id\":\"https:\/\/cleartexdesign.com\/ro\/#website\"},\"datePublished\":\"2025-09-09T07:09:53+00:00\",\"dateModified\":\"2025-09-09T12:45:25+00:00\",\"description\":\"Covora\u0219 profesional Alutrend Mini 17mm din profile de aluminiu. Pentru intr\u0103ri cu trafic mediu mai pu\u021bin de 1000 de persoane pe zi.\",\"breadcrumb\":{\"@id\":\"https:\/\/cleartexdesign.com\/ro\/produs\/alutrend-plank-17\/#breadcrumb\"},\"inLanguage\":\"ro-RO\",\"potentialAction\":[{\"@type\":\"ReadAction\",\"target\":[\"https:\/\/cleartexdesign.com\/ro\/produs\/alutrend-plank-17\/\"]}]},{\"@type\":\"BreadcrumbList\",\"@id\":\"https:\/\/cleartexdesign.com\/ro\/produs\/alutrend-plank-17\/#breadcrumb\",\"itemListElement\":[{\"@type\":\"ListItem\",\"position\":1,\"name\":\"Home\",\"item\":\"https:\/\/cleartexdesign.com\/ro\/\"},{\"@type\":\"ListItem\",\"position\":2,\"name\":\"Showroom\",\"item\":\"https:\/\/cleartexdesign.com\/ro\/magazin\/\"},{\"@type\":\"ListItem\",\"position\":3,\"name\":\"Alutrend Plank 17\"}]},{\"@type\":\"WebSite\",\"@id\":\"https:\/\/cleartexdesign.com\/ro\/#website\",\"url\":\"https:\/\/cleartexdesign.com\/ro\/\",\"name\":\"cleartexdesign.com\",\"description\":\"Aluminum entrance matting solutions.\",\"publisher\":{\"@id\":\"https:\/\/cleartexdesign.com\/ro\/#organization\"},\"potentialAction\":[{\"@type\":\"SearchAction\",\"target\":{\"@type\":\"EntryPoint\",\"urlTemplate\":\"https:\/\/cleartexdesign.com\/ro\/?s={search_term_string}\"},\"query-input\":\"required name=search_term_string\"}],\"inLanguage\":\"ro-RO\"},{\"@type\":\"Organization\",\"@id\":\"https:\/\/cleartexdesign.com\/ro\/#organization\",\"name\":\"Cleartex Ltd.\",\"url\":\"https:\/\/cleartexdesign.com\/ro\/\",\"logo\":{\"@type\":\"ImageObject\",\"inLanguage\":\"ro-RO\",\"@id\":\"https:\/\/cleartexdesign.com\/ro\/#\/schema\/logo\/image\/\",\"url\":\"https:\/\/cleartexdesign.com\/wp-content\/uploads\/2022\/05\/Cleartex-logo-ENG-_INC-INV.jpg\",\"contentUrl\":\"https:\/\/cleartexdesign.com\/wp-content\/uploads\/2022\/05\/Cleartex-logo-ENG-_INC-INV.jpg\",\"width\":591,\"height\":177,\"caption\":\"Cleartex Ltd.\"},\"image\":{\"@id\":\"https:\/\/cleartexdesign.com\/ro\/#\/schema\/logo\/image\/\"}}]}<\/script>\n<!-- \/ Yoast SEO plugin. -->","yoast_head_json":{"title":"Alutrend Plank 17 - cleartexdesign.com","description":"Covora\u0219 profesional Alutrend Mini 17mm din profile de aluminiu. Pentru intr\u0103ri cu trafic mediu mai pu\u021bin de 1000 de persoane pe zi.","robots":{"index":"index","follow":"follow","max-snippet":"max-snippet:-1","max-image-preview":"max-image-preview:large","max-video-preview":"max-video-preview:-1"},"canonical":"https:\/\/cleartexdesign.com\/ro\/produs\/alutrend-plank-17\/","og_locale":"ro_RO","og_type":"article","og_title":"Alutrend Plank 17 - cleartexdesign.com","og_description":"Covora\u0219 profesional Alutrend Mini 17mm din profile de aluminiu. Pentru intr\u0103ri cu trafic mediu mai pu\u021bin de 1000 de persoane pe zi.","og_url":"https:\/\/cleartexdesign.com\/ro\/produs\/alutrend-plank-17\/","og_site_name":"cleartexdesign.com","article_modified_time":"2025-09-09T12:45:25+00:00","og_image":[{"width":2560,"height":2136,"url":"https:\/\/cleartexdesign.com\/wp-content\/uploads\/2025\/09\/DSC8256-1-scaled.webp","type":"image\/webp"}],"twitter_card":"summary_large_image","twitter_misc":{"Timp estimat pentru citire":"3 minute"},"schema":{"@context":"https:\/\/schema.org","@graph":[{"@type":"WebPage","@id":"https:\/\/cleartexdesign.com\/ro\/produs\/alutrend-plank-17\/","url":"https:\/\/cleartexdesign.com\/ro\/produs\/alutrend-plank-17\/","name":"Alutrend Plank 17 - cleartexdesign.com","isPartOf":{"@id":"https:\/\/cleartexdesign.com\/ro\/#website"},"datePublished":"2025-09-09T07:09:53+00:00","dateModified":"2025-09-09T12:45:25+00:00","description":"Covora\u0219 profesional Alutrend Mini 17mm din profile de aluminiu. Pentru intr\u0103ri cu trafic mediu mai pu\u021bin de 1000 de persoane pe zi.","breadcrumb":{"@id":"https:\/\/cleartexdesign.com\/ro\/produs\/alutrend-plank-17\/#breadcrumb"},"inLanguage":"ro-RO","potentialAction":[{"@type":"ReadAction","target":["https:\/\/cleartexdesign.com\/ro\/produs\/alutrend-plank-17\/"]}]},{"@type":"BreadcrumbList","@id":"https:\/\/cleartexdesign.com\/ro\/produs\/alutrend-plank-17\/#breadcrumb","itemListElement":[{"@type":"ListItem","position":1,"name":"Home","item":"https:\/\/cleartexdesign.com\/ro\/"},{"@type":"ListItem","position":2,"name":"Showroom","item":"https:\/\/cleartexdesign.com\/ro\/magazin\/"},{"@type":"ListItem","position":3,"name":"Alutrend Plank 17"}]},{"@type":"WebSite","@id":"https:\/\/cleartexdesign.com\/ro\/#website","url":"https:\/\/cleartexdesign.com\/ro\/","name":"cleartexdesign.com","description":"Aluminum entrance matting solutions.","publisher":{"@id":"https:\/\/cleartexdesign.com\/ro\/#organization"},"potentialAction":[{"@type":"SearchAction","target":{"@type":"EntryPoint","urlTemplate":"https:\/\/cleartexdesign.com\/ro\/?s={search_term_string}"},"query-input":"required name=search_term_string"}],"inLanguage":"ro-RO"},{"@type":"Organization","@id":"https:\/\/cleartexdesign.com\/ro\/#organization","name":"Cleartex Ltd.","url":"https:\/\/cleartexdesign.com\/ro\/","logo":{"@type":"ImageObject","inLanguage":"ro-RO","@id":"https:\/\/cleartexdesign.com\/ro\/#\/schema\/logo\/image\/","url":"https:\/\/cleartexdesign.com\/wp-content\/uploads\/2022\/05\/Cleartex-logo-ENG-_INC-INV.jpg","contentUrl":"https:\/\/cleartexdesign.com\/wp-content\/uploads\/2022\/05\/Cleartex-logo-ENG-_INC-INV.jpg","width":591,"height":177,"caption":"Cleartex Ltd."},"image":{"@id":"https:\/\/cleartexdesign.com\/ro\/#\/schema\/logo\/image\/"}}]}},"_links":{"self":[{"href":"https:\/\/cleartexdesign.com\/ro\/wp-json\/wp\/v2\/product\/20995","targetHints":{"allow":["GET"]}}],"collection":[{"href":"https:\/\/cleartexdesign.com\/ro\/wp-json\/wp\/v2\/product"}],"about":[{"href":"https:\/\/cleartexdesign.com\/ro\/wp-json\/wp\/v2\/types\/product"}],"wp:featuredmedia":[{"embeddable":true,"href":"https:\/\/cleartexdesign.com\/ro\/wp-json\/wp\/v2\/media\/21022"}],"wp:attachment":[{"href":"https:\/\/cleartexdesign.com\/ro\/wp-json\/wp\/v2\/media?parent=20995"}],"wp:term":[{"taxonomy":"product_cat","embeddable":true,"href":"https:\/\/cleartexdesign.com\/ro\/wp-json\/wp\/v2\/product_cat?post=20995"},{"taxonomy":"product_tag","embeddable":true,"href":"https:\/\/cleartexdesign.com\/ro\/wp-json\/wp\/v2\/product_tag?post=20995"}],"curies":[{"name":"wp","href":"https:\/\/api.w.org\/{rel}","templated":true}]}}