{"id":11763,"date":"2022-04-07T17:12:08","date_gmt":"2022-04-07T19:12:08","guid":{"rendered":"https:\/\/cleartexdesign.com\/product\/profiluri-alutrend-compact-10-mm\/"},"modified":"2023-02-13T07:08:51","modified_gmt":"2023-02-13T09:08:51","slug":"alutrend-compact-10-mm-profile","status":"publish","type":"product","link":"https:\/\/cleartexdesign.com\/ro\/produs\/alutrend-compact-10-mm-profile\/","title":{"rendered":"Alutrend Compact din profile de 10 mm"},"content":{"rendered":"<p>Sistemele de covora\u0219e pentru intr\u0103ri Alutrend<sup>\u00ae<\/sup> Compact au fost special dezvoltate \u0219i fabricate de Cleartex Ltd. Din 2016 pentru intr\u0103rile cu trafic mediu. Aceast\u0103 solu\u021bie este utilizabil\u0103 pentru a elimina complet cantitatea crescut\u0103 de poluare din cl\u0103dirile publice \u0219i comerciale. Compact este modelul de baz\u0103 din gama Alutrend<sup>\u00ae<\/sup>.<\/p>\n<p>Acest covora\u0219 profesional este optimizat\u0103 pentru cl\u0103diri publice, magazine \u0219i locuin\u021be cu trafic redus, precum \u0219i pentru birouri mici, unde traficul obi\u0219nuit nu dep\u0103\u0219e\u0219te 200 de persoane pe zi. Disponibil \u00een versiuni pentru interior \u0219i exterior \u0219i poate fi integrat cu inser\u021bii de rulare textile, absorbante pentru interior \u0219i numai cu raclet\u0103 pentru exterior. Covora\u0219ul Compact este recomandat\u0103 pentru intr\u0103rile \u00een cl\u0103dirile publice, magazine, birourile mici \u0219i cl\u0103diri reziden\u021biale cu un volum de trafic redus, unde traficul obi\u0219nuit nu dep\u0103\u0219e\u0219te 200 de persoane pe zi.<\/p>\n<p><strong>Metoda de fabrica\u021bie:<\/strong> grinzi de aluminiu cu structur\u0103 \u00eenchis\u0103, cu suprafe\u021be de cur\u0103\u021bare lipite cu adeziv, \u021binute \u00eempreun\u0103 prin module de cuplare<br \/>\n<strong>Material de baz\u0103:<\/strong> 100% aliaj AlMgSi 0,5, duritate F25<br \/>\n<strong>Grosimea pl\u0103cii de baz\u0103 a peretului:<\/strong> 1,20 mm<br \/>\n<strong>L\u0103\u021bimea pl\u0103cii de baz\u0103:<\/strong> 63 mm<br \/>\n<strong>\u00cen\u0103l\u021bime total\u0103 cu suprafa\u021ba de cur\u0103\u021bare:<\/strong> 10-11 mm<br \/>\n<strong>Grosimea filtrului de reducere a zgomotului pe panoul din spate:<\/strong> 2mm<br \/>\n<strong>Greutate total\u0103:<\/strong> aprox. 9,500 g \/ m<sup>2<\/sup><br \/>\n<strong>Presiunea admis\u0103 pe osie:<\/strong> 600 kg<br \/>\n<strong>Rezisten\u021ba la trac\u021biune:<\/strong> 217 N \/ m<br \/>\n<strong>Rezisten\u021ba la foc:<\/strong> Bfl-S1<br \/>\n<strong>Clasificare:<\/strong> Clasa 32 &#8222;Comercial general&#8221;, \u00eentr-un mediu comercial cu sarcini medii.<br \/>\n<strong>Dimensiunea covorului:<\/strong> produs realizat la dimensiuni individuale<br \/>\n<strong>M\u0103rimea confec\u021bionat\u0103::<\/strong> 595 x 395 mm \u0219i 740 x 520 mm<\/p>\n","protected":false},"excerpt":{"rendered":"<p>Pe scurt despre covora\u0219ul profesional Alutrend Compact 10 mm<\/p>\n<ul>\n<li>10-11 mm grosime medie<\/li>\n<li>Aliaj de aluminiu extrem de durabil cu duritate F25<\/li>\n<li>Cu suprafe\u021be textile de interior \u0219i suprafe\u021be textile r\u0103zuite de exterior<\/li>\n<li>Pentru un trafic pietonal zilnic de mai pu\u021bin de 200 de persoane<\/li>\n<li>Instalare pe toat\u0103 zon\u0103<\/li>\n<li>\u00cendepline\u0219te cel mai \u00eenalt standard de rezisten\u021b\u0103 la foc: Bfl-s1<\/li>\n<li>Recomandat pentru zonele cu trafic mediu<\/li>\n<li>Poate fi instalat \u00een podea cu un cadru, \u00eencastrat<\/li>\n<\/ul>\n","protected":false},"featured_media":4281,"template":"","meta":[],"product_cat":[404],"product_tag":[],"class_list":{"0":"post-11763","1":"product","2":"type-product","3":"status-publish","4":"has-post-thumbnail","6":"product_cat-alutrend-ro","8":"first","9":"instock","10":"shipping-taxable","11":"product-type-simple"},"yoast_head":"<!-- This site is optimized with the Yoast SEO plugin v21.9 - https:\/\/yoast.com\/wordpress\/plugins\/seo\/ -->\n<title>Alutrend Compact din profile de 10 mm - cleartexdesign.com<\/title>\n<meta name=\"description\" content=\"Covora\u0219 profesional Alutrend Compact 10mm din profile de aluminiu. Pentru intr\u0103ri cu trafic redus. Poate fi instalat \u00een locul pl\u0103cilori de pavaj.\" \/>\n<meta name=\"robots\" content=\"index, follow, max-snippet:-1, max-image-preview:large, max-video-preview:-1\" \/>\n<link rel=\"canonical\" href=\"https:\/\/cleartexdesign.com\/ro\/produs\/alutrend-compact-10-mm-profile\/\" \/>\n<meta property=\"og:locale\" content=\"ro_RO\" \/>\n<meta property=\"og:type\" content=\"article\" \/>\n<meta property=\"og:title\" content=\"Alutrend Compact din profile de 10 mm - cleartexdesign.com\" \/>\n<meta property=\"og:description\" content=\"Covora\u0219 profesional Alutrend Compact 10mm din profile de aluminiu. Pentru intr\u0103ri cu trafic redus. Poate fi instalat \u00een locul pl\u0103cilori de pavaj.\" \/>\n<meta property=\"og:url\" content=\"https:\/\/cleartexdesign.com\/ro\/produs\/alutrend-compact-10-mm-profile\/\" \/>\n<meta property=\"og:site_name\" content=\"cleartexdesign.com\" \/>\n<meta property=\"article:modified_time\" content=\"2023-02-13T09:08:51+00:00\" \/>\n<meta property=\"og:image\" content=\"https:\/\/cleartexdesign.com\/wp-content\/uploads\/2022\/05\/Alutrend-10-Compact-03.jpg\" \/>\n\t<meta property=\"og:image:width\" content=\"600\" \/>\n\t<meta property=\"og:image:height\" content=\"600\" \/>\n\t<meta property=\"og:image:type\" content=\"image\/jpeg\" \/>\n<meta name=\"twitter:card\" content=\"summary_large_image\" \/>\n<meta name=\"twitter:label1\" content=\"Timp estimat pentru citire\" \/>\n\t<meta name=\"twitter:data1\" content=\"2 minute\" \/>\n<script type=\"application\/ld+json\" class=\"yoast-schema-graph\">{\"@context\":\"https:\/\/schema.org\",\"@graph\":[{\"@type\":\"WebPage\",\"@id\":\"https:\/\/cleartexdesign.com\/ro\/produs\/alutrend-compact-10-mm-profile\/\",\"url\":\"https:\/\/cleartexdesign.com\/ro\/produs\/alutrend-compact-10-mm-profile\/\",\"name\":\"Alutrend Compact din profile de 10 mm - cleartexdesign.com\",\"isPartOf\":{\"@id\":\"https:\/\/cleartexdesign.com\/ro\/#website\"},\"datePublished\":\"2022-04-07T19:12:08+00:00\",\"dateModified\":\"2023-02-13T09:08:51+00:00\",\"description\":\"Covora\u0219 profesional Alutrend Compact 10mm din profile de aluminiu. Pentru intr\u0103ri cu trafic redus. Poate fi instalat \u00een locul pl\u0103cilori de pavaj.\",\"breadcrumb\":{\"@id\":\"https:\/\/cleartexdesign.com\/ro\/produs\/alutrend-compact-10-mm-profile\/#breadcrumb\"},\"inLanguage\":\"ro-RO\",\"potentialAction\":[{\"@type\":\"ReadAction\",\"target\":[\"https:\/\/cleartexdesign.com\/ro\/produs\/alutrend-compact-10-mm-profile\/\"]}]},{\"@type\":\"BreadcrumbList\",\"@id\":\"https:\/\/cleartexdesign.com\/ro\/produs\/alutrend-compact-10-mm-profile\/#breadcrumb\",\"itemListElement\":[{\"@type\":\"ListItem\",\"position\":1,\"name\":\"Home\",\"item\":\"https:\/\/cleartexdesign.com\/ro\/\"},{\"@type\":\"ListItem\",\"position\":2,\"name\":\"Showroom\",\"item\":\"https:\/\/cleartexdesign.com\/ro\/magazin\/\"},{\"@type\":\"ListItem\",\"position\":3,\"name\":\"Alutrend Compact din profile de 10 mm\"}]},{\"@type\":\"WebSite\",\"@id\":\"https:\/\/cleartexdesign.com\/ro\/#website\",\"url\":\"https:\/\/cleartexdesign.com\/ro\/\",\"name\":\"cleartexdesign.com\",\"description\":\"Aluminum entrance matting solutions.\",\"publisher\":{\"@id\":\"https:\/\/cleartexdesign.com\/ro\/#organization\"},\"potentialAction\":[{\"@type\":\"SearchAction\",\"target\":{\"@type\":\"EntryPoint\",\"urlTemplate\":\"https:\/\/cleartexdesign.com\/ro\/?s={search_term_string}\"},\"query-input\":\"required name=search_term_string\"}],\"inLanguage\":\"ro-RO\"},{\"@type\":\"Organization\",\"@id\":\"https:\/\/cleartexdesign.com\/ro\/#organization\",\"name\":\"Cleartex Ltd.\",\"url\":\"https:\/\/cleartexdesign.com\/ro\/\",\"logo\":{\"@type\":\"ImageObject\",\"inLanguage\":\"ro-RO\",\"@id\":\"https:\/\/cleartexdesign.com\/ro\/#\/schema\/logo\/image\/\",\"url\":\"https:\/\/cleartexdesign.com\/wp-content\/uploads\/2022\/05\/Cleartex-logo-ENG-_INC-INV.jpg\",\"contentUrl\":\"https:\/\/cleartexdesign.com\/wp-content\/uploads\/2022\/05\/Cleartex-logo-ENG-_INC-INV.jpg\",\"width\":591,\"height\":177,\"caption\":\"Cleartex Ltd.\"},\"image\":{\"@id\":\"https:\/\/cleartexdesign.com\/ro\/#\/schema\/logo\/image\/\"}}]}<\/script>\n<!-- \/ Yoast SEO plugin. -->","yoast_head_json":{"title":"Alutrend Compact din profile de 10 mm - cleartexdesign.com","description":"Covora\u0219 profesional Alutrend Compact 10mm din profile de aluminiu. Pentru intr\u0103ri cu trafic redus. Poate fi instalat \u00een locul pl\u0103cilori de pavaj.","robots":{"index":"index","follow":"follow","max-snippet":"max-snippet:-1","max-image-preview":"max-image-preview:large","max-video-preview":"max-video-preview:-1"},"canonical":"https:\/\/cleartexdesign.com\/ro\/produs\/alutrend-compact-10-mm-profile\/","og_locale":"ro_RO","og_type":"article","og_title":"Alutrend Compact din profile de 10 mm - cleartexdesign.com","og_description":"Covora\u0219 profesional Alutrend Compact 10mm din profile de aluminiu. Pentru intr\u0103ri cu trafic redus. Poate fi instalat \u00een locul pl\u0103cilori de pavaj.","og_url":"https:\/\/cleartexdesign.com\/ro\/produs\/alutrend-compact-10-mm-profile\/","og_site_name":"cleartexdesign.com","article_modified_time":"2023-02-13T09:08:51+00:00","og_image":[{"width":600,"height":600,"url":"https:\/\/cleartexdesign.com\/wp-content\/uploads\/2022\/05\/Alutrend-10-Compact-03.jpg","type":"image\/jpeg"}],"twitter_card":"summary_large_image","twitter_misc":{"Timp estimat pentru citire":"2 minute"},"schema":{"@context":"https:\/\/schema.org","@graph":[{"@type":"WebPage","@id":"https:\/\/cleartexdesign.com\/ro\/produs\/alutrend-compact-10-mm-profile\/","url":"https:\/\/cleartexdesign.com\/ro\/produs\/alutrend-compact-10-mm-profile\/","name":"Alutrend Compact din profile de 10 mm - cleartexdesign.com","isPartOf":{"@id":"https:\/\/cleartexdesign.com\/ro\/#website"},"datePublished":"2022-04-07T19:12:08+00:00","dateModified":"2023-02-13T09:08:51+00:00","description":"Covora\u0219 profesional Alutrend Compact 10mm din profile de aluminiu. Pentru intr\u0103ri cu trafic redus. Poate fi instalat \u00een locul pl\u0103cilori de pavaj.","breadcrumb":{"@id":"https:\/\/cleartexdesign.com\/ro\/produs\/alutrend-compact-10-mm-profile\/#breadcrumb"},"inLanguage":"ro-RO","potentialAction":[{"@type":"ReadAction","target":["https:\/\/cleartexdesign.com\/ro\/produs\/alutrend-compact-10-mm-profile\/"]}]},{"@type":"BreadcrumbList","@id":"https:\/\/cleartexdesign.com\/ro\/produs\/alutrend-compact-10-mm-profile\/#breadcrumb","itemListElement":[{"@type":"ListItem","position":1,"name":"Home","item":"https:\/\/cleartexdesign.com\/ro\/"},{"@type":"ListItem","position":2,"name":"Showroom","item":"https:\/\/cleartexdesign.com\/ro\/magazin\/"},{"@type":"ListItem","position":3,"name":"Alutrend Compact din profile de 10 mm"}]},{"@type":"WebSite","@id":"https:\/\/cleartexdesign.com\/ro\/#website","url":"https:\/\/cleartexdesign.com\/ro\/","name":"cleartexdesign.com","description":"Aluminum entrance matting solutions.","publisher":{"@id":"https:\/\/cleartexdesign.com\/ro\/#organization"},"potentialAction":[{"@type":"SearchAction","target":{"@type":"EntryPoint","urlTemplate":"https:\/\/cleartexdesign.com\/ro\/?s={search_term_string}"},"query-input":"required name=search_term_string"}],"inLanguage":"ro-RO"},{"@type":"Organization","@id":"https:\/\/cleartexdesign.com\/ro\/#organization","name":"Cleartex Ltd.","url":"https:\/\/cleartexdesign.com\/ro\/","logo":{"@type":"ImageObject","inLanguage":"ro-RO","@id":"https:\/\/cleartexdesign.com\/ro\/#\/schema\/logo\/image\/","url":"https:\/\/cleartexdesign.com\/wp-content\/uploads\/2022\/05\/Cleartex-logo-ENG-_INC-INV.jpg","contentUrl":"https:\/\/cleartexdesign.com\/wp-content\/uploads\/2022\/05\/Cleartex-logo-ENG-_INC-INV.jpg","width":591,"height":177,"caption":"Cleartex Ltd."},"image":{"@id":"https:\/\/cleartexdesign.com\/ro\/#\/schema\/logo\/image\/"}}]}},"_links":{"self":[{"href":"https:\/\/cleartexdesign.com\/ro\/wp-json\/wp\/v2\/product\/11763","targetHints":{"allow":["GET"]}}],"collection":[{"href":"https:\/\/cleartexdesign.com\/ro\/wp-json\/wp\/v2\/product"}],"about":[{"href":"https:\/\/cleartexdesign.com\/ro\/wp-json\/wp\/v2\/types\/product"}],"wp:featuredmedia":[{"embeddable":true,"href":"https:\/\/cleartexdesign.com\/ro\/wp-json\/wp\/v2\/media\/4281"}],"wp:attachment":[{"href":"https:\/\/cleartexdesign.com\/ro\/wp-json\/wp\/v2\/media?parent=11763"}],"wp:term":[{"taxonomy":"product_cat","embeddable":true,"href":"https:\/\/cleartexdesign.com\/ro\/wp-json\/wp\/v2\/product_cat?post=11763"},{"taxonomy":"product_tag","embeddable":true,"href":"https:\/\/cleartexdesign.com\/ro\/wp-json\/wp\/v2\/product_tag?post=11763"}],"curies":[{"name":"wp","href":"https:\/\/api.w.org\/{rel}","templated":true}]}}