{"id":11241,"date":"2022-05-07T18:14:59","date_gmt":"2022-05-07T20:14:59","guid":{"rendered":"https:\/\/cleartexdesign.com\/product\/alulogomat-compact-profiluri-de10-mm\/"},"modified":"2023-02-13T06:25:37","modified_gmt":"2023-02-13T08:25:37","slug":"alulogomat-compact-profiluri-de10-mm","status":"publish","type":"product","link":"https:\/\/cleartexdesign.com\/ro\/produs\/alulogomat-compact-profiluri-de10-mm\/","title":{"rendered":"AluLogoMat Compact cu profile de10 mm"},"content":{"rendered":"<p>Sistemele de covora\u0219e profesionale imprimate pe baz\u0103 de Aluterend<sup>\u00ae<\/sup> Compact au fost dezvoltate \u0219i fabricate special pentru intr\u0103rile cu trafic mediu.<\/p>\n<p>Acest covora\u0219 profesional este optimizat\u0103 pentru cl\u0103diri publice, magazine \u0219i locuin\u021be cu trafic redus, precum \u0219i pentru birouri mici, unde traficul obi\u0219nuit nu dep\u0103\u0219e\u0219te 200 de persoane pe zi.<\/p>\n<p>Chiar \u0219i imaginile de calitate fotografic\u0103 pot fi proiectate pe covora\u0219e, dar trebuie calculate \u00een func\u021bie de distan\u021bele \u0219inelor de aluminiu. Aceasta \u00eenseamn\u0103 c\u0103 literele nu au voie s\u0103 aib\u0103 o \u00een\u0103l\u021bime mai mic\u0103 de 10 cm.<\/p>\n<div class=\"container section-title-container\" ><h3 class=\"section-title section-title-center\"><b><\/b><span class=\"section-title-main\" style=\"color:rgb(142, 40, 41);\">Trimite\u021bi-ne logo-ul, imaginea sau textul \u0219i vom crea pentru dvs. un covora\u0219 profesional imprimat de \u00eenalt\u0103 calitate.<\/span><b><\/b><\/h3><\/div>\n\t<div id=\"gap-221412549\" class=\"gap-element clearfix\" style=\"display:block; height:auto;\">\n\t\t\n<style>\n#gap-221412549 {\n  padding-top: 30px;\n}\n<\/style>\n\t<\/div>\n\t\n\n<div class=\"wpcf7 no-js\" id=\"wpcf7-f11819-o1\" lang=\"ro-RO\" dir=\"ltr\">\n<div class=\"screen-reader-response\"><p role=\"status\" aria-live=\"polite\" aria-atomic=\"true\"><\/p> <ul><\/ul><\/div>\n<form action=\"\/ro\/wp-json\/wp\/v2\/product\/11241#wpcf7-f11819-o1\" method=\"post\" class=\"wpcf7-form init\" aria-label=\"Formular de contact\" enctype=\"multipart\/form-data\" novalidate=\"novalidate\" data-status=\"init\">\n<div style=\"display: none;\">\n<input type=\"hidden\" name=\"_wpcf7\" value=\"11819\" \/>\n<input type=\"hidden\" name=\"_wpcf7_version\" value=\"5.8.6\" \/>\n<input type=\"hidden\" name=\"_wpcf7_locale\" value=\"ro_RO\" \/>\n<input type=\"hidden\" name=\"_wpcf7_unit_tag\" value=\"wpcf7-f11819-o1\" \/>\n<input type=\"hidden\" name=\"_wpcf7_container_post\" value=\"0\" \/>\n<input type=\"hidden\" name=\"_wpcf7_posted_data_hash\" value=\"\" \/>\n<input type=\"hidden\" name=\"_wpcf7_recaptcha_response\" value=\"\" \/>\n<\/div>\n<div class=\"form-flat\">\n\t<p><span class=\"wpcf7-form-control-wrap\" data-name=\"your-name\"><input size=\"40\" class=\"wpcf7-form-control wpcf7-text wpcf7-validates-as-required\" aria-required=\"true\" aria-invalid=\"false\" placeholder=\"Nume (obligatoriu)\" value=\"\" type=\"text\" name=\"your-name\" \/><\/span>\n\t<\/p>\n\t<p><span class=\"wpcf7-form-control-wrap\" data-name=\"company\"><input size=\"40\" class=\"wpcf7-form-control wpcf7-text wpcf7-validates-as-required\" aria-required=\"true\" aria-invalid=\"false\" placeholder=\"Numele companiei (obligatoriu)\" value=\"\" type=\"text\" name=\"company\" \/><\/span>\n\t<\/p>\n\t<p><span class=\"wpcf7-form-control-wrap\" data-name=\"job\"><input size=\"40\" class=\"wpcf7-form-control wpcf7-text wpcf7-validates-as-required\" aria-required=\"true\" aria-invalid=\"false\" placeholder=\"Pozi\u021bia (obligatoriu)\" value=\"\" type=\"text\" name=\"job\" \/><\/span>\n\t<\/p>\n\t<p><span class=\"wpcf7-form-control-wrap\" data-name=\"your-email\"><input size=\"40\" class=\"wpcf7-form-control wpcf7-email wpcf7-validates-as-required wpcf7-text wpcf7-validates-as-email\" aria-required=\"true\" aria-invalid=\"false\" placeholder=\"Adresa de e-mail (obligatoriu)\" value=\"\" type=\"email\" name=\"your-email\" \/><\/span>\n\t<\/p>\n\t<p><span class=\"wpcf7-form-control-wrap\" data-name=\"tel-847\"><input size=\"40\" class=\"wpcf7-form-control wpcf7-tel wpcf7-text wpcf7-validates-as-tel\" aria-invalid=\"false\" placeholder=\"Num\u0103r de telefon (obligatoriu)\" value=\"\" type=\"tel\" name=\"tel-847\" \/><\/span>\n\t<\/p>\n\t<p><span class=\"wpcf7-form-control-wrap\" data-name=\"your-message\"><textarea cols=\"40\" rows=\"10\" class=\"wpcf7-form-control wpcf7-textarea\" aria-invalid=\"false\" placeholder=\"Mesaj (obligatoriu)\" name=\"your-message\"><\/textarea><\/span>\n\t<\/p>\n\t<p>\u00cenc\u0103rcarea de fi\u0219iere (imagine, logo, text, etc.)\n\t<\/p>\n\t<p><span class=\"wpcf7-form-control-wrap\" data-name=\"file-224\"><input size=\"40\" class=\"wpcf7-form-control wpcf7-file\" accept=\".jpg,.png,.pdf,.doc\" aria-invalid=\"false\" type=\"file\" name=\"file-224\" \/><\/span>\n\t<\/p>\n\t<p><span class=\"wpcf7-form-control-wrap\" data-name=\"acceptance-361\"><span class=\"wpcf7-form-control wpcf7-acceptance\"><span class=\"wpcf7-list-item\"><label><input type=\"checkbox\" name=\"acceptance-361\" value=\"1\" aria-invalid=\"false\" \/><span class=\"wpcf7-list-item-label\">Accept <a href=\"https:\/\/cleartexdesign.com\/ro\/politica-de-confidentialitate\/\" target=\"_blank\"><u><i>Notificarea de confiden\u021bialitate.<\/i><\/u><\/a><\/span><\/label><\/span><\/span><\/span>\n\t<\/p>\n\t<p><span id=\"wpcf7-69df1c7a36865-wrapper\" class=\"wpcf7-form-control-wrap honeypot-alulogomat-wrap\" style=\"display:none !important; visibility:hidden !important;\"><label for=\"wpcf7-69df1c7a36865-field\" class=\"hp-message\">Please leave this field empty.<\/label><input id=\"wpcf7-69df1c7a36865-field\"  class=\"wpcf7-form-control wpcf7-text\" type=\"text\" name=\"honeypot-alulogomat\" value=\"\" size=\"40\" tabindex=\"-1\" autocomplete=\"new-password\" \/><\/span>\n\t<\/p>\n\t<p><input class=\"wpcf7-form-control wpcf7-submit has-spinner button\" type=\"submit\" value=\"De trimis\" \/>\n\t<\/p>\n<\/div><div class=\"wpcf7-response-output\" aria-hidden=\"true\"><\/div>\n<\/form>\n<\/div>\n\n","protected":false},"excerpt":{"rendered":"<p><strong>AluLogoMat Compact cu profile de10 mm avantaje principale:<\/strong><\/p>\n<ul>\n<li>10-11 mm grosime medie<\/li>\n<li>Aliaj de aluminiu extrem de durabil cu duritate F25<\/li>\n<li>Suprafe\u021be textile imprimate la comand\u0103, pentru interior<\/li>\n<li>Pentru un trafic pietonal zilnic de mai pu\u021bin de 200 de persoane<\/li>\n<li>\u00cendepline\u0219te cel mai \u00eenalt standard de rezisten\u021b\u0103 la foc: Bfl-s1<\/li>\n<li>Recomandat pentru zonele cu trafic mediu<\/li>\n<li>Poate fi instalat \u00een podea cu un cadru, \u00eencastrat<\/li>\n<\/ul>\n","protected":false},"featured_media":4301,"template":"","meta":[],"product_cat":[402],"product_tag":[],"class_list":{"0":"post-11241","1":"product","2":"type-product","3":"status-publish","4":"has-post-thumbnail","6":"product_cat-alulogomat-ro","8":"first","9":"instock","10":"shipping-taxable","11":"product-type-simple"},"yoast_head":"<!-- This site is optimized with the Yoast SEO plugin v21.9 - https:\/\/yoast.com\/wordpress\/plugins\/seo\/ -->\n<title>AluLogoMat Compact cu profile de10 mm -<\/title>\n<meta name=\"description\" content=\"Covora\u0219 profesional AluLogoMat Compact 10mm din aluminiu, cu grafic\u0103 unic\u0103. Instalarea la intr\u0103rile \u00een cl\u0103diri. Pot crea o armonie cu interiorul cl\u0103diri.\" \/>\n<meta name=\"robots\" content=\"index, follow, max-snippet:-1, max-image-preview:large, max-video-preview:-1\" \/>\n<link rel=\"canonical\" href=\"https:\/\/cleartexdesign.com\/ro\/produs\/alulogomat-compact-profiluri-de10-mm\/\" \/>\n<meta property=\"og:locale\" content=\"ro_RO\" \/>\n<meta property=\"og:type\" content=\"article\" \/>\n<meta property=\"og:title\" content=\"AluLogoMat Compact cu profile de10 mm -\" \/>\n<meta property=\"og:description\" content=\"Covora\u0219 profesional AluLogoMat Compact 10mm din aluminiu, cu grafic\u0103 unic\u0103. Instalarea la intr\u0103rile \u00een cl\u0103diri. Pot crea o armonie cu interiorul cl\u0103diri.\" \/>\n<meta property=\"og:url\" content=\"https:\/\/cleartexdesign.com\/ro\/produs\/alulogomat-compact-profiluri-de10-mm\/\" \/>\n<meta property=\"og:site_name\" content=\"cleartexdesign.com\" \/>\n<meta property=\"article:modified_time\" content=\"2023-02-13T08:25:37+00:00\" \/>\n<meta property=\"og:image\" content=\"https:\/\/cleartexdesign.com\/wp-content\/uploads\/2022\/05\/lovacska_V1.jpg\" \/>\n\t<meta property=\"og:image:width\" content=\"600\" \/>\n\t<meta property=\"og:image:height\" content=\"600\" \/>\n\t<meta property=\"og:image:type\" content=\"image\/jpeg\" \/>\n<meta name=\"twitter:card\" content=\"summary_large_image\" \/>\n<meta name=\"twitter:label1\" content=\"Timp estimat pentru citire\" \/>\n\t<meta name=\"twitter:data1\" content=\"1 minut\" \/>\n<script type=\"application\/ld+json\" class=\"yoast-schema-graph\">{\"@context\":\"https:\/\/schema.org\",\"@graph\":[{\"@type\":\"WebPage\",\"@id\":\"https:\/\/cleartexdesign.com\/ro\/produs\/alulogomat-compact-profiluri-de10-mm\/\",\"url\":\"https:\/\/cleartexdesign.com\/ro\/produs\/alulogomat-compact-profiluri-de10-mm\/\",\"name\":\"AluLogoMat Compact cu profile de10 mm -\",\"isPartOf\":{\"@id\":\"https:\/\/cleartexdesign.com\/ro\/#website\"},\"datePublished\":\"2022-05-07T20:14:59+00:00\",\"dateModified\":\"2023-02-13T08:25:37+00:00\",\"description\":\"Covora\u0219 profesional AluLogoMat Compact 10mm din aluminiu, cu grafic\u0103 unic\u0103. Instalarea la intr\u0103rile \u00een cl\u0103diri. Pot crea o armonie cu interiorul cl\u0103diri.\",\"breadcrumb\":{\"@id\":\"https:\/\/cleartexdesign.com\/ro\/produs\/alulogomat-compact-profiluri-de10-mm\/#breadcrumb\"},\"inLanguage\":\"ro-RO\",\"potentialAction\":[{\"@type\":\"ReadAction\",\"target\":[\"https:\/\/cleartexdesign.com\/ro\/produs\/alulogomat-compact-profiluri-de10-mm\/\"]}]},{\"@type\":\"BreadcrumbList\",\"@id\":\"https:\/\/cleartexdesign.com\/ro\/produs\/alulogomat-compact-profiluri-de10-mm\/#breadcrumb\",\"itemListElement\":[{\"@type\":\"ListItem\",\"position\":1,\"name\":\"Home\",\"item\":\"https:\/\/cleartexdesign.com\/ro\/\"},{\"@type\":\"ListItem\",\"position\":2,\"name\":\"Showroom\",\"item\":\"https:\/\/cleartexdesign.com\/ro\/magazin\/\"},{\"@type\":\"ListItem\",\"position\":3,\"name\":\"AluLogoMat Compact cu profile de10 mm\"}]},{\"@type\":\"WebSite\",\"@id\":\"https:\/\/cleartexdesign.com\/ro\/#website\",\"url\":\"https:\/\/cleartexdesign.com\/ro\/\",\"name\":\"cleartexdesign.com\",\"description\":\"Aluminum entrance matting solutions.\",\"publisher\":{\"@id\":\"https:\/\/cleartexdesign.com\/ro\/#organization\"},\"potentialAction\":[{\"@type\":\"SearchAction\",\"target\":{\"@type\":\"EntryPoint\",\"urlTemplate\":\"https:\/\/cleartexdesign.com\/ro\/?s={search_term_string}\"},\"query-input\":\"required name=search_term_string\"}],\"inLanguage\":\"ro-RO\"},{\"@type\":\"Organization\",\"@id\":\"https:\/\/cleartexdesign.com\/ro\/#organization\",\"name\":\"Cleartex Ltd.\",\"url\":\"https:\/\/cleartexdesign.com\/ro\/\",\"logo\":{\"@type\":\"ImageObject\",\"inLanguage\":\"ro-RO\",\"@id\":\"https:\/\/cleartexdesign.com\/ro\/#\/schema\/logo\/image\/\",\"url\":\"https:\/\/cleartexdesign.com\/wp-content\/uploads\/2022\/05\/Cleartex-logo-ENG-_INC-INV.jpg\",\"contentUrl\":\"https:\/\/cleartexdesign.com\/wp-content\/uploads\/2022\/05\/Cleartex-logo-ENG-_INC-INV.jpg\",\"width\":591,\"height\":177,\"caption\":\"Cleartex Ltd.\"},\"image\":{\"@id\":\"https:\/\/cleartexdesign.com\/ro\/#\/schema\/logo\/image\/\"}}]}<\/script>\n<!-- \/ Yoast SEO plugin. -->","yoast_head_json":{"title":"AluLogoMat Compact cu profile de10 mm -","description":"Covora\u0219 profesional AluLogoMat Compact 10mm din aluminiu, cu grafic\u0103 unic\u0103. Instalarea la intr\u0103rile \u00een cl\u0103diri. Pot crea o armonie cu interiorul cl\u0103diri.","robots":{"index":"index","follow":"follow","max-snippet":"max-snippet:-1","max-image-preview":"max-image-preview:large","max-video-preview":"max-video-preview:-1"},"canonical":"https:\/\/cleartexdesign.com\/ro\/produs\/alulogomat-compact-profiluri-de10-mm\/","og_locale":"ro_RO","og_type":"article","og_title":"AluLogoMat Compact cu profile de10 mm -","og_description":"Covora\u0219 profesional AluLogoMat Compact 10mm din aluminiu, cu grafic\u0103 unic\u0103. Instalarea la intr\u0103rile \u00een cl\u0103diri. Pot crea o armonie cu interiorul cl\u0103diri.","og_url":"https:\/\/cleartexdesign.com\/ro\/produs\/alulogomat-compact-profiluri-de10-mm\/","og_site_name":"cleartexdesign.com","article_modified_time":"2023-02-13T08:25:37+00:00","og_image":[{"width":600,"height":600,"url":"https:\/\/cleartexdesign.com\/wp-content\/uploads\/2022\/05\/lovacska_V1.jpg","type":"image\/jpeg"}],"twitter_card":"summary_large_image","twitter_misc":{"Timp estimat pentru citire":"1 minut"},"schema":{"@context":"https:\/\/schema.org","@graph":[{"@type":"WebPage","@id":"https:\/\/cleartexdesign.com\/ro\/produs\/alulogomat-compact-profiluri-de10-mm\/","url":"https:\/\/cleartexdesign.com\/ro\/produs\/alulogomat-compact-profiluri-de10-mm\/","name":"AluLogoMat Compact cu profile de10 mm -","isPartOf":{"@id":"https:\/\/cleartexdesign.com\/ro\/#website"},"datePublished":"2022-05-07T20:14:59+00:00","dateModified":"2023-02-13T08:25:37+00:00","description":"Covora\u0219 profesional AluLogoMat Compact 10mm din aluminiu, cu grafic\u0103 unic\u0103. Instalarea la intr\u0103rile \u00een cl\u0103diri. Pot crea o armonie cu interiorul cl\u0103diri.","breadcrumb":{"@id":"https:\/\/cleartexdesign.com\/ro\/produs\/alulogomat-compact-profiluri-de10-mm\/#breadcrumb"},"inLanguage":"ro-RO","potentialAction":[{"@type":"ReadAction","target":["https:\/\/cleartexdesign.com\/ro\/produs\/alulogomat-compact-profiluri-de10-mm\/"]}]},{"@type":"BreadcrumbList","@id":"https:\/\/cleartexdesign.com\/ro\/produs\/alulogomat-compact-profiluri-de10-mm\/#breadcrumb","itemListElement":[{"@type":"ListItem","position":1,"name":"Home","item":"https:\/\/cleartexdesign.com\/ro\/"},{"@type":"ListItem","position":2,"name":"Showroom","item":"https:\/\/cleartexdesign.com\/ro\/magazin\/"},{"@type":"ListItem","position":3,"name":"AluLogoMat Compact cu profile de10 mm"}]},{"@type":"WebSite","@id":"https:\/\/cleartexdesign.com\/ro\/#website","url":"https:\/\/cleartexdesign.com\/ro\/","name":"cleartexdesign.com","description":"Aluminum entrance matting solutions.","publisher":{"@id":"https:\/\/cleartexdesign.com\/ro\/#organization"},"potentialAction":[{"@type":"SearchAction","target":{"@type":"EntryPoint","urlTemplate":"https:\/\/cleartexdesign.com\/ro\/?s={search_term_string}"},"query-input":"required name=search_term_string"}],"inLanguage":"ro-RO"},{"@type":"Organization","@id":"https:\/\/cleartexdesign.com\/ro\/#organization","name":"Cleartex Ltd.","url":"https:\/\/cleartexdesign.com\/ro\/","logo":{"@type":"ImageObject","inLanguage":"ro-RO","@id":"https:\/\/cleartexdesign.com\/ro\/#\/schema\/logo\/image\/","url":"https:\/\/cleartexdesign.com\/wp-content\/uploads\/2022\/05\/Cleartex-logo-ENG-_INC-INV.jpg","contentUrl":"https:\/\/cleartexdesign.com\/wp-content\/uploads\/2022\/05\/Cleartex-logo-ENG-_INC-INV.jpg","width":591,"height":177,"caption":"Cleartex Ltd."},"image":{"@id":"https:\/\/cleartexdesign.com\/ro\/#\/schema\/logo\/image\/"}}]}},"_links":{"self":[{"href":"https:\/\/cleartexdesign.com\/ro\/wp-json\/wp\/v2\/product\/11241","targetHints":{"allow":["GET"]}}],"collection":[{"href":"https:\/\/cleartexdesign.com\/ro\/wp-json\/wp\/v2\/product"}],"about":[{"href":"https:\/\/cleartexdesign.com\/ro\/wp-json\/wp\/v2\/types\/product"}],"wp:featuredmedia":[{"embeddable":true,"href":"https:\/\/cleartexdesign.com\/ro\/wp-json\/wp\/v2\/media\/4301"}],"wp:attachment":[{"href":"https:\/\/cleartexdesign.com\/ro\/wp-json\/wp\/v2\/media?parent=11241"}],"wp:term":[{"taxonomy":"product_cat","embeddable":true,"href":"https:\/\/cleartexdesign.com\/ro\/wp-json\/wp\/v2\/product_cat?post=11241"},{"taxonomy":"product_tag","embeddable":true,"href":"https:\/\/cleartexdesign.com\/ro\/wp-json\/wp\/v2\/product_tag?post=11241"}],"curies":[{"name":"wp","href":"https:\/\/api.w.org\/{rel}","templated":true}]}}