{"id":20991,"date":"2025-09-09T05:09:53","date_gmt":"2025-09-09T07:09:53","guid":{"rendered":"https:\/\/cleartexdesign.com\/?post_type=product&#038;p=20991"},"modified":"2025-09-09T10:56:15","modified_gmt":"2025-09-09T12:56:15","slug":"alutrend-plank-17","status":"publish","type":"product","link":"https:\/\/cleartexdesign.com\/hu\/termek\/alutrend-plank-17\/","title":{"rendered":"ALUTREND\u00ae PLANK 17"},"content":{"rendered":"<p style=\"text-align: left;\">Az <strong>Alutrend<sup>\u00ae<\/sup> Plank 17<\/strong> a Cleartex saj\u00e1t fejleszt\u00e9s\u0171, z\u00e1rt rendszer\u0171 szennyfog\u00f3 megold\u00e1sa, amely a funkcionalit\u00e1st, az eszt\u00e9tikai \u00e9rt\u00e9ket \u00e9s a hossz\u00fa t\u00e1v\u00fa tart\u00f3ss\u00e1got \u00f6tv\u00f6zi. A z\u00e1rt rendszer\u0171 alum\u00edniums\u00ednes szennyfog\u00f3 rendszer fejleszt\u00e9se sor\u00e1n \u00e1ttekintett\u00fck a tervez\u00e9si, gy\u00e1rt\u00e1si, telep\u00edt\u00e9si \u00e9s karbantart\u00e1si folyamatokat.<\/p>\n<p style=\"text-align: left;\">Mindezek alapj\u00e1n tervezt\u00fck meg a term\u00e9kcsal\u00e1d koncepci\u00f3j\u00e1t, amely \u00f6tv\u00f6zi a t\u00f6bb mint 15 \u00e9ves gy\u00e1rt\u00f3i tapasztalatot, az egyedi kreat\u00edv term\u00e9kfejleszt\u00e9st \u00e9s a k\u00f6rnyezettudatos gondolkod\u00e1st.<\/p>\n<div class=\"row align-middle\"  id=\"row-651629524\">\n\n\t<div id=\"col-484377780\" class=\"col medium-6 small-12 large-6\"  >\n\t\t\t\t<div class=\"col-inner\"  >\n\t\t\t\n\t\t\t\n\t<div class=\"img has-hover x md-x lg-x y md-y lg-y\" id=\"image_1030678309\">\n\t\t\t\t\t\t\t\t<div class=\"img-inner dark\" >\n\t\t\t<img loading=\"lazy\" decoding=\"async\" width=\"800\" height=\"534\" src=\"https:\/\/cleartexdesign.com\/wp-content\/uploads\/2025\/09\/AluTrend-Plank-17-6.webp\" class=\"attachment-large size-large\" alt=\"\" srcset=\"https:\/\/cleartexdesign.com\/wp-content\/uploads\/2025\/09\/AluTrend-Plank-17-6.webp 800w, https:\/\/cleartexdesign.com\/wp-content\/uploads\/2025\/09\/AluTrend-Plank-17-6-599x400.webp 599w, https:\/\/cleartexdesign.com\/wp-content\/uploads\/2025\/09\/AluTrend-Plank-17-6-768x513.webp 768w, https:\/\/cleartexdesign.com\/wp-content\/uploads\/2025\/09\/AluTrend-Plank-17-6-600x401.webp 600w\" sizes=\"auto, (max-width: 800px) 100vw, 800px\" \/>\t\t\t\t\t\t\n\t\t\t\t\t<\/div>\n\t\t\t\t\t\t\t\t\n<style>\n#image_1030678309 {\n  width: 100%;\n}\n<\/style>\n\t<\/div>\n\t\n\t\t<\/div>\n\t\t\t\t\t<\/div>\n\n\t\n\n\t<div id=\"col-1884483132\" class=\"col medium-6 small-12 large-6\"  >\n\t\t\t\t<div class=\"col-inner\"  >\n\t\t\t\n\t\t\t\n<p><span data-text-color=\"primary\"><strong>SZ\u00c9LESK\u00d6R\u0170 ALKALMAZHAT\u00d3S\u00c1G<\/strong><\/span><\/p>\n<p>Modern kialak\u00edt\u00e1sa r\u00e9v\u00e9n t\u00f6k\u00e9letesen illeszkedik irodah\u00e1zak, k\u00f6zint\u00e9zm\u00e9nyek, kereskedelmi terek vagy t\u00e1rsash\u00e1zak bej\u00e1rati z\u00f3n\u00e1ihoz.<\/p>\n<p>A k\u00fcl\u00f6nf\u00e9le form\u00e1kban gy\u00e1rthat\u00f3 padl\u00f3burkolati rendszer szinte b\u00e1rmilyen \u00e9p\u00edt\u00e9szeti koncepci\u00f3hoz adapt\u00e1lhat\u00f3, mik\u00f6zben hat\u00e9konyan v\u00e9di az \u00e9p\u00fclet bels\u0151 tereit a szennyez\u0151d\u00e9sekt\u0151l \u00e9s nedvess\u00e9gt\u0151l.<\/p>\n\t\t<\/div>\n\t\t\t\t\t<\/div>\n\n\t\n<\/div>\n<p>Az<strong> Alutrend<sup>\u00ae<\/sup> Plank 17<\/strong> modul\u00e1ris fel\u00e9p\u00edt\u00e9se lehet\u0151v\u00e9 teszi a k\u00f6nny\u0171 sz\u00e1ll\u00edt\u00e1st, t\u00e1rol\u00e1st \u00e9s gyors telep\u00edt\u00e9st. A z\u00e1rt szerkezet nemcsak eszt\u00e9tikus, hanem egyszer\u0171en tiszt\u00edthat\u00f3 is, mik\u00f6zben a prec\u00edz illeszt\u00e9sek egys\u00e9ges, r\u00e9smentes fel\u00fcletet biztos\u00edtanak. A rendszer t\u0171sarokbiztos, balesetmentes k\u00f6zleked\u00e9st tesz lehet\u0151v\u00e9, \u00e9s a s\u00e9r\u00fclt elemek cser\u00e9je k\u00fcl\u00f6n modulonk\u00e9nt is megoldhat\u00f3.<\/p>\n\n  <div class=\"banner has-hover\" id=\"banner-945631731\">\n          <div class=\"banner-inner fill\">\n        <div class=\"banner-bg fill\" >\n            <div class=\"bg fill bg-fill \"><\/div>\n                                    \n                    <\/div>\n\t\t\n        <div class=\"banner-layers container\">\n            <div class=\"fill banner-link\"><\/div>            \n        <\/div>\n      <\/div>\n\n            \n<style>\n#banner-945631731 {\n  padding-top: 300px;\n}\n#banner-945631731 .bg.bg-loaded {\n  background-image: url(https:\/\/cleartexdesign.com\/wp-content\/uploads\/2025\/09\/AluTrend-Plank-17-5.webp);\n}\n#banner-945631731 .bg {\n  background-position: 50% 67%;\n}\n<\/style>\n  <\/div>\n\n\n<div class=\"container section-title-container\" ><h3 class=\"section-title section-title-center\"><b><\/b><span class=\"section-title-main\" style=\"color:rgb(142, 40, 41);\">Standard modul m\u00e9retek<\/span><b><\/b><\/h3><\/div>\n\n  <div class=\"banner has-hover\" id=\"banner-1132669608\">\n          <div class=\"banner-inner fill\">\n        <div class=\"banner-bg fill\" >\n            <div class=\"bg fill bg-fill \"><\/div>\n                                    \n                    <\/div>\n\t\t\n        <div class=\"banner-layers container\">\n            <div class=\"fill banner-link\"><\/div>            \n        <\/div>\n      <\/div>\n\n              <div class=\"height-fix is-invisible\"><img loading=\"lazy\" decoding=\"async\" width=\"1020\" height=\"486\" src=\"https:\/\/cleartexdesign.com\/wp-content\/uploads\/2025\/09\/AluTrend-Plank-standard-meretek-1400x667.webp\" class=\"attachment-large size-large\" alt=\"\" srcset=\"https:\/\/cleartexdesign.com\/wp-content\/uploads\/2025\/09\/AluTrend-Plank-standard-meretek-1400x667.webp 1400w, https:\/\/cleartexdesign.com\/wp-content\/uploads\/2025\/09\/AluTrend-Plank-standard-meretek-800x381.webp 800w, https:\/\/cleartexdesign.com\/wp-content\/uploads\/2025\/09\/AluTrend-Plank-standard-meretek-768x366.webp 768w, https:\/\/cleartexdesign.com\/wp-content\/uploads\/2025\/09\/AluTrend-Plank-standard-meretek-1536x731.webp 1536w, https:\/\/cleartexdesign.com\/wp-content\/uploads\/2025\/09\/AluTrend-Plank-standard-meretek-2048x975.webp 2048w, https:\/\/cleartexdesign.com\/wp-content\/uploads\/2025\/09\/AluTrend-Plank-standard-meretek-600x286.webp 600w\" sizes=\"auto, (max-width: 1020px) 100vw, 1020px\" \/><\/div>\n            \n<style>\n#banner-1132669608 .bg.bg-loaded {\n  background-image: url(https:\/\/cleartexdesign.com\/wp-content\/uploads\/2025\/09\/AluTrend-Plank-standard-meretek-1400x667.webp);\n}\n#banner-1132669608 .bg {\n  background-position: 48% 51%;\n}\n<\/style>\n  <\/div>\n\n\n<div class=\"container section-title-container\" ><h3 class=\"section-title section-title-center\"><b><\/b><span class=\"section-title-main\" style=\"color:rgb(142, 40, 41);\">Egyedi design modulok<\/span><b><\/b><\/h3><\/div>\n\n  <div class=\"banner has-hover\" id=\"banner-785999148\">\n          <div class=\"banner-inner fill\">\n        <div class=\"banner-bg fill\" >\n            <div class=\"bg fill bg-fill \"><\/div>\n                                    \n                    <\/div>\n\t\t\n        <div class=\"banner-layers container\">\n            <div class=\"fill banner-link\"><\/div>            \n        <\/div>\n      <\/div>\n\n              <div class=\"height-fix is-invisible\"><img loading=\"lazy\" decoding=\"async\" width=\"1020\" height=\"146\" src=\"https:\/\/cleartexdesign.com\/wp-content\/uploads\/2025\/09\/AluTrend-Plank-egyedi-modul-elemek-e1757417622480-1400x200.webp\" class=\"attachment-large size-large\" alt=\"\" srcset=\"https:\/\/cleartexdesign.com\/wp-content\/uploads\/2025\/09\/AluTrend-Plank-egyedi-modul-elemek-e1757417622480-1400x200.webp 1400w, https:\/\/cleartexdesign.com\/wp-content\/uploads\/2025\/09\/AluTrend-Plank-egyedi-modul-elemek-e1757417622480-800x114.webp 800w, https:\/\/cleartexdesign.com\/wp-content\/uploads\/2025\/09\/AluTrend-Plank-egyedi-modul-elemek-e1757417622480-768x110.webp 768w, https:\/\/cleartexdesign.com\/wp-content\/uploads\/2025\/09\/AluTrend-Plank-egyedi-modul-elemek-e1757417622480-1536x219.webp 1536w, https:\/\/cleartexdesign.com\/wp-content\/uploads\/2025\/09\/AluTrend-Plank-egyedi-modul-elemek-e1757417622480-2048x292.webp 2048w, https:\/\/cleartexdesign.com\/wp-content\/uploads\/2025\/09\/AluTrend-Plank-egyedi-modul-elemek-e1757417622480-600x86.webp 600w\" sizes=\"auto, (max-width: 1020px) 100vw, 1020px\" \/><\/div>\n            \n<style>\n#banner-785999148 .bg.bg-loaded {\n  background-image: url(https:\/\/cleartexdesign.com\/wp-content\/uploads\/2025\/09\/AluTrend-Plank-egyedi-modul-elemek-e1757417622480-1400x200.webp);\n}\n#banner-785999148 .bg {\n  background-position: 47% 52%;\n}\n<\/style>\n  <\/div>\n\n\n\t<div id=\"gap-1617870901\" class=\"gap-element clearfix\" style=\"display:block; height:auto;\">\n\t\t\n<style>\n#gap-1617870901 {\n  padding-top: 30px;\n}\n<\/style>\n\t<\/div>\n\t\n<div class=\"container section-title-container\" ><h3 class=\"section-title section-title-center\"><b><\/b><span class=\"section-title-main\" style=\"color:rgb(142, 40, 41);\">N\u00e9h\u00e1ny v\u00e1laszthat\u00f3 modulfel\u00fclet<\/span><b><\/b><\/h3><\/div>\n<p>Az <strong>Alutrend<sup>\u00ae<\/sup> Plank 17<\/strong> kefe, gumi, textil j\u00e1r\u00f3fel\u00fcletekkel, valamint ezek kombin\u00e1ci\u00f3j\u00e1val rendelhet\u0151, legyen sz\u00f3 k\u00fclt\u00e9rre \u00e9s\/ vagy belt\u00e9rre t\u00f6rt\u00e9n\u0151 telep\u00edt\u00e9sr\u0151l.<\/p>\n\t<div class=\"img has-hover x md-x lg-x y md-y lg-y\" id=\"image_1832349792\">\n\t\t\t\t\t\t\t\t<div class=\"img-inner dark\" >\n\t\t\t<img loading=\"lazy\" decoding=\"async\" width=\"1020\" height=\"340\" src=\"https:\/\/cleartexdesign.com\/wp-content\/uploads\/2025\/09\/AluTrend-Plank-jarofelulezek-HU.webp\" class=\"attachment-large size-large\" alt=\"\" srcset=\"https:\/\/cleartexdesign.com\/wp-content\/uploads\/2025\/09\/AluTrend-Plank-jarofelulezek-HU.webp 1200w, https:\/\/cleartexdesign.com\/wp-content\/uploads\/2025\/09\/AluTrend-Plank-jarofelulezek-HU-800x267.webp 800w, https:\/\/cleartexdesign.com\/wp-content\/uploads\/2025\/09\/AluTrend-Plank-jarofelulezek-HU-768x256.webp 768w, https:\/\/cleartexdesign.com\/wp-content\/uploads\/2025\/09\/AluTrend-Plank-jarofelulezek-HU-600x200.webp 600w\" sizes=\"auto, (max-width: 1020px) 100vw, 1020px\" \/>\t\t\t\t\t\t\n\t\t\t\t\t<\/div>\n\t\t\t\t\t\t\t\t\n<style>\n#image_1832349792 {\n  width: 100%;\n}\n<\/style>\n\t<\/div>\n\t\n\t<div id=\"gap-1884767129\" class=\"gap-element clearfix\" style=\"display:block; height:auto;\">\n\t\t\n<style>\n#gap-1884767129 {\n  padding-top: 30px;\n}\n<\/style>\n\t<\/div>\n\t\n<div class=\"container section-title-container\" ><h3 class=\"section-title section-title-center\"><b><\/b><span class=\"section-title-main\" style=\"color:rgb(142, 40, 41);\">inspir\u00e1l\u00f3 bej\u00e1ratok<\/span><b><\/b><\/h3><\/div>\n<p>A Cleartex AluTrend<sup>\u00ae<\/sup> Plank 17 modul\u00e1ris szennyfog\u00f3 rendszeri nem korl\u00e1tozz\u00e1k, hanem inspir\u00e1lj\u00e1k az \u00e9p\u00edt\u00e9szeti kreativit\u00e1st. Szinte korl\u00e1tlan tervez\u0151i szabads\u00e1got k\u00edn\u00e1lnak az egyedi kialak\u00edt\u00e1s \u00e9s sz\u00ednkombin\u00e1ci\u00f3k meg\u00e1lmod\u00e1s\u00e1hoz az \u00e9p\u00fcletbej\u00e1ratokban.<\/p>\n\t<div id=\"gap-683225274\" class=\"gap-element clearfix\" style=\"display:block; height:auto;\">\n\t\t\n<style>\n#gap-683225274 {\n  padding-top: 30px;\n}\n<\/style>\n\t<\/div>\n\t\n\n  <div class=\"banner has-hover\" id=\"banner-640079631\">\n          <div class=\"banner-inner fill\">\n        <div class=\"banner-bg fill\" >\n            <div class=\"bg fill bg-fill \"><\/div>\n                                    \n                    <\/div>\n\t\t\n        <div class=\"banner-layers container\">\n            <div class=\"fill banner-link\"><\/div>            \n        <\/div>\n      <\/div>\n\n            \n<style>\n#banner-640079631 {\n  padding-top: 400px;\n}\n#banner-640079631 .bg.bg-loaded {\n  background-image: url(https:\/\/cleartexdesign.com\/wp-content\/uploads\/2025\/09\/AluTrend-Plank-17-9-1067x800.webp);\n}\n#banner-640079631 .bg {\n  background-position: 43% 60%;\n}\n<\/style>\n  <\/div>\n\n\n<div class=\"row align-middle\"  id=\"row-1104881825\">\n\n\t<div id=\"col-348145830\" class=\"col medium-8 small-12 large-8\"  >\n\t\t\t\t<div class=\"col-inner text-center\"  >\n\t\t\t\n\t\t\t\n<div class=\"container section-title-container\" ><h3 class=\"section-title section-title-center\"><b><\/b><span class=\"section-title-main\" style=\"color:rgb(142, 40, 41);\">Tervezzen b\u00e1tran!<\/span><b><\/b><\/h3><\/div>\n<p style=\"text-align: left;\"><strong>Legyen sz\u00f3 klasszikus eleganci\u00e1r\u00f3l vagy kort\u00e1rs minimalizmusr\u00f3l, szinte minden \u00f6tlet megval\u00f3s\u00edthat\u00f3!<\/strong><br \/>Tervezzen b\u00e1tran, \u00e9s alak\u00edtson ki olyan \u00e9p\u00fcletbej\u00e1ratot, amely nemcsak a tisztas\u00e1got szolg\u00e1lja, hanem egyedi vizu\u00e1lis \u00e9lm\u00e9nyt is ny\u00fajt. Amely nemcsak illeszkedik, hanem kiemel, karaktert ad \u00e9s meghat\u00e1roz.<\/p>\n<ul>\n<li style=\"text-align: left;\"><strong>Egyedi formavil\u00e1g<\/strong>: A hagyom\u00e1nyos plank elemek mellett lehet\u0151s\u00e9g van egyedi gy\u00e1rt\u00e1s\u00fa megold\u00e1sokra, p\u00e9ld\u00e1ul k\u00f6r alak\u00fa forg\u00f3ajt\u00f3khoz, trap\u00e9z vagy paralelogramma mint\u00e1zatokhoz, amelyekkel karakteres terek alak\u00edthat\u00f3k ki.<\/li>\n<li style=\"text-align: left;\"><strong>Tervez\u00e9si szabads\u00e1g:<\/strong> A Cleartex modul\u00e1ris rendszerei maxim\u00e1lis szabads\u00e1got biztos\u00edtanak az anyagv\u00e1laszt\u00e1sban, form\u00e1kban \u00e9s designban \u2013 tervezzen olyan bej\u00e1ratot, amely inspir\u00e1l, \u00e9s t\u00f6k\u00e9letesen illeszkedik az \u00e9p\u00fclet arculat\u00e1hoz.<\/li>\n<\/ul>\n<div class=\"notranslate\" style=\"all: initial;\">\u00a0<\/div>\n\t\t<\/div>\n\t\t\t\t\t<\/div>\n\n\t\n\n\t<div id=\"col-1675791438\" class=\"col medium-4 small-12 large-4\"  >\n\t\t\t\t<div class=\"col-inner text-center\"  >\n\t\t\t\n\t\t\t\n\t<div class=\"img has-hover x md-x lg-x y md-y lg-y\" id=\"image_1338526516\">\n\t\t\t\t\t\t\t\t<div class=\"img-inner dark\" >\n\t\t\t<img loading=\"lazy\" decoding=\"async\" width=\"800\" height=\"800\" src=\"https:\/\/cleartexdesign.com\/wp-content\/uploads\/2025\/09\/Szinskala-kerek.webp\" class=\"attachment-large size-large\" alt=\"\" srcset=\"https:\/\/cleartexdesign.com\/wp-content\/uploads\/2025\/09\/Szinskala-kerek.webp 800w, https:\/\/cleartexdesign.com\/wp-content\/uploads\/2025\/09\/Szinskala-kerek-400x400.webp 400w, https:\/\/cleartexdesign.com\/wp-content\/uploads\/2025\/09\/Szinskala-kerek-280x280.webp 280w, https:\/\/cleartexdesign.com\/wp-content\/uploads\/2025\/09\/Szinskala-kerek-768x768.webp 768w, https:\/\/cleartexdesign.com\/wp-content\/uploads\/2025\/09\/Szinskala-kerek-300x300.webp 300w, https:\/\/cleartexdesign.com\/wp-content\/uploads\/2025\/09\/Szinskala-kerek-600x600.webp 600w, https:\/\/cleartexdesign.com\/wp-content\/uploads\/2025\/09\/Szinskala-kerek-100x100.webp 100w\" sizes=\"auto, (max-width: 800px) 100vw, 800px\" \/>\t\t\t\t\t\t\n\t\t\t\t\t<\/div>\n\t\t\t\t\t\t\t\t\n<style>\n#image_1338526516 {\n  width: 100%;\n}\n<\/style>\n\t<\/div>\n\t\n\t\t<\/div>\n\t\t\t\t\t<\/div>\n\n\t\n<\/div>\n\t<div id=\"gap-277827220\" class=\"gap-element clearfix\" style=\"display:block; height:auto;\">\n\t\t\n<style>\n#gap-277827220 {\n  padding-top: 30px;\n}\n<\/style>\n\t<\/div>\n\t\n<div class=\"row align-middle\"  id=\"row-200300151\">\n\n\t<div id=\"col-921009522\" class=\"col small-12 large-12\"  >\n\t\t\t\t<div class=\"col-inner\"  >\n\t\t\t\n\t\t\t\n\t<div class=\"img has-hover x md-x lg-x y md-y lg-y\" id=\"image_900853037\">\n\t\t\t\t\t\t\t\t<div class=\"img-inner dark\" >\n\t\t\t<img loading=\"lazy\" decoding=\"async\" width=\"1020\" height=\"341\" src=\"https:\/\/cleartexdesign.com\/wp-content\/uploads\/2025\/09\/AluTrend-Plank-17-8.webp\" class=\"attachment-large size-large\" alt=\"\" srcset=\"https:\/\/cleartexdesign.com\/wp-content\/uploads\/2025\/09\/AluTrend-Plank-17-8.webp 1200w, https:\/\/cleartexdesign.com\/wp-content\/uploads\/2025\/09\/AluTrend-Plank-17-8-800x267.webp 800w, https:\/\/cleartexdesign.com\/wp-content\/uploads\/2025\/09\/AluTrend-Plank-17-8-768x257.webp 768w, https:\/\/cleartexdesign.com\/wp-content\/uploads\/2025\/09\/AluTrend-Plank-17-8-600x201.webp 600w\" sizes=\"auto, (max-width: 1020px) 100vw, 1020px\" \/>\t\t\t\t\t\t\n\t\t\t\t\t<\/div>\n\t\t\t\t\t\t\t\t\n<style>\n#image_900853037 {\n  width: 100%;\n}\n<\/style>\n\t<\/div>\n\t\n\t\t<\/div>\n\t\t\t\t\t<\/div>\n\n\t\n<\/div>\n","protected":false},"excerpt":{"rendered":"<p><strong>Alutrend\u00ae Plank 17 f\u0151bb el\u0151nyei:<\/strong><\/p>\n<ul>\n<li>Profil t\u00edpusa:\u00a0 Alum\u00ednium \u00f6tv\u00f6zet ( AW 6060 T66, MILL FINISH)<\/li>\n<li>Profil magass\u00e1ga: 13 mm<\/li>\n<li>Fal vastags\u00e1ga: 1.6 mm<\/li>\n<li>L\u00e9p\u00e9s hangszigetel\u0151 vastags\u00e1ga: 2 mm<\/li>\n<li>Teljes szerkezet magass\u00e1ga (j\u00e1r\u00f3fel\u00fclett\u0151l f\u00fcgg\u0151en): 17-23 mm<\/li>\n<li>Profil sz\u00e9less\u00e9ge: 33,33 mm<\/li>\n<li>Be\u00e9p\u00edt\u00e9si m\u00e9lys\u00e9g: 15 mm (Be\u00e9p\u00edthet\u0151 kerettel 21 mm)<\/li>\n<li>R\u00e1ny\u00edl\u00f3 ajt\u00f3 alatti h\u00e9zag a keret als\u00f3 r\u00e9sz\u00e9t\u0151l: minimum 23 mm<\/li>\n<li>Megengedett tengelynyom\u00e1s terhel\u00e9s: 1017 kg<\/li>\n<li>Szak\u00edt\u00f3szil\u00e1rds\u00e1g: 217 N\/mm<sup>2<\/sup><\/li>\n<li>H\u0151t\u00e1gul\u00e1si egy\u00fctthat\u00f3: 0.0238 mm\/m\/C<\/li>\n<li>T\u0171zbiztons\u00e1gi besorol\u00e1s: BFL-s1<\/li>\n<li>T\u00f6mege kefe j\u00e1r\u00f3fel\u00fclettel: 18,24 kg\/m<sup>2<\/sup><\/li>\n<li>T\u00f6mege bord\u00e1zott gumi j\u00e1r\u00f3fel\u00fclettel: 21,53 kg\/m<sup>2<\/sup><\/li>\n<li>T\u00f6mege textil j\u00e1r\u00f3fel\u00fclettel: 13,21 kg\/m<sup>2<\/sup><\/li>\n<li>5 \u00e9v garancia, hossz\u00fa v\u00e1rhat\u00f3 \u00e9lettartam \u00e9s gy\u00e1rt\u00f3i h\u00e1tt\u00e9rt\u00e1mogat\u00e1s<\/li>\n<\/ul>\n","protected":false},"featured_media":21018,"template":"","meta":[],"product_cat":[],"product_tag":[],"class_list":{"0":"post-20991","1":"product","2":"type-product","3":"status-publish","4":"has-post-thumbnail","7":"first","8":"instock","9":"shipping-taxable","10":"product-type-simple"},"yoast_head":"<!-- This site is optimized with the Yoast SEO plugin v21.9 - https:\/\/yoast.com\/wordpress\/plugins\/seo\/ -->\n<title>ALUTREND\u00ae PLANK 17 - cleartexdesign.com<\/title>\n<meta name=\"description\" content=\"Az Alutrend\u00ae Plank 17 a Cleartex saj\u00e1t fejleszt\u00e9s\u0171, z\u00e1rt rendszer\u0171 szennyfog\u00f3 megold\u00e1sa, amely a funkcionalit\u00e1st \u00e9s a hossz\u00fa t\u00e1v\u00fa tart\u00f3ss\u00e1got \u00f6tv\u00f6zi.\" \/>\n<meta name=\"robots\" content=\"index, follow, max-snippet:-1, max-image-preview:large, max-video-preview:-1\" \/>\n<link rel=\"canonical\" href=\"https:\/\/cleartexdesign.com\/hu\/termek\/alutrend-plank-17\/\" \/>\n<meta property=\"og:locale\" content=\"hu_HU\" \/>\n<meta property=\"og:type\" content=\"article\" \/>\n<meta property=\"og:title\" content=\"ALUTREND\u00ae PLANK 17 - cleartexdesign.com\" \/>\n<meta property=\"og:description\" content=\"Az Alutrend\u00ae Plank 17 a Cleartex saj\u00e1t fejleszt\u00e9s\u0171, z\u00e1rt rendszer\u0171 szennyfog\u00f3 megold\u00e1sa, amely a funkcionalit\u00e1st \u00e9s a hossz\u00fa t\u00e1v\u00fa tart\u00f3ss\u00e1got \u00f6tv\u00f6zi.\" \/>\n<meta property=\"og:url\" content=\"https:\/\/cleartexdesign.com\/hu\/termek\/alutrend-plank-17\/\" \/>\n<meta property=\"og:site_name\" content=\"cleartexdesign.com\" \/>\n<meta property=\"article:modified_time\" content=\"2025-09-09T12:56:15+00:00\" \/>\n<meta property=\"og:image\" content=\"https:\/\/cleartexdesign.com\/wp-content\/uploads\/2025\/09\/DSC8256-1-scaled.webp\" \/>\n\t<meta property=\"og:image:width\" content=\"2560\" \/>\n\t<meta property=\"og:image:height\" content=\"2136\" \/>\n\t<meta property=\"og:image:type\" content=\"image\/webp\" \/>\n<meta name=\"twitter:card\" content=\"summary_large_image\" \/>\n<meta name=\"twitter:label1\" content=\"Becs\u00fclt olvas\u00e1si id\u0151\" \/>\n\t<meta name=\"twitter:data1\" content=\"2 perc\" \/>\n<script type=\"application\/ld+json\" class=\"yoast-schema-graph\">{\"@context\":\"https:\/\/schema.org\",\"@graph\":[{\"@type\":\"WebPage\",\"@id\":\"https:\/\/cleartexdesign.com\/hu\/termek\/alutrend-plank-17\/\",\"url\":\"https:\/\/cleartexdesign.com\/hu\/termek\/alutrend-plank-17\/\",\"name\":\"ALUTREND\u00ae PLANK 17 - cleartexdesign.com\",\"isPartOf\":{\"@id\":\"https:\/\/cleartexdesign.com\/hu\/#website\"},\"datePublished\":\"2025-09-09T07:09:53+00:00\",\"dateModified\":\"2025-09-09T12:56:15+00:00\",\"description\":\"Az Alutrend\u00ae Plank 17 a Cleartex saj\u00e1t fejleszt\u00e9s\u0171, z\u00e1rt rendszer\u0171 szennyfog\u00f3 megold\u00e1sa, amely a funkcionalit\u00e1st \u00e9s a hossz\u00fa t\u00e1v\u00fa tart\u00f3ss\u00e1got \u00f6tv\u00f6zi.\",\"breadcrumb\":{\"@id\":\"https:\/\/cleartexdesign.com\/hu\/termek\/alutrend-plank-17\/#breadcrumb\"},\"inLanguage\":\"hu\",\"potentialAction\":[{\"@type\":\"ReadAction\",\"target\":[\"https:\/\/cleartexdesign.com\/hu\/termek\/alutrend-plank-17\/\"]}]},{\"@type\":\"BreadcrumbList\",\"@id\":\"https:\/\/cleartexdesign.com\/hu\/termek\/alutrend-plank-17\/#breadcrumb\",\"itemListElement\":[{\"@type\":\"ListItem\",\"position\":1,\"name\":\"Home\",\"item\":\"https:\/\/cleartexdesign.com\/hu\/\"},{\"@type\":\"ListItem\",\"position\":2,\"name\":\"Bemutat\u00f3terem\",\"item\":\"https:\/\/cleartexdesign.com\/hu\/bemutatoterem\/\"},{\"@type\":\"ListItem\",\"position\":3,\"name\":\"ALUTREND\u00ae PLANK 17\"}]},{\"@type\":\"WebSite\",\"@id\":\"https:\/\/cleartexdesign.com\/hu\/#website\",\"url\":\"https:\/\/cleartexdesign.com\/hu\/\",\"name\":\"cleartexdesign.com\",\"description\":\"Aluminum entrance matting solutions.\",\"publisher\":{\"@id\":\"https:\/\/cleartexdesign.com\/hu\/#organization\"},\"potentialAction\":[{\"@type\":\"SearchAction\",\"target\":{\"@type\":\"EntryPoint\",\"urlTemplate\":\"https:\/\/cleartexdesign.com\/hu\/?s={search_term_string}\"},\"query-input\":\"required name=search_term_string\"}],\"inLanguage\":\"hu\"},{\"@type\":\"Organization\",\"@id\":\"https:\/\/cleartexdesign.com\/hu\/#organization\",\"name\":\"Cleartex Ltd.\",\"url\":\"https:\/\/cleartexdesign.com\/hu\/\",\"logo\":{\"@type\":\"ImageObject\",\"inLanguage\":\"hu\",\"@id\":\"https:\/\/cleartexdesign.com\/hu\/#\/schema\/logo\/image\/\",\"url\":\"https:\/\/cleartexdesign.com\/wp-content\/uploads\/2022\/05\/Cleartex-logo-ENG-_INC-INV.jpg\",\"contentUrl\":\"https:\/\/cleartexdesign.com\/wp-content\/uploads\/2022\/05\/Cleartex-logo-ENG-_INC-INV.jpg\",\"width\":591,\"height\":177,\"caption\":\"Cleartex Ltd.\"},\"image\":{\"@id\":\"https:\/\/cleartexdesign.com\/hu\/#\/schema\/logo\/image\/\"}}]}<\/script>\n<!-- \/ Yoast SEO plugin. -->","yoast_head_json":{"title":"ALUTREND\u00ae PLANK 17 - cleartexdesign.com","description":"Az Alutrend\u00ae Plank 17 a Cleartex saj\u00e1t fejleszt\u00e9s\u0171, z\u00e1rt rendszer\u0171 szennyfog\u00f3 megold\u00e1sa, amely a funkcionalit\u00e1st \u00e9s a hossz\u00fa t\u00e1v\u00fa tart\u00f3ss\u00e1got \u00f6tv\u00f6zi.","robots":{"index":"index","follow":"follow","max-snippet":"max-snippet:-1","max-image-preview":"max-image-preview:large","max-video-preview":"max-video-preview:-1"},"canonical":"https:\/\/cleartexdesign.com\/hu\/termek\/alutrend-plank-17\/","og_locale":"hu_HU","og_type":"article","og_title":"ALUTREND\u00ae PLANK 17 - cleartexdesign.com","og_description":"Az Alutrend\u00ae Plank 17 a Cleartex saj\u00e1t fejleszt\u00e9s\u0171, z\u00e1rt rendszer\u0171 szennyfog\u00f3 megold\u00e1sa, amely a funkcionalit\u00e1st \u00e9s a hossz\u00fa t\u00e1v\u00fa tart\u00f3ss\u00e1got \u00f6tv\u00f6zi.","og_url":"https:\/\/cleartexdesign.com\/hu\/termek\/alutrend-plank-17\/","og_site_name":"cleartexdesign.com","article_modified_time":"2025-09-09T12:56:15+00:00","og_image":[{"width":2560,"height":2136,"url":"https:\/\/cleartexdesign.com\/wp-content\/uploads\/2025\/09\/DSC8256-1-scaled.webp","type":"image\/webp"}],"twitter_card":"summary_large_image","twitter_misc":{"Becs\u00fclt olvas\u00e1si id\u0151":"2 perc"},"schema":{"@context":"https:\/\/schema.org","@graph":[{"@type":"WebPage","@id":"https:\/\/cleartexdesign.com\/hu\/termek\/alutrend-plank-17\/","url":"https:\/\/cleartexdesign.com\/hu\/termek\/alutrend-plank-17\/","name":"ALUTREND\u00ae PLANK 17 - cleartexdesign.com","isPartOf":{"@id":"https:\/\/cleartexdesign.com\/hu\/#website"},"datePublished":"2025-09-09T07:09:53+00:00","dateModified":"2025-09-09T12:56:15+00:00","description":"Az Alutrend\u00ae Plank 17 a Cleartex saj\u00e1t fejleszt\u00e9s\u0171, z\u00e1rt rendszer\u0171 szennyfog\u00f3 megold\u00e1sa, amely a funkcionalit\u00e1st \u00e9s a hossz\u00fa t\u00e1v\u00fa tart\u00f3ss\u00e1got \u00f6tv\u00f6zi.","breadcrumb":{"@id":"https:\/\/cleartexdesign.com\/hu\/termek\/alutrend-plank-17\/#breadcrumb"},"inLanguage":"hu","potentialAction":[{"@type":"ReadAction","target":["https:\/\/cleartexdesign.com\/hu\/termek\/alutrend-plank-17\/"]}]},{"@type":"BreadcrumbList","@id":"https:\/\/cleartexdesign.com\/hu\/termek\/alutrend-plank-17\/#breadcrumb","itemListElement":[{"@type":"ListItem","position":1,"name":"Home","item":"https:\/\/cleartexdesign.com\/hu\/"},{"@type":"ListItem","position":2,"name":"Bemutat\u00f3terem","item":"https:\/\/cleartexdesign.com\/hu\/bemutatoterem\/"},{"@type":"ListItem","position":3,"name":"ALUTREND\u00ae PLANK 17"}]},{"@type":"WebSite","@id":"https:\/\/cleartexdesign.com\/hu\/#website","url":"https:\/\/cleartexdesign.com\/hu\/","name":"cleartexdesign.com","description":"Aluminum entrance matting solutions.","publisher":{"@id":"https:\/\/cleartexdesign.com\/hu\/#organization"},"potentialAction":[{"@type":"SearchAction","target":{"@type":"EntryPoint","urlTemplate":"https:\/\/cleartexdesign.com\/hu\/?s={search_term_string}"},"query-input":"required name=search_term_string"}],"inLanguage":"hu"},{"@type":"Organization","@id":"https:\/\/cleartexdesign.com\/hu\/#organization","name":"Cleartex Ltd.","url":"https:\/\/cleartexdesign.com\/hu\/","logo":{"@type":"ImageObject","inLanguage":"hu","@id":"https:\/\/cleartexdesign.com\/hu\/#\/schema\/logo\/image\/","url":"https:\/\/cleartexdesign.com\/wp-content\/uploads\/2022\/05\/Cleartex-logo-ENG-_INC-INV.jpg","contentUrl":"https:\/\/cleartexdesign.com\/wp-content\/uploads\/2022\/05\/Cleartex-logo-ENG-_INC-INV.jpg","width":591,"height":177,"caption":"Cleartex Ltd."},"image":{"@id":"https:\/\/cleartexdesign.com\/hu\/#\/schema\/logo\/image\/"}}]}},"_links":{"self":[{"href":"https:\/\/cleartexdesign.com\/hu\/wp-json\/wp\/v2\/product\/20991","targetHints":{"allow":["GET"]}}],"collection":[{"href":"https:\/\/cleartexdesign.com\/hu\/wp-json\/wp\/v2\/product"}],"about":[{"href":"https:\/\/cleartexdesign.com\/hu\/wp-json\/wp\/v2\/types\/product"}],"wp:featuredmedia":[{"embeddable":true,"href":"https:\/\/cleartexdesign.com\/hu\/wp-json\/wp\/v2\/media\/21018"}],"wp:attachment":[{"href":"https:\/\/cleartexdesign.com\/hu\/wp-json\/wp\/v2\/media?parent=20991"}],"wp:term":[{"taxonomy":"product_cat","embeddable":true,"href":"https:\/\/cleartexdesign.com\/hu\/wp-json\/wp\/v2\/product_cat?post=20991"},{"taxonomy":"product_tag","embeddable":true,"href":"https:\/\/cleartexdesign.com\/hu\/wp-json\/wp\/v2\/product_tag?post=20991"}],"curies":[{"name":"wp","href":"https:\/\/api.w.org\/{rel}","templated":true}]}}