{"id":10673,"date":"2022-04-07T17:12:08","date_gmt":"2022-04-07T19:12:08","guid":{"rendered":"https:\/\/cleartexdesign.com\/product\/alutrend-compact-10-mm-profil\/"},"modified":"2023-01-30T08:53:03","modified_gmt":"2023-01-30T10:53:03","slug":"alutrend-compact-10-mm-profil","status":"publish","type":"product","link":"https:\/\/cleartexdesign.com\/hu\/termek\/alutrend-compact-10-mm-profil\/","title":{"rendered":"Alutrend Compact 10 mm profil"},"content":{"rendered":"<p>Az Alutrend<sup>\u00ae<\/sup> Compact bej\u00e1rati szennyfog\u00f3 burkolat rendszereket a Cleartex Kft. fejlesztette ki \u00e9s gy\u00e1rtja. 2016-\u00f3ta gyy\u00e1rtott Compact term\u00e9kek kifejezetten a kis \u00e9s k\u00f6zepes forgalm\u00fa bej\u00e1ratokba aj\u00e1nljuk. E A k\u00f6z\u00fcleti \u00e9s kereskedelmi \u00e9p\u00fcletek megn\u00f6vekedett szennyez\u0151d\u00e9s mennyis\u00e9g\u00e9nek hi\u00e1nytalan elt\u00fcntet\u00e9s\u00e9re szolg\u00e1l.  A Compact az Alutrend<sup>\u00ae<\/sup> k\u00edn\u00e1lat bel\u00e9p\u0151 szint\u0171 t\u00edpusa.<\/p>\n<p>Ez a alum\u00edniums\u00ednes szennyfog\u00f3 burkolatot kisebb forgalm\u00fa k\u00f6z\u00e9p\u00fcletek, \u00fczletek kisseb irod\u00e1k valamint lak\u00fc\u00e9p\u00fcletek bej\u00e1rataihoz aj\u00e1njuk, ahol a rendszeres forgalom nem haladja meg a napi 200 f\u0151t. Bel- \u00e9s k\u00fclt\u00e9ri t\u00edpusai egyar\u00e1nt textil, belt\u00e9ri nedvsz\u00edv\u00f3 \u00e9s k\u00fclt\u00e9ri csak kapar\u00f3sz\u00e1las j\u00e1r\u00f3fel\u00fcletekkel integr\u00e1lhat\u00f3. A szennyfog\u00f3 alapvet\u0151en egyedi m\u00e9retez\u00e9s\u0171 term\u00e9k, de viszontelad\u00f3 partnereinkn\u00e9l is el\u00e9rhet\u0151 2 konfekcion\u00e1lt t\u00edpus otthoni \/ kis irodai bej\u00e1ratokba. <\/p>\n<p><strong>Manufacturing method:<\/strong> kapcsol\u00f3 modullal egym\u00e1shoz fogott, z\u00e1rt szerkezet\u0171 alum\u00edniums\u00ednek, ragasztott r\u00f6gz\u00edt\u00e9s\u0171 tiszt\u00edt\u00f3 fel\u00fcletek<br \/>\n<strong>Alapanyag alaplap:<\/strong> 100% AlMgSi 0,5 \u00f6tv\u00f6zet, F25 kem\u00e9nys\u00e9g<br \/>\n<strong>Alaplap falvastags\u00e1g:<\/strong> 1,20 mm<br \/>\n<strong>Alaplap sz\u00e9less\u00e9g:<\/strong> 63 mm<br \/>\n<strong>Alaplap sz\u00e9less\u00e9g:<\/strong> 63 mm<br \/>\n<strong>Zajsz\u0171r\u0151 h\u00e1tlap:<\/strong> 2 mm<br \/>\n<strong>Teljes t\u00f6meg:<\/strong> kb. 9.500 g\/m<sup>2<\/sup><br \/>\n<strong>Megengedett tengelynyom\u00e1s<\/strong>: 600 kg<br \/>\n<strong>Szak\u00edt\u00f3szil\u00e1rds\u00e1g:<\/strong> 217 N\/m<br \/>\n<strong>T\u0171z\u00e1ll\u00f3s\u00e1g:<\/strong> Bfl-S1<br \/>\n<strong>Oszt\u00e1lyoz\u00e1s:<\/strong> Class 32 \u2018Commercial General\u2019, k\u00f6zepes terhelhet\u0151s\u00e9g\u0171 kereskedelmi k\u00f6rnyezetben<br \/>\n<strong>Sz\u0151nyeg m\u00e9ret:<\/strong> egy\u00e9ni m\u00e9retek alapj\u00e1n gy\u00e1rtott term\u00e9k<br \/>\n<strong>Konfekcion\u00e1lt m\u00e9ret:<\/strong> 595 x 395 mm \u00e9s 740 x 520 mm<\/p>\n","protected":false},"excerpt":{"rendered":"<p>Az Alutrend Compact 10 szennyfog\u00f3r\u00f3l r\u00f6viden<\/p>\n<ul>\n<li>10-11 mm \u00e1tlag vastags\u00e1g<\/li>\n<li>Rendk\u00edv\u00fcl strapab\u00edr\u00f3, F25 kem\u00e9nys\u00e9g\u0171 alum\u00ednium \u00f6tv\u00f6zet<\/li>\n<li>Belt\u00e9ri textil \u00e9s k\u00fclt\u00e9ri kapar\u00f3sz\u00e1las textil fel\u00fcletekkel<\/li>\n<li>200 f\u0151 alatti napi gyalogos forgalomra<\/li>\n<li>Teljes z\u00f3naszeml\u00e9let szerinti telep\u00edthet\u0151s\u00e9g<\/li>\n<li>Megfelel a legmagasabb t\u0171z\u00e1ll\u00f3s\u00e1gi szabv\u00e1nynak: Bfl-s1<\/li>\n<li>K\u00f6zepes forgalm\u00fa \u00e9rp\u00fcletkbe aj\u00e1nljuk<\/li>\n<li>Burkolatk\u00e9nt kerettel, s\u00fcllyeszt\u00e9kbe telep\u00edthet\u0151<\/li>\n<\/ul>\n","protected":false},"featured_media":4280,"template":"","meta":[],"product_cat":[322],"product_tag":[],"class_list":{"0":"post-10673","1":"product","2":"type-product","3":"status-publish","4":"has-post-thumbnail","6":"product_cat-alutrend-hu","8":"first","9":"instock","10":"shipping-taxable","11":"product-type-simple"},"yoast_head":"<!-- This site is optimized with the Yoast SEO plugin v21.9 - https:\/\/yoast.com\/wordpress\/plugins\/seo\/ -->\n<title>Alutrend Compact 10 mm profil - cleartexdesign.com<\/title>\n<meta name=\"robots\" content=\"index, follow, max-snippet:-1, max-image-preview:large, max-video-preview:-1\" \/>\n<link rel=\"canonical\" href=\"https:\/\/cleartexdesign.com\/hu\/termek\/alutrend-compact-10-mm-profil\/\" \/>\n<meta property=\"og:locale\" content=\"hu_HU\" \/>\n<meta property=\"og:type\" content=\"article\" \/>\n<meta property=\"og:title\" content=\"Alutrend Compact 10 mm profil - cleartexdesign.com\" \/>\n<meta property=\"og:description\" content=\"Az Alutrend Compact 10 szennyfog\u00f3r\u00f3l r\u00f6viden  10-11 mm \u00e1tlag vastags\u00e1g  Rendk\u00edv\u00fcl strapab\u00edr\u00f3, F25 kem\u00e9nys\u00e9g\u0171 alum\u00ednium \u00f6tv\u00f6zet  Belt\u00e9ri textil \u00e9s k\u00fclt\u00e9ri kapar\u00f3sz\u00e1las textil fel\u00fcletekkel  200 f\u0151 alatti napi gyalogos forgalomra  Teljes z\u00f3naszeml\u00e9let szerinti telep\u00edthet\u0151s\u00e9g  Megfelel a legmagasabb t\u0171z\u00e1ll\u00f3s\u00e1gi szabv\u00e1nynak: Bfl-s1  K\u00f6zepes forgalm\u00fa \u00e9rp\u00fcletkbe aj\u00e1nljuk  Burkolatk\u00e9nt kerettel, s\u00fcllyeszt\u00e9kbe telep\u00edthet\u0151\" \/>\n<meta property=\"og:url\" content=\"https:\/\/cleartexdesign.com\/hu\/termek\/alutrend-compact-10-mm-profil\/\" \/>\n<meta property=\"og:site_name\" content=\"cleartexdesign.com\" \/>\n<meta property=\"article:modified_time\" content=\"2023-01-30T10:53:03+00:00\" \/>\n<meta property=\"og:image\" content=\"https:\/\/cleartexdesign.com\/wp-content\/uploads\/2022\/05\/Alutrend-10-Compact-03.jpg\" \/>\n\t<meta property=\"og:image:width\" content=\"600\" \/>\n\t<meta property=\"og:image:height\" content=\"600\" \/>\n\t<meta property=\"og:image:type\" content=\"image\/jpeg\" \/>\n<meta name=\"twitter:card\" content=\"summary_large_image\" \/>\n<meta name=\"twitter:label1\" content=\"Becs\u00fclt olvas\u00e1si id\u0151\" \/>\n\t<meta name=\"twitter:data1\" content=\"1 perc\" \/>\n<script type=\"application\/ld+json\" class=\"yoast-schema-graph\">{\"@context\":\"https:\/\/schema.org\",\"@graph\":[{\"@type\":\"WebPage\",\"@id\":\"https:\/\/cleartexdesign.com\/hu\/termek\/alutrend-compact-10-mm-profil\/\",\"url\":\"https:\/\/cleartexdesign.com\/hu\/termek\/alutrend-compact-10-mm-profil\/\",\"name\":\"Alutrend Compact 10 mm profil - cleartexdesign.com\",\"isPartOf\":{\"@id\":\"https:\/\/cleartexdesign.com\/hu\/#website\"},\"datePublished\":\"2022-04-07T19:12:08+00:00\",\"dateModified\":\"2023-01-30T10:53:03+00:00\",\"breadcrumb\":{\"@id\":\"https:\/\/cleartexdesign.com\/hu\/termek\/alutrend-compact-10-mm-profil\/#breadcrumb\"},\"inLanguage\":\"hu\",\"potentialAction\":[{\"@type\":\"ReadAction\",\"target\":[\"https:\/\/cleartexdesign.com\/hu\/termek\/alutrend-compact-10-mm-profil\/\"]}]},{\"@type\":\"BreadcrumbList\",\"@id\":\"https:\/\/cleartexdesign.com\/hu\/termek\/alutrend-compact-10-mm-profil\/#breadcrumb\",\"itemListElement\":[{\"@type\":\"ListItem\",\"position\":1,\"name\":\"Home\",\"item\":\"https:\/\/cleartexdesign.com\/hu\/\"},{\"@type\":\"ListItem\",\"position\":2,\"name\":\"Bemutat\u00f3terem\",\"item\":\"https:\/\/cleartexdesign.com\/hu\/bemutatoterem\/\"},{\"@type\":\"ListItem\",\"position\":3,\"name\":\"Alutrend Compact 10 mm profil\"}]},{\"@type\":\"WebSite\",\"@id\":\"https:\/\/cleartexdesign.com\/hu\/#website\",\"url\":\"https:\/\/cleartexdesign.com\/hu\/\",\"name\":\"cleartexdesign.com\",\"description\":\"Aluminum entrance matting solutions.\",\"publisher\":{\"@id\":\"https:\/\/cleartexdesign.com\/hu\/#organization\"},\"potentialAction\":[{\"@type\":\"SearchAction\",\"target\":{\"@type\":\"EntryPoint\",\"urlTemplate\":\"https:\/\/cleartexdesign.com\/hu\/?s={search_term_string}\"},\"query-input\":\"required name=search_term_string\"}],\"inLanguage\":\"hu\"},{\"@type\":\"Organization\",\"@id\":\"https:\/\/cleartexdesign.com\/hu\/#organization\",\"name\":\"Cleartex Ltd.\",\"url\":\"https:\/\/cleartexdesign.com\/hu\/\",\"logo\":{\"@type\":\"ImageObject\",\"inLanguage\":\"hu\",\"@id\":\"https:\/\/cleartexdesign.com\/hu\/#\/schema\/logo\/image\/\",\"url\":\"https:\/\/cleartexdesign.com\/wp-content\/uploads\/2022\/05\/Cleartex-logo-ENG-_INC-INV.jpg\",\"contentUrl\":\"https:\/\/cleartexdesign.com\/wp-content\/uploads\/2022\/05\/Cleartex-logo-ENG-_INC-INV.jpg\",\"width\":591,\"height\":177,\"caption\":\"Cleartex Ltd.\"},\"image\":{\"@id\":\"https:\/\/cleartexdesign.com\/hu\/#\/schema\/logo\/image\/\"}}]}<\/script>\n<!-- \/ Yoast SEO plugin. -->","yoast_head_json":{"title":"Alutrend Compact 10 mm profil - cleartexdesign.com","robots":{"index":"index","follow":"follow","max-snippet":"max-snippet:-1","max-image-preview":"max-image-preview:large","max-video-preview":"max-video-preview:-1"},"canonical":"https:\/\/cleartexdesign.com\/hu\/termek\/alutrend-compact-10-mm-profil\/","og_locale":"hu_HU","og_type":"article","og_title":"Alutrend Compact 10 mm profil - cleartexdesign.com","og_description":"Az Alutrend Compact 10 szennyfog\u00f3r\u00f3l r\u00f6viden  10-11 mm \u00e1tlag vastags\u00e1g  Rendk\u00edv\u00fcl strapab\u00edr\u00f3, F25 kem\u00e9nys\u00e9g\u0171 alum\u00ednium \u00f6tv\u00f6zet  Belt\u00e9ri textil \u00e9s k\u00fclt\u00e9ri kapar\u00f3sz\u00e1las textil fel\u00fcletekkel  200 f\u0151 alatti napi gyalogos forgalomra  Teljes z\u00f3naszeml\u00e9let szerinti telep\u00edthet\u0151s\u00e9g  Megfelel a legmagasabb t\u0171z\u00e1ll\u00f3s\u00e1gi szabv\u00e1nynak: Bfl-s1  K\u00f6zepes forgalm\u00fa \u00e9rp\u00fcletkbe aj\u00e1nljuk  Burkolatk\u00e9nt kerettel, s\u00fcllyeszt\u00e9kbe telep\u00edthet\u0151","og_url":"https:\/\/cleartexdesign.com\/hu\/termek\/alutrend-compact-10-mm-profil\/","og_site_name":"cleartexdesign.com","article_modified_time":"2023-01-30T10:53:03+00:00","og_image":[{"width":600,"height":600,"url":"https:\/\/cleartexdesign.com\/wp-content\/uploads\/2022\/05\/Alutrend-10-Compact-03.jpg","type":"image\/jpeg"}],"twitter_card":"summary_large_image","twitter_misc":{"Becs\u00fclt olvas\u00e1si id\u0151":"1 perc"},"schema":{"@context":"https:\/\/schema.org","@graph":[{"@type":"WebPage","@id":"https:\/\/cleartexdesign.com\/hu\/termek\/alutrend-compact-10-mm-profil\/","url":"https:\/\/cleartexdesign.com\/hu\/termek\/alutrend-compact-10-mm-profil\/","name":"Alutrend Compact 10 mm profil - cleartexdesign.com","isPartOf":{"@id":"https:\/\/cleartexdesign.com\/hu\/#website"},"datePublished":"2022-04-07T19:12:08+00:00","dateModified":"2023-01-30T10:53:03+00:00","breadcrumb":{"@id":"https:\/\/cleartexdesign.com\/hu\/termek\/alutrend-compact-10-mm-profil\/#breadcrumb"},"inLanguage":"hu","potentialAction":[{"@type":"ReadAction","target":["https:\/\/cleartexdesign.com\/hu\/termek\/alutrend-compact-10-mm-profil\/"]}]},{"@type":"BreadcrumbList","@id":"https:\/\/cleartexdesign.com\/hu\/termek\/alutrend-compact-10-mm-profil\/#breadcrumb","itemListElement":[{"@type":"ListItem","position":1,"name":"Home","item":"https:\/\/cleartexdesign.com\/hu\/"},{"@type":"ListItem","position":2,"name":"Bemutat\u00f3terem","item":"https:\/\/cleartexdesign.com\/hu\/bemutatoterem\/"},{"@type":"ListItem","position":3,"name":"Alutrend Compact 10 mm profil"}]},{"@type":"WebSite","@id":"https:\/\/cleartexdesign.com\/hu\/#website","url":"https:\/\/cleartexdesign.com\/hu\/","name":"cleartexdesign.com","description":"Aluminum entrance matting solutions.","publisher":{"@id":"https:\/\/cleartexdesign.com\/hu\/#organization"},"potentialAction":[{"@type":"SearchAction","target":{"@type":"EntryPoint","urlTemplate":"https:\/\/cleartexdesign.com\/hu\/?s={search_term_string}"},"query-input":"required name=search_term_string"}],"inLanguage":"hu"},{"@type":"Organization","@id":"https:\/\/cleartexdesign.com\/hu\/#organization","name":"Cleartex Ltd.","url":"https:\/\/cleartexdesign.com\/hu\/","logo":{"@type":"ImageObject","inLanguage":"hu","@id":"https:\/\/cleartexdesign.com\/hu\/#\/schema\/logo\/image\/","url":"https:\/\/cleartexdesign.com\/wp-content\/uploads\/2022\/05\/Cleartex-logo-ENG-_INC-INV.jpg","contentUrl":"https:\/\/cleartexdesign.com\/wp-content\/uploads\/2022\/05\/Cleartex-logo-ENG-_INC-INV.jpg","width":591,"height":177,"caption":"Cleartex Ltd."},"image":{"@id":"https:\/\/cleartexdesign.com\/hu\/#\/schema\/logo\/image\/"}}]}},"_links":{"self":[{"href":"https:\/\/cleartexdesign.com\/hu\/wp-json\/wp\/v2\/product\/10673","targetHints":{"allow":["GET"]}}],"collection":[{"href":"https:\/\/cleartexdesign.com\/hu\/wp-json\/wp\/v2\/product"}],"about":[{"href":"https:\/\/cleartexdesign.com\/hu\/wp-json\/wp\/v2\/types\/product"}],"wp:featuredmedia":[{"embeddable":true,"href":"https:\/\/cleartexdesign.com\/hu\/wp-json\/wp\/v2\/media\/4280"}],"wp:attachment":[{"href":"https:\/\/cleartexdesign.com\/hu\/wp-json\/wp\/v2\/media?parent=10673"}],"wp:term":[{"taxonomy":"product_cat","embeddable":true,"href":"https:\/\/cleartexdesign.com\/hu\/wp-json\/wp\/v2\/product_cat?post=10673"},{"taxonomy":"product_tag","embeddable":true,"href":"https:\/\/cleartexdesign.com\/hu\/wp-json\/wp\/v2\/product_tag?post=10673"}],"curies":[{"name":"wp","href":"https:\/\/api.w.org\/{rel}","templated":true}]}}