{"id":10258,"date":"2022-05-07T17:40:14","date_gmt":"2022-05-07T19:40:14","guid":{"rendered":"https:\/\/cleartexdesign.com\/product\/alulogomat-mini-17-mm-es-profilok\/"},"modified":"2025-09-02T06:12:27","modified_gmt":"2025-09-02T08:12:27","slug":"alulogomat-mini-17-mm-es-profilok","status":"publish","type":"product","link":"https:\/\/cleartexdesign.com\/hu\/termek\/alulogomat-mini-17-mm-es-profilok\/","title":{"rendered":"AluLogoMat Mini 17 mm-es profilok"},"content":{"rendered":"<p>Ez az Alutrend<sup>\u00ae<\/sup> alim\u00edniums\u00ednes szennyfog\u00f3 burkolatok 3 t\u00edpusv\u00e1ltozatban v\u00e1laszthat\u00f3k. A Maxi nagy, a Mini k\u00f6zepes, m\u00edg a Compact alacsonyabb forgalm\u00fa bej\u00e1ratokhoz ide\u00e1lis. Az <strong><sup>Alutrend\u00ae<\/sup> Mini<\/strong> profil <strong> k\u00f6zepes gyalogosforgalomra, valamint kerekessz\u00e9kek \u00e9s bev\u00e1s\u00e1rl\u00f3kocsik m\u00e9rs\u00e9kelt forgalm\u00e1ra<\/strong> ker\u00fclt kifejleszt\u00e9sre.<\/p>\n<p>A sz\u0151nyegekre ak\u00e1r fot\u00f3min\u0151s\u00e9g\u0171 k\u00e9peket is lehet nyomtatni, de az alum\u00ednium s\u00ednek t\u00e1vols\u00e1g\u00e1t figyelembe v\u00e9ve kell a grafik\u00e1t megtervezni. P\u00e9ld\u00e1ul a bet\u0171k magass\u00e1ga nem lehet kevesebb 10 cm-n\u00e9l.<\/p>\n<div class=\"container section-title-container\" ><h3 class=\"section-title section-title-center\"><b><\/b><span class=\"section-title-main\" style=\"color:rgb(142, 40, 41);\">K\u00fcldje el log\u00f3j\u00e1t, k\u00e9p\u00e9t, sz\u00f6veg\u00e9t, \u00e9s mi k\u00e9sz\u00edt\u00fcnk \u00d6nnek kiv\u00e1l\u00f3 min\u0151s\u00e9g\u0171, nyomtatott szennyfog\u00f3 burkolat\u00e1t.<\/span><b><\/b><\/h3><\/div>\n\t<div id=\"gap-1161169730\" class=\"gap-element clearfix\" style=\"display:block; height:auto;\">\n\t\t\n<style>\n#gap-1161169730 {\n  padding-top: 30px;\n}\n<\/style>\n\t<\/div>\n\t\n\n<div class=\"wpcf7 no-js\" id=\"wpcf7-f11624-o1\" lang=\"hu-HU\" dir=\"ltr\">\n<div class=\"screen-reader-response\"><p role=\"status\" aria-live=\"polite\" aria-atomic=\"true\"><\/p> <ul><\/ul><\/div>\n<form action=\"\/hu\/wp-json\/wp\/v2\/product\/10258#wpcf7-f11624-o1\" method=\"post\" class=\"wpcf7-form init\" aria-label=\"Kapcsolatfelv\u00e9teli \u0171rlap\" enctype=\"multipart\/form-data\" novalidate=\"novalidate\" data-status=\"init\">\n<div style=\"display: none;\">\n<input type=\"hidden\" name=\"_wpcf7\" value=\"11624\" \/>\n<input type=\"hidden\" name=\"_wpcf7_version\" value=\"5.8.6\" \/>\n<input type=\"hidden\" name=\"_wpcf7_locale\" value=\"hu_HU\" \/>\n<input type=\"hidden\" name=\"_wpcf7_unit_tag\" value=\"wpcf7-f11624-o1\" \/>\n<input type=\"hidden\" name=\"_wpcf7_container_post\" value=\"0\" \/>\n<input type=\"hidden\" name=\"_wpcf7_posted_data_hash\" value=\"\" \/>\n<input type=\"hidden\" name=\"_wpcf7_recaptcha_response\" value=\"\" \/>\n<\/div>\n<div class=\"form-flat\">\n\t<p><span class=\"wpcf7-form-control-wrap\" data-name=\"your-name\"><input size=\"40\" class=\"wpcf7-form-control wpcf7-text wpcf7-validates-as-required\" aria-required=\"true\" aria-invalid=\"false\" placeholder=\"Az \u00d6n neve (k\u00f6telez\u0151)\" value=\"\" type=\"text\" name=\"your-name\" \/><\/span>\n\t<\/p>\n\t<p><span class=\"wpcf7-form-control-wrap\" data-name=\"company\"><input size=\"40\" class=\"wpcf7-form-control wpcf7-text wpcf7-validates-as-required\" aria-required=\"true\" aria-invalid=\"false\" placeholder=\"C\u00e9g (k\u00f6telez\u0151)\" value=\"\" type=\"text\" name=\"company\" \/><\/span>\n\t<\/p>\n\t<p><span class=\"wpcf7-form-control-wrap\" data-name=\"job\"><input size=\"40\" class=\"wpcf7-form-control wpcf7-text wpcf7-validates-as-required\" aria-required=\"true\" aria-invalid=\"false\" placeholder=\"Munkak\u00f6r (k\u00f6telez\u0151)\" value=\"\" type=\"text\" name=\"job\" \/><\/span>\n\t<\/p>\n\t<p><span class=\"wpcf7-form-control-wrap\" data-name=\"your-email\"><input size=\"40\" class=\"wpcf7-form-control wpcf7-email wpcf7-validates-as-required wpcf7-text wpcf7-validates-as-email\" aria-required=\"true\" aria-invalid=\"false\" placeholder=\"Az \u00d6n e-mail c\u00edme (k\u00f6telez\u0151)\" value=\"\" type=\"email\" name=\"your-email\" \/><\/span>\n\t<\/p>\n\t<p><span class=\"wpcf7-form-control-wrap\" data-name=\"tel-847\"><input size=\"40\" class=\"wpcf7-form-control wpcf7-tel wpcf7-text wpcf7-validates-as-tel\" aria-invalid=\"false\" placeholder=\"Az \u00d6n telefonsz\u00e1ma (k\u00f6telez\u0151)\" value=\"\" type=\"tel\" name=\"tel-847\" \/><\/span>\n\t<\/p>\n\t<p><span class=\"wpcf7-form-control-wrap\" data-name=\"your-message\"><textarea cols=\"40\" rows=\"10\" class=\"wpcf7-form-control wpcf7-textarea\" aria-invalid=\"false\" placeholder=\"Az \u00d6n \u00fczenete (k\u00f6telez\u0151)\" name=\"your-message\"><\/textarea><\/span>\n\t<\/p>\n\t<p>F\u00e1jlfelt\u00f6lt\u00e9s (k\u00e9p, log\u00f3, sz\u00f6veg stb.)\n\t<\/p>\n\t<p><span class=\"wpcf7-form-control-wrap\" data-name=\"file-224\"><input size=\"40\" class=\"wpcf7-form-control wpcf7-file\" accept=\".jpg,.png,.pdf,.doc\" aria-invalid=\"false\" type=\"file\" name=\"file-224\" \/><\/span>\n\t<\/p>\n\t<p><span class=\"wpcf7-form-control-wrap\" data-name=\"acceptance-361\"><span class=\"wpcf7-form-control wpcf7-acceptance\"><span class=\"wpcf7-list-item\"><label><input type=\"checkbox\" name=\"acceptance-361\" value=\"1\" aria-invalid=\"false\" \/><span class=\"wpcf7-list-item-label\">Az <a href=\"https:\/\/cleartexdesign.com\/privacy-policy\/\" target=\"_blank\"><u><i>adatkezel\u00e9si t\u00e1j\u00e9koztat\u00f3ban<\/i><\/u><\/a> foglaltakat elfogadom.<\/span><\/label><\/span><\/span><\/span>\n\t<\/p>\n\t<p><span id=\"wpcf7-69df301a55104-wrapper\" class=\"wpcf7-form-control-wrap honeypot-alulogomat-wrap\" style=\"display:none !important; visibility:hidden !important;\"><label for=\"wpcf7-69df301a55104-field\" class=\"hp-message\">Please leave this field empty.<\/label><input id=\"wpcf7-69df301a55104-field\"  class=\"wpcf7-form-control wpcf7-text\" type=\"text\" name=\"honeypot-alulogomat\" value=\"\" size=\"40\" tabindex=\"-1\" autocomplete=\"new-password\" \/><\/span>\n\t<\/p>\n\t<p><input class=\"wpcf7-form-control wpcf7-submit has-spinner button\" type=\"submit\" value=\"Submit\" \/>\n\t<\/p>\n<\/div><div class=\"wpcf7-response-output\" aria-hidden=\"true\"><\/div>\n<\/form>\n<\/div>\n\n","protected":false},"excerpt":{"rendered":"<p><strong>AluLogoMat Mini 17 f\u0151bb el\u0151nyei:<\/strong><\/p>\n<ul>\n<li>17-20 mm \u00e1tlag vastags\u00e1g textil fel\u00fclettel<\/li>\n<li>Rendk\u00edv\u00fcl strapab\u00edr\u00f3, F25 kem\u00e9nys\u00e9g\u0171 alum\u00ednium \u00f6tv\u00f6zet<\/li>\n<li>Belt\u00e9ri, egyedi nyomtat\u00e1s\u00fa textil fel\u00fcletekkel<\/li>\n<li>1.000 f\u0151 alatti napi gyalogos forgalomra<\/li>\n<li>Teljes z\u00f3naszeml\u00e9let szerinti telep\u00edthet\u0151s\u00e9g<\/li>\n<li>Megfelel a legmagasabb t\u0171z\u00e1ll\u00f3s\u00e1gi szabv\u00e1nynak: Bfl-s1<\/li>\n<li>Nagy terhel\u00e9s\u0171 kereskedelmi haszn\u00e1latra alkalmas<\/li>\n<li>Burkolatk\u00e9nt kerettel, s\u00fcllyeszt\u00e9kbe telep\u00edthet\u0151<\/li>\n<\/ul>\n","protected":false},"featured_media":4290,"template":"","meta":[],"product_cat":[279],"product_tag":[],"class_list":{"0":"post-10258","1":"product","2":"type-product","3":"status-publish","4":"has-post-thumbnail","6":"product_cat-alulogomat-hu","8":"first","9":"instock","10":"shipping-taxable","11":"product-type-simple"},"yoast_head":"<!-- This site is optimized with the Yoast SEO plugin v21.9 - https:\/\/yoast.com\/wordpress\/plugins\/seo\/ -->\n<title>AluLogoMat Mini 17 mm-es profilok - cleartexdesign.com<\/title>\n<meta name=\"description\" content=\"Az Alutrend\u00ae Mini profil k\u00f6zepes gyalogosforgalomra, valamint kerekessz\u00e9kek \u00e9s bev\u00e1s\u00e1rl\u00f3kocsik m\u00e9rs\u00e9kelt forgalm\u00e1ra ker\u00fclt kifejleszt\u00e9sre.\" \/>\n<meta name=\"robots\" content=\"index, follow, max-snippet:-1, max-image-preview:large, max-video-preview:-1\" \/>\n<link rel=\"canonical\" href=\"https:\/\/cleartexdesign.com\/hu\/termek\/alulogomat-mini-17-mm-es-profilok\/\" \/>\n<meta property=\"og:locale\" content=\"hu_HU\" \/>\n<meta property=\"og:type\" content=\"article\" \/>\n<meta property=\"og:title\" content=\"AluLogoMat Mini 17 mm-es profilok - cleartexdesign.com\" \/>\n<meta property=\"og:description\" content=\"Az Alutrend\u00ae Mini profil k\u00f6zepes gyalogosforgalomra, valamint kerekessz\u00e9kek \u00e9s bev\u00e1s\u00e1rl\u00f3kocsik m\u00e9rs\u00e9kelt forgalm\u00e1ra ker\u00fclt kifejleszt\u00e9sre.\" \/>\n<meta property=\"og:url\" content=\"https:\/\/cleartexdesign.com\/hu\/termek\/alulogomat-mini-17-mm-es-profilok\/\" \/>\n<meta property=\"og:site_name\" content=\"cleartexdesign.com\" \/>\n<meta property=\"article:modified_time\" content=\"2025-09-02T08:12:27+00:00\" \/>\n<meta property=\"og:image\" content=\"https:\/\/cleartexdesign.com\/wp-content\/uploads\/2022\/05\/Woman-.jpg\" \/>\n\t<meta property=\"og:image:width\" content=\"600\" \/>\n\t<meta property=\"og:image:height\" content=\"600\" \/>\n\t<meta property=\"og:image:type\" content=\"image\/jpeg\" \/>\n<meta name=\"twitter:card\" content=\"summary_large_image\" \/>\n<meta name=\"twitter:label1\" content=\"Becs\u00fclt olvas\u00e1si id\u0151\" \/>\n\t<meta name=\"twitter:data1\" content=\"1 perc\" \/>\n<script type=\"application\/ld+json\" class=\"yoast-schema-graph\">{\"@context\":\"https:\/\/schema.org\",\"@graph\":[{\"@type\":\"WebPage\",\"@id\":\"https:\/\/cleartexdesign.com\/hu\/termek\/alulogomat-mini-17-mm-es-profilok\/\",\"url\":\"https:\/\/cleartexdesign.com\/hu\/termek\/alulogomat-mini-17-mm-es-profilok\/\",\"name\":\"AluLogoMat Mini 17 mm-es profilok - cleartexdesign.com\",\"isPartOf\":{\"@id\":\"https:\/\/cleartexdesign.com\/hu\/#website\"},\"datePublished\":\"2022-05-07T19:40:14+00:00\",\"dateModified\":\"2025-09-02T08:12:27+00:00\",\"description\":\"Az Alutrend\u00ae Mini profil k\u00f6zepes gyalogosforgalomra, valamint kerekessz\u00e9kek \u00e9s bev\u00e1s\u00e1rl\u00f3kocsik m\u00e9rs\u00e9kelt forgalm\u00e1ra ker\u00fclt kifejleszt\u00e9sre.\",\"breadcrumb\":{\"@id\":\"https:\/\/cleartexdesign.com\/hu\/termek\/alulogomat-mini-17-mm-es-profilok\/#breadcrumb\"},\"inLanguage\":\"hu\",\"potentialAction\":[{\"@type\":\"ReadAction\",\"target\":[\"https:\/\/cleartexdesign.com\/hu\/termek\/alulogomat-mini-17-mm-es-profilok\/\"]}]},{\"@type\":\"BreadcrumbList\",\"@id\":\"https:\/\/cleartexdesign.com\/hu\/termek\/alulogomat-mini-17-mm-es-profilok\/#breadcrumb\",\"itemListElement\":[{\"@type\":\"ListItem\",\"position\":1,\"name\":\"Home\",\"item\":\"https:\/\/cleartexdesign.com\/hu\/\"},{\"@type\":\"ListItem\",\"position\":2,\"name\":\"Bemutat\u00f3terem\",\"item\":\"https:\/\/cleartexdesign.com\/hu\/bemutatoterem\/\"},{\"@type\":\"ListItem\",\"position\":3,\"name\":\"AluLogoMat Mini 17 mm-es profilok\"}]},{\"@type\":\"WebSite\",\"@id\":\"https:\/\/cleartexdesign.com\/hu\/#website\",\"url\":\"https:\/\/cleartexdesign.com\/hu\/\",\"name\":\"cleartexdesign.com\",\"description\":\"Aluminum entrance matting solutions.\",\"publisher\":{\"@id\":\"https:\/\/cleartexdesign.com\/hu\/#organization\"},\"potentialAction\":[{\"@type\":\"SearchAction\",\"target\":{\"@type\":\"EntryPoint\",\"urlTemplate\":\"https:\/\/cleartexdesign.com\/hu\/?s={search_term_string}\"},\"query-input\":\"required name=search_term_string\"}],\"inLanguage\":\"hu\"},{\"@type\":\"Organization\",\"@id\":\"https:\/\/cleartexdesign.com\/hu\/#organization\",\"name\":\"Cleartex Ltd.\",\"url\":\"https:\/\/cleartexdesign.com\/hu\/\",\"logo\":{\"@type\":\"ImageObject\",\"inLanguage\":\"hu\",\"@id\":\"https:\/\/cleartexdesign.com\/hu\/#\/schema\/logo\/image\/\",\"url\":\"https:\/\/cleartexdesign.com\/wp-content\/uploads\/2022\/05\/Cleartex-logo-ENG-_INC-INV.jpg\",\"contentUrl\":\"https:\/\/cleartexdesign.com\/wp-content\/uploads\/2022\/05\/Cleartex-logo-ENG-_INC-INV.jpg\",\"width\":591,\"height\":177,\"caption\":\"Cleartex Ltd.\"},\"image\":{\"@id\":\"https:\/\/cleartexdesign.com\/hu\/#\/schema\/logo\/image\/\"}}]}<\/script>\n<!-- \/ Yoast SEO plugin. -->","yoast_head_json":{"title":"AluLogoMat Mini 17 mm-es profilok - cleartexdesign.com","description":"Az Alutrend\u00ae Mini profil k\u00f6zepes gyalogosforgalomra, valamint kerekessz\u00e9kek \u00e9s bev\u00e1s\u00e1rl\u00f3kocsik m\u00e9rs\u00e9kelt forgalm\u00e1ra ker\u00fclt kifejleszt\u00e9sre.","robots":{"index":"index","follow":"follow","max-snippet":"max-snippet:-1","max-image-preview":"max-image-preview:large","max-video-preview":"max-video-preview:-1"},"canonical":"https:\/\/cleartexdesign.com\/hu\/termek\/alulogomat-mini-17-mm-es-profilok\/","og_locale":"hu_HU","og_type":"article","og_title":"AluLogoMat Mini 17 mm-es profilok - cleartexdesign.com","og_description":"Az Alutrend\u00ae Mini profil k\u00f6zepes gyalogosforgalomra, valamint kerekessz\u00e9kek \u00e9s bev\u00e1s\u00e1rl\u00f3kocsik m\u00e9rs\u00e9kelt forgalm\u00e1ra ker\u00fclt kifejleszt\u00e9sre.","og_url":"https:\/\/cleartexdesign.com\/hu\/termek\/alulogomat-mini-17-mm-es-profilok\/","og_site_name":"cleartexdesign.com","article_modified_time":"2025-09-02T08:12:27+00:00","og_image":[{"width":600,"height":600,"url":"https:\/\/cleartexdesign.com\/wp-content\/uploads\/2022\/05\/Woman-.jpg","type":"image\/jpeg"}],"twitter_card":"summary_large_image","twitter_misc":{"Becs\u00fclt olvas\u00e1si id\u0151":"1 perc"},"schema":{"@context":"https:\/\/schema.org","@graph":[{"@type":"WebPage","@id":"https:\/\/cleartexdesign.com\/hu\/termek\/alulogomat-mini-17-mm-es-profilok\/","url":"https:\/\/cleartexdesign.com\/hu\/termek\/alulogomat-mini-17-mm-es-profilok\/","name":"AluLogoMat Mini 17 mm-es profilok - cleartexdesign.com","isPartOf":{"@id":"https:\/\/cleartexdesign.com\/hu\/#website"},"datePublished":"2022-05-07T19:40:14+00:00","dateModified":"2025-09-02T08:12:27+00:00","description":"Az Alutrend\u00ae Mini profil k\u00f6zepes gyalogosforgalomra, valamint kerekessz\u00e9kek \u00e9s bev\u00e1s\u00e1rl\u00f3kocsik m\u00e9rs\u00e9kelt forgalm\u00e1ra ker\u00fclt kifejleszt\u00e9sre.","breadcrumb":{"@id":"https:\/\/cleartexdesign.com\/hu\/termek\/alulogomat-mini-17-mm-es-profilok\/#breadcrumb"},"inLanguage":"hu","potentialAction":[{"@type":"ReadAction","target":["https:\/\/cleartexdesign.com\/hu\/termek\/alulogomat-mini-17-mm-es-profilok\/"]}]},{"@type":"BreadcrumbList","@id":"https:\/\/cleartexdesign.com\/hu\/termek\/alulogomat-mini-17-mm-es-profilok\/#breadcrumb","itemListElement":[{"@type":"ListItem","position":1,"name":"Home","item":"https:\/\/cleartexdesign.com\/hu\/"},{"@type":"ListItem","position":2,"name":"Bemutat\u00f3terem","item":"https:\/\/cleartexdesign.com\/hu\/bemutatoterem\/"},{"@type":"ListItem","position":3,"name":"AluLogoMat Mini 17 mm-es profilok"}]},{"@type":"WebSite","@id":"https:\/\/cleartexdesign.com\/hu\/#website","url":"https:\/\/cleartexdesign.com\/hu\/","name":"cleartexdesign.com","description":"Aluminum entrance matting solutions.","publisher":{"@id":"https:\/\/cleartexdesign.com\/hu\/#organization"},"potentialAction":[{"@type":"SearchAction","target":{"@type":"EntryPoint","urlTemplate":"https:\/\/cleartexdesign.com\/hu\/?s={search_term_string}"},"query-input":"required name=search_term_string"}],"inLanguage":"hu"},{"@type":"Organization","@id":"https:\/\/cleartexdesign.com\/hu\/#organization","name":"Cleartex Ltd.","url":"https:\/\/cleartexdesign.com\/hu\/","logo":{"@type":"ImageObject","inLanguage":"hu","@id":"https:\/\/cleartexdesign.com\/hu\/#\/schema\/logo\/image\/","url":"https:\/\/cleartexdesign.com\/wp-content\/uploads\/2022\/05\/Cleartex-logo-ENG-_INC-INV.jpg","contentUrl":"https:\/\/cleartexdesign.com\/wp-content\/uploads\/2022\/05\/Cleartex-logo-ENG-_INC-INV.jpg","width":591,"height":177,"caption":"Cleartex Ltd."},"image":{"@id":"https:\/\/cleartexdesign.com\/hu\/#\/schema\/logo\/image\/"}}]}},"_links":{"self":[{"href":"https:\/\/cleartexdesign.com\/hu\/wp-json\/wp\/v2\/product\/10258","targetHints":{"allow":["GET"]}}],"collection":[{"href":"https:\/\/cleartexdesign.com\/hu\/wp-json\/wp\/v2\/product"}],"about":[{"href":"https:\/\/cleartexdesign.com\/hu\/wp-json\/wp\/v2\/types\/product"}],"wp:featuredmedia":[{"embeddable":true,"href":"https:\/\/cleartexdesign.com\/hu\/wp-json\/wp\/v2\/media\/4290"}],"wp:attachment":[{"href":"https:\/\/cleartexdesign.com\/hu\/wp-json\/wp\/v2\/media?parent=10258"}],"wp:term":[{"taxonomy":"product_cat","embeddable":true,"href":"https:\/\/cleartexdesign.com\/hu\/wp-json\/wp\/v2\/product_cat?post=10258"},{"taxonomy":"product_tag","embeddable":true,"href":"https:\/\/cleartexdesign.com\/hu\/wp-json\/wp\/v2\/product_tag?post=10258"}],"curies":[{"name":"wp","href":"https:\/\/api.w.org\/{rel}","templated":true}]}}