{"id":11029,"date":"2022-04-07T17:12:08","date_gmt":"2022-04-07T19:12:08","guid":{"rendered":"https:\/\/cleartexdesign.com\/product\/alutrend-compact-profiles-de-10-mm\/"},"modified":"2023-01-27T08:45:35","modified_gmt":"2023-01-27T10:45:35","slug":"alutrend-compact-profiles-10-mm","status":"publish","type":"product","link":"https:\/\/cleartexdesign.com\/fr\/produit\/alutrend-compact-profiles-10-mm\/","title":{"rendered":"Alutrend Compact profil\u00e9s de 10 mm"},"content":{"rendered":"<p>Depuis 2016, Cleartex Ltd d\u00e9veloppe et fabrique des syst\u00e8mes de tapis d&rsquo;entr\u00e9e Alutrend<sup>\u00ae<\/sup> Compact sp\u00e9cifiquement destin\u00e9s aux entr\u00e9es \u00e0 trafic moyen, Ils sont con\u00e7us pour l&rsquo;\u00e9limination compl\u00e8te de quantit\u00e9s accrues de salissures dans les b\u00e2timents publics et commerciaux. Les produits Alutrend<sup>\u00ae<\/sup> Compact sont de type entr\u00e9e de gamme de la gamme Alutrend.<\/p>\n<p>Ce pi\u00e8ge \u00e0 salet\u00e9s est optimis\u00e9 pour les b\u00e2timents publics, les magasins et les habitations \u00e0 faible trafic, ainsi que pour les petits bureaux, o\u00f9 le trafic r\u00e9gulier ne d\u00e9passe pas 200 personnes par jour. Les mod\u00e8les d&rsquo;int\u00e9rieur et d&rsquo;ext\u00e9rieur sont tous deux en textile, l&rsquo;int\u00e9rieur est absorbant et l&rsquo;ext\u00e9rieur peut \u00eatre int\u00e9gr\u00e9 avec des bandes grattants uniquement. Le tapis d&rsquo;entr\u00e9e est essentiellement un produit sur mesure, mais il est \u00e9galement disponible aupr\u00e8s de nos partenaires revendeurs en 2 configurations pour les entr\u00e9es de maisons\/petits bureaux.<\/p>\n<p><strong>Mode d&rsquo;\u00e9laboration<\/strong> : structure de rail ferm\u00e9es en aluminium, surfaces de nettoyage avec fixation par adh\u00e9sif.<br \/>\n<strong>Mat\u00e9riau de base:<\/strong> alliage100% AlMgSi 0.5, duret\u00e9 deF25<br \/>\n<strong>\u00c9paisseur de la paroi de la base<\/strong> 1,20 mm<br \/>\n<strong>Largeur de la base:<\/strong> 63 mm<br \/>\n<strong>Hauteure totale surface nettoyante inclue:<\/strong> 10-11 mm<br \/>\n<strong>Dos de filtre anti-bruit:<\/strong> 2mm<br \/>\n<strong>Poids total:<\/strong> environ 9,500 g \/ m<sup>2<\/sup><br \/>\n<strong>Charges autoris\u00e9es par essieu:<\/strong> 600 kg<br \/>\n<strong>R\u00e9sistance \u00e0 la traction<\/strong> 217 N \/ m<br \/>\n<strong>R\u00e9sistance au feu:<\/strong> Bfl-S1<br \/>\n<strong>Classification<\/strong> : classe 32 \u00ab\u00a0Commercial General\u00a0\u00bb, environnement commercial \u00e0 usage moyen<br \/>\n<strong>Dimensions du tapis:<\/strong> produit fabriqu\u00e9 aux dimensions individuelles<br \/>\n<strong>Taille de l&#8217;emballage<\/strong> : 595 x 395 mm et 740 x 520 mm<\/p>\n<p><em>Pour plus d&rsquo;information <\/em><em><a href=\"https:\/\/cleartexdesign.com\/fr\/#contactez-nous\">contactez-nous<\/a><\/em><em>!<\/em><\/p>\n","protected":false},"excerpt":{"rendered":"<p>Le produit de tapis d&rsquo;entr\u00e9e Alutrend Compact 10 en bref<\/p>\n<ul>\n<li>10-11 mm d&rsquo;\u00e9paisseur moyenne<\/li>\n<li>Extr\u00eamement durable, alliage d&rsquo;aluminium de duret\u00e9 F25<\/li>\n<li>Surfaces textiles pour l&rsquo;int\u00e9rieur et surfaces textiles grattantes pour l&rsquo;ext\u00e9rieur<\/li>\n<li>Pour un trafic pi\u00e9tonnier quotidien de moins de 200 personnes<\/li>\n<li>Possibilit\u00e9 d&rsquo;installation dans toutes les zones<\/li>\n<li>Conforme \u00e0 la norme de r\u00e9sistance au feu : Bfl-s1<\/li>\n<li>Convient \u00e0 une utilisation commerciale de charge moyenne<\/li>\n<li>Peut \u00eatre install\u00e9 comme un rev\u00eatement avec un cadre, encastr\u00e9<\/li>\n<\/ul>\n","protected":false},"featured_media":4278,"template":"","meta":[],"product_cat":[351],"product_tag":[],"class_list":{"0":"post-11029","1":"product","2":"type-product","3":"status-publish","4":"has-post-thumbnail","6":"product_cat-alutrend-fr","8":"first","9":"instock","10":"shipping-taxable","11":"product-type-simple"},"yoast_head":"<!-- This site is optimized with the Yoast SEO plugin v21.9 - https:\/\/yoast.com\/wordpress\/plugins\/seo\/ -->\n<title>Alutrend Compact profil\u00e9s de 10 mm - cleartexdesign.com<\/title>\n<meta name=\"robots\" content=\"index, follow, max-snippet:-1, max-image-preview:large, max-video-preview:-1\" \/>\n<link rel=\"canonical\" href=\"https:\/\/cleartexdesign.com\/fr\/produit\/alutrend-compact-profiles-10-mm\/\" \/>\n<meta property=\"og:locale\" content=\"fr_FR\" \/>\n<meta property=\"og:type\" content=\"article\" \/>\n<meta property=\"og:title\" content=\"Alutrend Compact profil\u00e9s de 10 mm - cleartexdesign.com\" \/>\n<meta property=\"og:description\" content=\"Le produit de tapis d&#039;entr\u00e9e Alutrend Compact 10 en bref   10-11 mm d&#039;\u00e9paisseur moyenne  Extr\u00eamement durable, alliage d&#039;aluminium de duret\u00e9 F25  Surfaces textiles pour l&#039;int\u00e9rieur et surfaces textiles grattantes pour l&#039;ext\u00e9rieur  Pour un trafic pi\u00e9tonnier quotidien de moins de 200 personnes  Possibilit\u00e9 d&#039;installation dans toutes les zones  Conforme \u00e0 la norme de r\u00e9sistance au feu : Bfl-s1  Convient \u00e0 une utilisation commerciale de charge moyenne  Peut \u00eatre install\u00e9 comme un rev\u00eatement avec un cadre, encastr\u00e9\" \/>\n<meta property=\"og:url\" content=\"https:\/\/cleartexdesign.com\/fr\/produit\/alutrend-compact-profiles-10-mm\/\" \/>\n<meta property=\"og:site_name\" content=\"cleartexdesign.com\" \/>\n<meta property=\"article:modified_time\" content=\"2023-01-27T10:45:35+00:00\" \/>\n<meta property=\"og:image\" content=\"https:\/\/cleartexdesign.com\/wp-content\/uploads\/2022\/05\/Alutrend-10-Compact-03.jpg\" \/>\n\t<meta property=\"og:image:width\" content=\"600\" \/>\n\t<meta property=\"og:image:height\" content=\"600\" \/>\n\t<meta property=\"og:image:type\" content=\"image\/jpeg\" \/>\n<meta name=\"twitter:card\" content=\"summary_large_image\" \/>\n<meta name=\"twitter:label1\" content=\"Dur\u00e9e de lecture estim\u00e9e\" \/>\n\t<meta name=\"twitter:data1\" content=\"2 minutes\" \/>\n<script type=\"application\/ld+json\" class=\"yoast-schema-graph\">{\"@context\":\"https:\/\/schema.org\",\"@graph\":[{\"@type\":\"WebPage\",\"@id\":\"https:\/\/cleartexdesign.com\/fr\/produit\/alutrend-compact-profiles-10-mm\/\",\"url\":\"https:\/\/cleartexdesign.com\/fr\/produit\/alutrend-compact-profiles-10-mm\/\",\"name\":\"Alutrend Compact profil\u00e9s de 10 mm - cleartexdesign.com\",\"isPartOf\":{\"@id\":\"https:\/\/cleartexdesign.com\/fr\/#website\"},\"datePublished\":\"2022-04-07T19:12:08+00:00\",\"dateModified\":\"2023-01-27T10:45:35+00:00\",\"breadcrumb\":{\"@id\":\"https:\/\/cleartexdesign.com\/fr\/produit\/alutrend-compact-profiles-10-mm\/#breadcrumb\"},\"inLanguage\":\"fr-FR\",\"potentialAction\":[{\"@type\":\"ReadAction\",\"target\":[\"https:\/\/cleartexdesign.com\/fr\/produit\/alutrend-compact-profiles-10-mm\/\"]}]},{\"@type\":\"BreadcrumbList\",\"@id\":\"https:\/\/cleartexdesign.com\/fr\/produit\/alutrend-compact-profiles-10-mm\/#breadcrumb\",\"itemListElement\":[{\"@type\":\"ListItem\",\"position\":1,\"name\":\"Home\",\"item\":\"https:\/\/cleartexdesign.com\/fr\/\"},{\"@type\":\"ListItem\",\"position\":2,\"name\":\"Showroom\",\"item\":\"https:\/\/cleartexdesign.com\/fr\/boutique\/\"},{\"@type\":\"ListItem\",\"position\":3,\"name\":\"Alutrend Compact profil\u00e9s de 10 mm\"}]},{\"@type\":\"WebSite\",\"@id\":\"https:\/\/cleartexdesign.com\/fr\/#website\",\"url\":\"https:\/\/cleartexdesign.com\/fr\/\",\"name\":\"cleartexdesign.com\",\"description\":\"Aluminum entrance matting solutions.\",\"publisher\":{\"@id\":\"https:\/\/cleartexdesign.com\/fr\/#organization\"},\"potentialAction\":[{\"@type\":\"SearchAction\",\"target\":{\"@type\":\"EntryPoint\",\"urlTemplate\":\"https:\/\/cleartexdesign.com\/fr\/?s={search_term_string}\"},\"query-input\":\"required name=search_term_string\"}],\"inLanguage\":\"fr-FR\"},{\"@type\":\"Organization\",\"@id\":\"https:\/\/cleartexdesign.com\/fr\/#organization\",\"name\":\"Cleartex Ltd.\",\"url\":\"https:\/\/cleartexdesign.com\/fr\/\",\"logo\":{\"@type\":\"ImageObject\",\"inLanguage\":\"fr-FR\",\"@id\":\"https:\/\/cleartexdesign.com\/fr\/#\/schema\/logo\/image\/\",\"url\":\"https:\/\/cleartexdesign.com\/wp-content\/uploads\/2022\/05\/Cleartex-logo-ENG-_INC-INV.jpg\",\"contentUrl\":\"https:\/\/cleartexdesign.com\/wp-content\/uploads\/2022\/05\/Cleartex-logo-ENG-_INC-INV.jpg\",\"width\":591,\"height\":177,\"caption\":\"Cleartex Ltd.\"},\"image\":{\"@id\":\"https:\/\/cleartexdesign.com\/fr\/#\/schema\/logo\/image\/\"}}]}<\/script>\n<!-- \/ Yoast SEO plugin. -->","yoast_head_json":{"title":"Alutrend Compact profil\u00e9s de 10 mm - cleartexdesign.com","robots":{"index":"index","follow":"follow","max-snippet":"max-snippet:-1","max-image-preview":"max-image-preview:large","max-video-preview":"max-video-preview:-1"},"canonical":"https:\/\/cleartexdesign.com\/fr\/produit\/alutrend-compact-profiles-10-mm\/","og_locale":"fr_FR","og_type":"article","og_title":"Alutrend Compact profil\u00e9s de 10 mm - cleartexdesign.com","og_description":"Le produit de tapis d'entr\u00e9e Alutrend Compact 10 en bref   10-11 mm d'\u00e9paisseur moyenne  Extr\u00eamement durable, alliage d'aluminium de duret\u00e9 F25  Surfaces textiles pour l'int\u00e9rieur et surfaces textiles grattantes pour l'ext\u00e9rieur  Pour un trafic pi\u00e9tonnier quotidien de moins de 200 personnes  Possibilit\u00e9 d'installation dans toutes les zones  Conforme \u00e0 la norme de r\u00e9sistance au feu : Bfl-s1  Convient \u00e0 une utilisation commerciale de charge moyenne  Peut \u00eatre install\u00e9 comme un rev\u00eatement avec un cadre, encastr\u00e9","og_url":"https:\/\/cleartexdesign.com\/fr\/produit\/alutrend-compact-profiles-10-mm\/","og_site_name":"cleartexdesign.com","article_modified_time":"2023-01-27T10:45:35+00:00","og_image":[{"width":600,"height":600,"url":"https:\/\/cleartexdesign.com\/wp-content\/uploads\/2022\/05\/Alutrend-10-Compact-03.jpg","type":"image\/jpeg"}],"twitter_card":"summary_large_image","twitter_misc":{"Dur\u00e9e de lecture estim\u00e9e":"2 minutes"},"schema":{"@context":"https:\/\/schema.org","@graph":[{"@type":"WebPage","@id":"https:\/\/cleartexdesign.com\/fr\/produit\/alutrend-compact-profiles-10-mm\/","url":"https:\/\/cleartexdesign.com\/fr\/produit\/alutrend-compact-profiles-10-mm\/","name":"Alutrend Compact profil\u00e9s de 10 mm - cleartexdesign.com","isPartOf":{"@id":"https:\/\/cleartexdesign.com\/fr\/#website"},"datePublished":"2022-04-07T19:12:08+00:00","dateModified":"2023-01-27T10:45:35+00:00","breadcrumb":{"@id":"https:\/\/cleartexdesign.com\/fr\/produit\/alutrend-compact-profiles-10-mm\/#breadcrumb"},"inLanguage":"fr-FR","potentialAction":[{"@type":"ReadAction","target":["https:\/\/cleartexdesign.com\/fr\/produit\/alutrend-compact-profiles-10-mm\/"]}]},{"@type":"BreadcrumbList","@id":"https:\/\/cleartexdesign.com\/fr\/produit\/alutrend-compact-profiles-10-mm\/#breadcrumb","itemListElement":[{"@type":"ListItem","position":1,"name":"Home","item":"https:\/\/cleartexdesign.com\/fr\/"},{"@type":"ListItem","position":2,"name":"Showroom","item":"https:\/\/cleartexdesign.com\/fr\/boutique\/"},{"@type":"ListItem","position":3,"name":"Alutrend Compact profil\u00e9s de 10 mm"}]},{"@type":"WebSite","@id":"https:\/\/cleartexdesign.com\/fr\/#website","url":"https:\/\/cleartexdesign.com\/fr\/","name":"cleartexdesign.com","description":"Aluminum entrance matting solutions.","publisher":{"@id":"https:\/\/cleartexdesign.com\/fr\/#organization"},"potentialAction":[{"@type":"SearchAction","target":{"@type":"EntryPoint","urlTemplate":"https:\/\/cleartexdesign.com\/fr\/?s={search_term_string}"},"query-input":"required name=search_term_string"}],"inLanguage":"fr-FR"},{"@type":"Organization","@id":"https:\/\/cleartexdesign.com\/fr\/#organization","name":"Cleartex Ltd.","url":"https:\/\/cleartexdesign.com\/fr\/","logo":{"@type":"ImageObject","inLanguage":"fr-FR","@id":"https:\/\/cleartexdesign.com\/fr\/#\/schema\/logo\/image\/","url":"https:\/\/cleartexdesign.com\/wp-content\/uploads\/2022\/05\/Cleartex-logo-ENG-_INC-INV.jpg","contentUrl":"https:\/\/cleartexdesign.com\/wp-content\/uploads\/2022\/05\/Cleartex-logo-ENG-_INC-INV.jpg","width":591,"height":177,"caption":"Cleartex Ltd."},"image":{"@id":"https:\/\/cleartexdesign.com\/fr\/#\/schema\/logo\/image\/"}}]}},"_links":{"self":[{"href":"https:\/\/cleartexdesign.com\/fr\/wp-json\/wp\/v2\/product\/11029","targetHints":{"allow":["GET"]}}],"collection":[{"href":"https:\/\/cleartexdesign.com\/fr\/wp-json\/wp\/v2\/product"}],"about":[{"href":"https:\/\/cleartexdesign.com\/fr\/wp-json\/wp\/v2\/types\/product"}],"wp:featuredmedia":[{"embeddable":true,"href":"https:\/\/cleartexdesign.com\/fr\/wp-json\/wp\/v2\/media\/4278"}],"wp:attachment":[{"href":"https:\/\/cleartexdesign.com\/fr\/wp-json\/wp\/v2\/media?parent=11029"}],"wp:term":[{"taxonomy":"product_cat","embeddable":true,"href":"https:\/\/cleartexdesign.com\/fr\/wp-json\/wp\/v2\/product_cat?post=11029"},{"taxonomy":"product_tag","embeddable":true,"href":"https:\/\/cleartexdesign.com\/fr\/wp-json\/wp\/v2\/product_tag?post=11029"}],"curies":[{"name":"wp","href":"https:\/\/api.w.org\/{rel}","templated":true}]}}