{"id":10204,"date":"2022-05-07T18:14:59","date_gmt":"2022-05-07T20:14:59","guid":{"rendered":"https:\/\/cleartexdesign.com\/product\/alulogomat-compact-10-mm-profiles\/"},"modified":"2023-01-17T09:55:17","modified_gmt":"2023-01-17T11:55:17","slug":"alulogomat-compact-10-mm-profiles","status":"publish","type":"product","link":"https:\/\/cleartexdesign.com\/fr\/produit\/alulogomat-compact-10-mm-profiles\/","title":{"rendered":"AluLogoMat Compact Profil\u00e9s de 10 mm"},"content":{"rendered":"<p>Les syst\u00e8mes de tapis d&rsquo;entr\u00e9e imprim\u00e9s \u00e0 base d&rsquo;Aluterend<sup>\u00ae<\/sup> Compact ont \u00e9t\u00e9 sp\u00e9cifiquement d\u00e9velopp\u00e9s et fabriqu\u00e9s pour les entr\u00e9es \u00e0 trafic moyen.<\/p>\n<p>Ce pi\u00e8ge \u00e0 salet\u00e9s est optimis\u00e9 pour les b\u00e2timents publics, les magasins et les habitations \u00e0 faible trafic, ainsi que pour les petits bureaux, o\u00f9 le trafic r\u00e9gulier ne d\u00e9passe pas 200 personnes par jour.<\/p>\n<p>M\u00eame les images de qualit\u00e9 photo peuvent \u00eatre planifi\u00e9es sur les tapis, mais elles doivent \u00eatre calcul\u00e9es en fonction des distances des rails en aluminium. Cela signifie que les lettres ne doivent pas avoir une hauteur inf\u00e9rieure \u00e0 10 cm.<\/p>\n<div class=\"container section-title-container\" ><h3 class=\"section-title section-title-center\"><b><\/b><span class=\"section-title-main\" style=\"color:rgb(142, 40, 41);\">Envoyez votre logo, votre image, votre texte et nous vous cr\u00e9ons un tapis \u00e9tonnant.<\/span><b><\/b><\/h3><\/div>\n\t<div id=\"gap-1784379185\" class=\"gap-element clearfix\" style=\"display:block; height:auto;\">\n\t\t\n<style>\n#gap-1784379185 {\n  padding-top: 30px;\n}\n<\/style>\n\t<\/div>\n\t\n\n<div class=\"wpcf7 no-js\" id=\"wpcf7-f11114-o1\" lang=\"fr-FR\" dir=\"ltr\">\n<div class=\"screen-reader-response\"><p role=\"status\" aria-live=\"polite\" aria-atomic=\"true\"><\/p> <ul><\/ul><\/div>\n<form action=\"\/fr\/wp-json\/wp\/v2\/product\/10204#wpcf7-f11114-o1\" method=\"post\" class=\"wpcf7-form init\" aria-label=\"Formulaire de contact\" enctype=\"multipart\/form-data\" novalidate=\"novalidate\" data-status=\"init\">\n<div style=\"display: none;\">\n<input type=\"hidden\" name=\"_wpcf7\" value=\"11114\" \/>\n<input type=\"hidden\" name=\"_wpcf7_version\" value=\"5.8.6\" \/>\n<input type=\"hidden\" name=\"_wpcf7_locale\" value=\"fr_FR\" \/>\n<input type=\"hidden\" name=\"_wpcf7_unit_tag\" value=\"wpcf7-f11114-o1\" \/>\n<input type=\"hidden\" name=\"_wpcf7_container_post\" value=\"0\" \/>\n<input type=\"hidden\" name=\"_wpcf7_posted_data_hash\" value=\"\" \/>\n<input type=\"hidden\" name=\"_wpcf7_recaptcha_response\" value=\"\" \/>\n<\/div>\n<div class=\"form-flat\">\n\t<p><span class=\"wpcf7-form-control-wrap\" data-name=\"your-name\"><input size=\"40\" class=\"wpcf7-form-control wpcf7-text wpcf7-validates-as-required\" aria-required=\"true\" aria-invalid=\"false\" placeholder=\"Votre nom (obligatoire)\" value=\"\" type=\"text\" name=\"your-name\" \/><\/span>\n\t<\/p>\n\t<p><span class=\"wpcf7-form-control-wrap\" data-name=\"company\"><input size=\"40\" class=\"wpcf7-form-control wpcf7-text wpcf7-validates-as-required\" aria-required=\"true\" aria-invalid=\"false\" placeholder=\"Entreprise (obligatoire)\" value=\"\" type=\"text\" name=\"company\" \/><\/span>\n\t<\/p>\n\t<p><span class=\"wpcf7-form-control-wrap\" data-name=\"job\"><input size=\"40\" class=\"wpcf7-form-control wpcf7-text wpcf7-validates-as-required\" aria-required=\"true\" aria-invalid=\"false\" placeholder=\"Titre du poste (obligatoire)\" value=\"\" type=\"text\" name=\"job\" \/><\/span>\n\t<\/p>\n\t<p><span class=\"wpcf7-form-control-wrap\" data-name=\"your-email\"><input size=\"40\" class=\"wpcf7-form-control wpcf7-email wpcf7-validates-as-required wpcf7-text wpcf7-validates-as-email\" aria-required=\"true\" aria-invalid=\"false\" placeholder=\"Votre adresse \u00e9lectronique (obligatoire)\" value=\"\" type=\"email\" name=\"your-email\" \/><\/span>\n\t<\/p>\n\t<p><span class=\"wpcf7-form-control-wrap\" data-name=\"tel-847\"><input size=\"40\" class=\"wpcf7-form-control wpcf7-tel wpcf7-text wpcf7-validates-as-tel\" aria-invalid=\"false\" placeholder=\"Votre num\u00e9ro de t\u00e9l\u00e9phone (obligatoire)\" value=\"\" type=\"tel\" name=\"tel-847\" \/><\/span>\n\t<\/p>\n\t<p><span class=\"wpcf7-form-control-wrap\" data-name=\"your-message\"><textarea cols=\"40\" rows=\"10\" class=\"wpcf7-form-control wpcf7-textarea\" aria-invalid=\"false\" placeholder=\"Votre message (obligatoire)\" name=\"your-message\"><\/textarea><\/span>\n\t<\/p>\n\t<p>T\u00e9l\u00e9chargement de fichiers (image, logo, texte, etc.)\n\t<\/p>\n\t<p><span class=\"wpcf7-form-control-wrap\" data-name=\"file-224\"><input size=\"40\" class=\"wpcf7-form-control wpcf7-file\" accept=\".jpg,.png,.pdf,.doc\" aria-invalid=\"false\" type=\"file\" name=\"file-224\" \/><\/span>\n\t<\/p>\n\t<p><span class=\"wpcf7-form-control-wrap\" data-name=\"acceptance-361\"><span class=\"wpcf7-form-control wpcf7-acceptance\"><span class=\"wpcf7-list-item\"><label><input type=\"checkbox\" name=\"acceptance-361\" value=\"1\" aria-invalid=\"false\" \/><span class=\"wpcf7-list-item-label\">J\u2019accepte le contenu de <a href=\"https:\/\/cleartexdesign.com\/privacy-policy\/\" target=\"_blank\"><u><i> l\u2019information sur le traitement des donn\u00e9es.<\/i><\/u><\/a><\/span><\/label><\/span><\/span><\/span>\n\t<\/p>\n\t<p><span id=\"wpcf7-69defe4abfe7b-wrapper\" class=\"wpcf7-form-control-wrap honeypot-alulogomat-wrap\" style=\"display:none !important; visibility:hidden !important;\"><label for=\"wpcf7-69defe4abfe7b-field\" class=\"hp-message\">Veuillez laisser ce champ vide.<\/label><input id=\"wpcf7-69defe4abfe7b-field\"  class=\"wpcf7-form-control wpcf7-text\" type=\"text\" name=\"honeypot-alulogomat\" value=\"\" size=\"40\" tabindex=\"-1\" autocomplete=\"new-password\" \/><\/span>\n\t<\/p>\n\t<p><input class=\"wpcf7-form-control wpcf7-submit has-spinner button\" type=\"submit\" value=\"Submit\" \/>\n\t<\/p>\n<\/div><div class=\"wpcf7-response-output\" aria-hidden=\"true\"><\/div>\n<\/form>\n<\/div>\n\n","protected":false},"excerpt":{"rendered":"<p><strong>AluLogoMat Compact pr\u00e9sente 10 avantages principaux :<\/strong><\/p>\n<ul>\n<li>10-11 mm d&rsquo;\u00e9paisseur moyenne<\/li>\n<li>Alliage d&rsquo;aluminium extr\u00eamement durable de duret\u00e9 F25<\/li>\n<li>Avec du textile int\u00e9rieur imprim\u00e9 de qualit\u00e9<\/li>\n<li>Pour un trafic pi\u00e9tonnier quotidien de moins de 200 personnes<\/li>\n<li>Conforme \u00e0 la norme de r\u00e9sistance au feu : Bfl-s1<\/li>\n<li>Convient \u00e0 une utilisation commerciale de charge moyenne<\/li>\n<li>Peut \u00eatre install\u00e9 comme un couvercle avec un cadre, encastr\u00e9<\/li>\n<\/ul>\n","protected":false},"featured_media":4298,"template":"","meta":[],"product_cat":[264],"product_tag":[],"class_list":{"0":"post-10204","1":"product","2":"type-product","3":"status-publish","4":"has-post-thumbnail","6":"product_cat-alulogomat-fr","8":"first","9":"instock","10":"shipping-taxable","11":"product-type-simple"},"yoast_head":"<!-- This site is optimized with the Yoast SEO plugin v21.9 - https:\/\/yoast.com\/wordpress\/plugins\/seo\/ -->\n<title>AluLogoMat Compact Profil\u00e9s de 10 mm - cleartexdesign.com<\/title>\n<meta name=\"robots\" content=\"index, follow, max-snippet:-1, max-image-preview:large, max-video-preview:-1\" \/>\n<link rel=\"canonical\" href=\"https:\/\/cleartexdesign.com\/fr\/produit\/alulogomat-compact-10-mm-profiles\/\" \/>\n<meta property=\"og:locale\" content=\"fr_FR\" \/>\n<meta property=\"og:type\" content=\"article\" \/>\n<meta property=\"og:title\" content=\"AluLogoMat Compact Profil\u00e9s de 10 mm - cleartexdesign.com\" \/>\n<meta property=\"og:description\" content=\"AluLogoMat Compact pr\u00e9sente 10 avantages principaux :  10-11 mm d&#039;\u00e9paisseur moyenne  Alliage d&#039;aluminium extr\u00eamement durable de duret\u00e9 F25  Avec du textile int\u00e9rieur imprim\u00e9 de qualit\u00e9  Pour un trafic pi\u00e9tonnier quotidien de moins de 200 personnes  Conforme \u00e0 la norme de r\u00e9sistance au feu : Bfl-s1  Convient \u00e0 une utilisation commerciale de charge moyenne  Peut \u00eatre install\u00e9 comme un couvercle avec un cadre, encastr\u00e9\" \/>\n<meta property=\"og:url\" content=\"https:\/\/cleartexdesign.com\/fr\/produit\/alulogomat-compact-10-mm-profiles\/\" \/>\n<meta property=\"og:site_name\" content=\"cleartexdesign.com\" \/>\n<meta property=\"article:modified_time\" content=\"2023-01-17T11:55:17+00:00\" \/>\n<meta property=\"og:image\" content=\"https:\/\/cleartexdesign.com\/wp-content\/uploads\/2022\/05\/lovacska_V1.jpg\" \/>\n\t<meta property=\"og:image:width\" content=\"600\" \/>\n\t<meta property=\"og:image:height\" content=\"600\" \/>\n\t<meta property=\"og:image:type\" content=\"image\/jpeg\" \/>\n<meta name=\"twitter:card\" content=\"summary_large_image\" \/>\n<meta name=\"twitter:label1\" content=\"Dur\u00e9e de lecture estim\u00e9e\" \/>\n\t<meta name=\"twitter:data1\" content=\"1 minute\" \/>\n<script type=\"application\/ld+json\" class=\"yoast-schema-graph\">{\"@context\":\"https:\/\/schema.org\",\"@graph\":[{\"@type\":\"WebPage\",\"@id\":\"https:\/\/cleartexdesign.com\/fr\/produit\/alulogomat-compact-10-mm-profiles\/\",\"url\":\"https:\/\/cleartexdesign.com\/fr\/produit\/alulogomat-compact-10-mm-profiles\/\",\"name\":\"AluLogoMat Compact Profil\u00e9s de 10 mm - cleartexdesign.com\",\"isPartOf\":{\"@id\":\"https:\/\/cleartexdesign.com\/fr\/#website\"},\"datePublished\":\"2022-05-07T20:14:59+00:00\",\"dateModified\":\"2023-01-17T11:55:17+00:00\",\"breadcrumb\":{\"@id\":\"https:\/\/cleartexdesign.com\/fr\/produit\/alulogomat-compact-10-mm-profiles\/#breadcrumb\"},\"inLanguage\":\"fr-FR\",\"potentialAction\":[{\"@type\":\"ReadAction\",\"target\":[\"https:\/\/cleartexdesign.com\/fr\/produit\/alulogomat-compact-10-mm-profiles\/\"]}]},{\"@type\":\"BreadcrumbList\",\"@id\":\"https:\/\/cleartexdesign.com\/fr\/produit\/alulogomat-compact-10-mm-profiles\/#breadcrumb\",\"itemListElement\":[{\"@type\":\"ListItem\",\"position\":1,\"name\":\"Home\",\"item\":\"https:\/\/cleartexdesign.com\/fr\/\"},{\"@type\":\"ListItem\",\"position\":2,\"name\":\"Showroom\",\"item\":\"https:\/\/cleartexdesign.com\/fr\/boutique\/\"},{\"@type\":\"ListItem\",\"position\":3,\"name\":\"AluLogoMat Compact Profil\u00e9s de 10 mm\"}]},{\"@type\":\"WebSite\",\"@id\":\"https:\/\/cleartexdesign.com\/fr\/#website\",\"url\":\"https:\/\/cleartexdesign.com\/fr\/\",\"name\":\"cleartexdesign.com\",\"description\":\"Aluminum entrance matting solutions.\",\"publisher\":{\"@id\":\"https:\/\/cleartexdesign.com\/fr\/#organization\"},\"potentialAction\":[{\"@type\":\"SearchAction\",\"target\":{\"@type\":\"EntryPoint\",\"urlTemplate\":\"https:\/\/cleartexdesign.com\/fr\/?s={search_term_string}\"},\"query-input\":\"required name=search_term_string\"}],\"inLanguage\":\"fr-FR\"},{\"@type\":\"Organization\",\"@id\":\"https:\/\/cleartexdesign.com\/fr\/#organization\",\"name\":\"Cleartex Ltd.\",\"url\":\"https:\/\/cleartexdesign.com\/fr\/\",\"logo\":{\"@type\":\"ImageObject\",\"inLanguage\":\"fr-FR\",\"@id\":\"https:\/\/cleartexdesign.com\/fr\/#\/schema\/logo\/image\/\",\"url\":\"https:\/\/cleartexdesign.com\/wp-content\/uploads\/2022\/05\/Cleartex-logo-ENG-_INC-INV.jpg\",\"contentUrl\":\"https:\/\/cleartexdesign.com\/wp-content\/uploads\/2022\/05\/Cleartex-logo-ENG-_INC-INV.jpg\",\"width\":591,\"height\":177,\"caption\":\"Cleartex Ltd.\"},\"image\":{\"@id\":\"https:\/\/cleartexdesign.com\/fr\/#\/schema\/logo\/image\/\"}}]}<\/script>\n<!-- \/ Yoast SEO plugin. -->","yoast_head_json":{"title":"AluLogoMat Compact Profil\u00e9s de 10 mm - cleartexdesign.com","robots":{"index":"index","follow":"follow","max-snippet":"max-snippet:-1","max-image-preview":"max-image-preview:large","max-video-preview":"max-video-preview:-1"},"canonical":"https:\/\/cleartexdesign.com\/fr\/produit\/alulogomat-compact-10-mm-profiles\/","og_locale":"fr_FR","og_type":"article","og_title":"AluLogoMat Compact Profil\u00e9s de 10 mm - cleartexdesign.com","og_description":"AluLogoMat Compact pr\u00e9sente 10 avantages principaux :  10-11 mm d'\u00e9paisseur moyenne  Alliage d'aluminium extr\u00eamement durable de duret\u00e9 F25  Avec du textile int\u00e9rieur imprim\u00e9 de qualit\u00e9  Pour un trafic pi\u00e9tonnier quotidien de moins de 200 personnes  Conforme \u00e0 la norme de r\u00e9sistance au feu : Bfl-s1  Convient \u00e0 une utilisation commerciale de charge moyenne  Peut \u00eatre install\u00e9 comme un couvercle avec un cadre, encastr\u00e9","og_url":"https:\/\/cleartexdesign.com\/fr\/produit\/alulogomat-compact-10-mm-profiles\/","og_site_name":"cleartexdesign.com","article_modified_time":"2023-01-17T11:55:17+00:00","og_image":[{"width":600,"height":600,"url":"https:\/\/cleartexdesign.com\/wp-content\/uploads\/2022\/05\/lovacska_V1.jpg","type":"image\/jpeg"}],"twitter_card":"summary_large_image","twitter_misc":{"Dur\u00e9e de lecture estim\u00e9e":"1 minute"},"schema":{"@context":"https:\/\/schema.org","@graph":[{"@type":"WebPage","@id":"https:\/\/cleartexdesign.com\/fr\/produit\/alulogomat-compact-10-mm-profiles\/","url":"https:\/\/cleartexdesign.com\/fr\/produit\/alulogomat-compact-10-mm-profiles\/","name":"AluLogoMat Compact Profil\u00e9s de 10 mm - cleartexdesign.com","isPartOf":{"@id":"https:\/\/cleartexdesign.com\/fr\/#website"},"datePublished":"2022-05-07T20:14:59+00:00","dateModified":"2023-01-17T11:55:17+00:00","breadcrumb":{"@id":"https:\/\/cleartexdesign.com\/fr\/produit\/alulogomat-compact-10-mm-profiles\/#breadcrumb"},"inLanguage":"fr-FR","potentialAction":[{"@type":"ReadAction","target":["https:\/\/cleartexdesign.com\/fr\/produit\/alulogomat-compact-10-mm-profiles\/"]}]},{"@type":"BreadcrumbList","@id":"https:\/\/cleartexdesign.com\/fr\/produit\/alulogomat-compact-10-mm-profiles\/#breadcrumb","itemListElement":[{"@type":"ListItem","position":1,"name":"Home","item":"https:\/\/cleartexdesign.com\/fr\/"},{"@type":"ListItem","position":2,"name":"Showroom","item":"https:\/\/cleartexdesign.com\/fr\/boutique\/"},{"@type":"ListItem","position":3,"name":"AluLogoMat Compact Profil\u00e9s de 10 mm"}]},{"@type":"WebSite","@id":"https:\/\/cleartexdesign.com\/fr\/#website","url":"https:\/\/cleartexdesign.com\/fr\/","name":"cleartexdesign.com","description":"Aluminum entrance matting solutions.","publisher":{"@id":"https:\/\/cleartexdesign.com\/fr\/#organization"},"potentialAction":[{"@type":"SearchAction","target":{"@type":"EntryPoint","urlTemplate":"https:\/\/cleartexdesign.com\/fr\/?s={search_term_string}"},"query-input":"required name=search_term_string"}],"inLanguage":"fr-FR"},{"@type":"Organization","@id":"https:\/\/cleartexdesign.com\/fr\/#organization","name":"Cleartex Ltd.","url":"https:\/\/cleartexdesign.com\/fr\/","logo":{"@type":"ImageObject","inLanguage":"fr-FR","@id":"https:\/\/cleartexdesign.com\/fr\/#\/schema\/logo\/image\/","url":"https:\/\/cleartexdesign.com\/wp-content\/uploads\/2022\/05\/Cleartex-logo-ENG-_INC-INV.jpg","contentUrl":"https:\/\/cleartexdesign.com\/wp-content\/uploads\/2022\/05\/Cleartex-logo-ENG-_INC-INV.jpg","width":591,"height":177,"caption":"Cleartex Ltd."},"image":{"@id":"https:\/\/cleartexdesign.com\/fr\/#\/schema\/logo\/image\/"}}]}},"_links":{"self":[{"href":"https:\/\/cleartexdesign.com\/fr\/wp-json\/wp\/v2\/product\/10204","targetHints":{"allow":["GET"]}}],"collection":[{"href":"https:\/\/cleartexdesign.com\/fr\/wp-json\/wp\/v2\/product"}],"about":[{"href":"https:\/\/cleartexdesign.com\/fr\/wp-json\/wp\/v2\/types\/product"}],"wp:featuredmedia":[{"embeddable":true,"href":"https:\/\/cleartexdesign.com\/fr\/wp-json\/wp\/v2\/media\/4298"}],"wp:attachment":[{"href":"https:\/\/cleartexdesign.com\/fr\/wp-json\/wp\/v2\/media?parent=10204"}],"wp:term":[{"taxonomy":"product_cat","embeddable":true,"href":"https:\/\/cleartexdesign.com\/fr\/wp-json\/wp\/v2\/product_cat?post=10204"},{"taxonomy":"product_tag","embeddable":true,"href":"https:\/\/cleartexdesign.com\/fr\/wp-json\/wp\/v2\/product_tag?post=10204"}],"curies":[{"name":"wp","href":"https:\/\/api.w.org\/{rel}","templated":true}]}}