{"id":6777,"date":"2022-05-07T18:14:59","date_gmt":"2022-05-07T20:14:59","guid":{"rendered":"https:\/\/cleartexdesign.com\/product\/alulogomat-compact-10-mm-profil\/"},"modified":"2023-02-02T10:58:26","modified_gmt":"2023-02-02T12:58:26","slug":"alulogomat-compact-10-mm-profil","status":"publish","type":"product","link":"https:\/\/cleartexdesign.com\/de\/produkt\/alulogomat-compact-10-mm-profil\/","title":{"rendered":"AluLogoMat Compact 10 mm Profil"},"content":{"rendered":"<p>Die bedruckten Eingangsmattensysteme auf Basis von AluLogoMat<sup>\u00ae<\/sup> Compact wurden speziell f\u00fcr Eing\u00e4nge mit mittlerem Besucherverkehr entwickelt und hergestellt.<\/p>\n<p>Dieser Schmutzf\u00e4nger ist f\u00fcr den Einsatz in \u00f6ffentlichen Geb\u00e4uden mit geringem Verkehr, in Gesch\u00e4ften und zu Hause, sowie in kleinen B\u00fcros, in denen der regelm\u00e4\u00dfige Verkehr 200 Personen pro Tag nicht \u00fcbersteigt, optimiert.<\/p>\n<p>Selbst Bilder in Fotoqualit\u00e4t k\u00f6nnen auf den Matten eingeplant werden, m\u00fcssen aber mit den Abst\u00e4nden der Aluminiumschienen kalkuliert werden. Das bedeutet, dass die Buchstaben nicht weniger als 10 cm hoch sein d\u00fcrfen.<\/p>\n<div class=\"container section-title-container\" ><h3 class=\"section-title section-title-center\"><b><\/b><span class=\"section-title-main\" style=\"color:rgb(142, 40, 41);\">SCHICKEN SIE UNS IHR LOGO, FOTO, TEXT UND WIR SCHAFFEN IHNEN EINE WUNDERSCH\u00d6NE MATTE<\/span><b><\/b><\/h3><\/div>\n\t<div id=\"gap-1498223326\" class=\"gap-element clearfix\" style=\"display:block; height:auto;\">\n\t\t\n<style>\n#gap-1498223326 {\n  padding-top: 30px;\n}\n<\/style>\n\t<\/div>\n\t\n\n<div class=\"wpcf7 no-js\" id=\"wpcf7-f6779-o1\" lang=\"de-DE\" dir=\"ltr\">\n<div class=\"screen-reader-response\"><p role=\"status\" aria-live=\"polite\" aria-atomic=\"true\"><\/p> <ul><\/ul><\/div>\n<form action=\"\/de\/wp-json\/wp\/v2\/product\/6777#wpcf7-f6779-o1\" method=\"post\" class=\"wpcf7-form init\" aria-label=\"Kontaktformular\" enctype=\"multipart\/form-data\" novalidate=\"novalidate\" data-status=\"init\">\n<div style=\"display: none;\">\n<input type=\"hidden\" name=\"_wpcf7\" value=\"6779\" \/>\n<input type=\"hidden\" name=\"_wpcf7_version\" value=\"5.8.6\" \/>\n<input type=\"hidden\" name=\"_wpcf7_locale\" value=\"de_DE\" \/>\n<input type=\"hidden\" name=\"_wpcf7_unit_tag\" value=\"wpcf7-f6779-o1\" \/>\n<input type=\"hidden\" name=\"_wpcf7_container_post\" value=\"0\" \/>\n<input type=\"hidden\" name=\"_wpcf7_posted_data_hash\" value=\"\" \/>\n<input type=\"hidden\" name=\"_wpcf7_recaptcha_response\" value=\"\" \/>\n<\/div>\n<div class=\"form-flat\">\n\t<p><span class=\"wpcf7-form-control-wrap\" data-name=\"your-name\"><input size=\"40\" class=\"wpcf7-form-control wpcf7-text wpcf7-validates-as-required\" aria-required=\"true\" aria-invalid=\"false\" placeholder=\"Ihr Name (erforderlich)\" value=\"\" type=\"text\" name=\"your-name\" \/><\/span>\n\t<\/p>\n\t<p><span class=\"wpcf7-form-control-wrap\" data-name=\"company\"><input size=\"40\" class=\"wpcf7-form-control wpcf7-text wpcf7-validates-as-required\" aria-required=\"true\" aria-invalid=\"false\" placeholder=\"Unternehmen (erforderlich)\" value=\"\" type=\"text\" name=\"company\" \/><\/span>\n\t<\/p>\n\t<p><span class=\"wpcf7-form-control-wrap\" data-name=\"job\"><input size=\"40\" class=\"wpcf7-form-control wpcf7-text wpcf7-validates-as-required\" aria-required=\"true\" aria-invalid=\"false\" placeholder=\"Berufsbezeichnung (erforderlich)\" value=\"\" type=\"text\" name=\"job\" \/><\/span>\n\t<\/p>\n\t<p><span class=\"wpcf7-form-control-wrap\" data-name=\"your-email\"><input size=\"40\" class=\"wpcf7-form-control wpcf7-email wpcf7-validates-as-required wpcf7-text wpcf7-validates-as-email\" aria-required=\"true\" aria-invalid=\"false\" placeholder=\"Ihre E-Mail (erforderlich)\" value=\"\" type=\"email\" name=\"your-email\" \/><\/span>\n\t<\/p>\n\t<p><span class=\"wpcf7-form-control-wrap\" data-name=\"tel-847\"><input size=\"40\" class=\"wpcf7-form-control wpcf7-tel wpcf7-text wpcf7-validates-as-tel\" aria-invalid=\"false\" placeholder=\"Ihre Telefonnummer (erforderlich)\" value=\"\" type=\"tel\" name=\"tel-847\" \/><\/span>\n\t<\/p>\n\t<p><span class=\"wpcf7-form-control-wrap\" data-name=\"your-message\"><textarea cols=\"40\" rows=\"10\" class=\"wpcf7-form-control wpcf7-textarea\" aria-invalid=\"false\" placeholder=\"Ihre Nachricht (erforderlich)\" name=\"your-message\"><\/textarea><\/span>\n\t<\/p>\n\t<p>Datei hochladen (Foto, Logo, Text etc.)\n\t<\/p>\n\t<p><span class=\"wpcf7-form-control-wrap\" data-name=\"file-224\"><input size=\"40\" class=\"wpcf7-form-control wpcf7-file\" accept=\".jpg,.png,.pdf,.doc\" aria-invalid=\"false\" type=\"file\" name=\"file-224\" \/><\/span>\n\t<\/p>\n\t<p><span class=\"wpcf7-form-control-wrap\" data-name=\"acceptance-361\"><span class=\"wpcf7-form-control wpcf7-acceptance\"><span class=\"wpcf7-list-item\"><label><input type=\"checkbox\" name=\"acceptance-361\" value=\"1\" aria-invalid=\"false\" \/><span class=\"wpcf7-list-item-label\">Ich akzeptiere den Inhalt der <a href=\"https:\/\/cleartexdesign.com\/privacy-policy\/\" target=\"_blank\"><u><i>Informationen zur Datenverwaltung.<\/i><\/u><\/a><\/span><\/label><\/span><\/span><\/span>\n\t<\/p>\n\t<p><span id=\"wpcf7-69df18e3e6758-wrapper\" class=\"wpcf7-form-control-wrap honeypot-alulogomat-wrap\" style=\"display:none !important; visibility:hidden !important;\"><label for=\"wpcf7-69df18e3e6758-field\" class=\"hp-message\">Bitte lasse dieses Feld leer.<\/label><input id=\"wpcf7-69df18e3e6758-field\"  class=\"wpcf7-form-control wpcf7-text\" type=\"text\" name=\"honeypot-alulogomat\" value=\"\" size=\"40\" tabindex=\"-1\" autocomplete=\"new-password\" \/><\/span>\n\t<\/p>\n\t<p><input class=\"wpcf7-form-control wpcf7-submit has-spinner button\" type=\"submit\" value=\"Submit\" \/>\n\t<\/p>\n<\/div><div class=\"wpcf7-response-output\" aria-hidden=\"true\"><\/div>\n<\/form>\n<\/div>\n\n","protected":false},"excerpt":{"rendered":"<p><strong>Die wichtigsten Vorteile von AluLogoMat Compact 10:<\/strong><\/p>\n<ul>\n<li>10-11 mm durchschnittliche Dicke<\/li>\n<li>\u00c4u\u00dferst widerstandsf\u00e4hige Aluminiumlegierung der H\u00e4rte F25<\/li>\n<li>Mit hochwertig bedrucktem Indoor-Textil<\/li>\n<li>F\u00fcr t\u00e4glichen Fu\u00dfg\u00e4ngerverkehr von weniger als 200 Personen<\/li>\n<li>Erf\u00fcllt die Brandschutzklasse: Bfl-s1<\/li>\n<li>Geeignet f\u00fcr den kommerziellen Einsatz bei mittlerer Belastung<\/li>\n<li>Kann versenkt als Abdeckung mit einem Rahmen eingebaut werden<\/li>\n<\/ul>\n","protected":false},"featured_media":4299,"template":"","meta":[],"product_cat":[96],"product_tag":[],"class_list":{"0":"post-6777","1":"product","2":"type-product","3":"status-publish","4":"has-post-thumbnail","6":"product_cat-alulogomat-de","8":"first","9":"instock","10":"shipping-taxable","11":"product-type-simple"},"yoast_head":"<!-- This site is optimized with the Yoast SEO plugin v21.9 - https:\/\/yoast.com\/wordpress\/plugins\/seo\/ -->\n<title>AluLogoMat Compact 10 mm Profil - cleartexdesign.com<\/title>\n<meta name=\"description\" content=\"10-11 mm durchschnittliche Dicke - \u00c4u\u00dferst widerstandsf\u00e4hige Aluminiumlegierung der H\u00e4rte F25 - Mit hochwertig bedrucktem Indoor-Textil\" \/>\n<meta name=\"robots\" content=\"index, follow, max-snippet:-1, max-image-preview:large, max-video-preview:-1\" \/>\n<link rel=\"canonical\" href=\"https:\/\/cleartexdesign.com\/de\/produkt\/alulogomat-compact-10-mm-profil\/\" \/>\n<meta property=\"og:locale\" content=\"de_DE\" \/>\n<meta property=\"og:type\" content=\"article\" \/>\n<meta property=\"og:title\" content=\"AluLogoMat Compact 10 mm Profil - cleartexdesign.com\" \/>\n<meta property=\"og:description\" content=\"10-11 mm durchschnittliche Dicke - \u00c4u\u00dferst widerstandsf\u00e4hige Aluminiumlegierung der H\u00e4rte F25 - Mit hochwertig bedrucktem Indoor-Textil\" \/>\n<meta property=\"og:url\" content=\"https:\/\/cleartexdesign.com\/de\/produkt\/alulogomat-compact-10-mm-profil\/\" \/>\n<meta property=\"og:site_name\" content=\"cleartexdesign.com\" \/>\n<meta property=\"article:modified_time\" content=\"2023-02-02T12:58:26+00:00\" \/>\n<meta property=\"og:image\" content=\"https:\/\/cleartexdesign.com\/wp-content\/uploads\/2022\/05\/lovacska_V1.jpg\" \/>\n\t<meta property=\"og:image:width\" content=\"600\" \/>\n\t<meta property=\"og:image:height\" content=\"600\" \/>\n\t<meta property=\"og:image:type\" content=\"image\/jpeg\" \/>\n<meta name=\"twitter:card\" content=\"summary_large_image\" \/>\n<meta name=\"twitter:label1\" content=\"Gesch\u00e4tzte Lesezeit\" \/>\n\t<meta name=\"twitter:data1\" content=\"1\u00a0Minute\" \/>\n<script type=\"application\/ld+json\" class=\"yoast-schema-graph\">{\"@context\":\"https:\/\/schema.org\",\"@graph\":[{\"@type\":\"WebPage\",\"@id\":\"https:\/\/cleartexdesign.com\/de\/produkt\/alulogomat-compact-10-mm-profil\/\",\"url\":\"https:\/\/cleartexdesign.com\/de\/produkt\/alulogomat-compact-10-mm-profil\/\",\"name\":\"AluLogoMat Compact 10 mm Profil - cleartexdesign.com\",\"isPartOf\":{\"@id\":\"https:\/\/cleartexdesign.com\/de\/#website\"},\"datePublished\":\"2022-05-07T20:14:59+00:00\",\"dateModified\":\"2023-02-02T12:58:26+00:00\",\"description\":\"10-11 mm durchschnittliche Dicke - \u00c4u\u00dferst widerstandsf\u00e4hige Aluminiumlegierung der H\u00e4rte F25 - Mit hochwertig bedrucktem Indoor-Textil\",\"breadcrumb\":{\"@id\":\"https:\/\/cleartexdesign.com\/de\/produkt\/alulogomat-compact-10-mm-profil\/#breadcrumb\"},\"inLanguage\":\"de\",\"potentialAction\":[{\"@type\":\"ReadAction\",\"target\":[\"https:\/\/cleartexdesign.com\/de\/produkt\/alulogomat-compact-10-mm-profil\/\"]}]},{\"@type\":\"BreadcrumbList\",\"@id\":\"https:\/\/cleartexdesign.com\/de\/produkt\/alulogomat-compact-10-mm-profil\/#breadcrumb\",\"itemListElement\":[{\"@type\":\"ListItem\",\"position\":1,\"name\":\"Home\",\"item\":\"https:\/\/cleartexdesign.com\/de\/\"},{\"@type\":\"ListItem\",\"position\":2,\"name\":\"Ausstellungsraum\",\"item\":\"https:\/\/cleartexdesign.com\/de\/shop\/\"},{\"@type\":\"ListItem\",\"position\":3,\"name\":\"AluLogoMat Compact 10 mm Profil\"}]},{\"@type\":\"WebSite\",\"@id\":\"https:\/\/cleartexdesign.com\/de\/#website\",\"url\":\"https:\/\/cleartexdesign.com\/de\/\",\"name\":\"cleartexdesign.com\",\"description\":\"Aluminum entrance matting solutions.\",\"publisher\":{\"@id\":\"https:\/\/cleartexdesign.com\/de\/#organization\"},\"potentialAction\":[{\"@type\":\"SearchAction\",\"target\":{\"@type\":\"EntryPoint\",\"urlTemplate\":\"https:\/\/cleartexdesign.com\/de\/?s={search_term_string}\"},\"query-input\":\"required name=search_term_string\"}],\"inLanguage\":\"de\"},{\"@type\":\"Organization\",\"@id\":\"https:\/\/cleartexdesign.com\/de\/#organization\",\"name\":\"Cleartex Ltd.\",\"url\":\"https:\/\/cleartexdesign.com\/de\/\",\"logo\":{\"@type\":\"ImageObject\",\"inLanguage\":\"de\",\"@id\":\"https:\/\/cleartexdesign.com\/de\/#\/schema\/logo\/image\/\",\"url\":\"https:\/\/cleartexdesign.com\/wp-content\/uploads\/2022\/05\/Cleartex-logo-ENG-_INC-INV.jpg\",\"contentUrl\":\"https:\/\/cleartexdesign.com\/wp-content\/uploads\/2022\/05\/Cleartex-logo-ENG-_INC-INV.jpg\",\"width\":591,\"height\":177,\"caption\":\"Cleartex Ltd.\"},\"image\":{\"@id\":\"https:\/\/cleartexdesign.com\/de\/#\/schema\/logo\/image\/\"}}]}<\/script>\n<!-- \/ Yoast SEO plugin. -->","yoast_head_json":{"title":"AluLogoMat Compact 10 mm Profil - cleartexdesign.com","description":"10-11 mm durchschnittliche Dicke - \u00c4u\u00dferst widerstandsf\u00e4hige Aluminiumlegierung der H\u00e4rte F25 - Mit hochwertig bedrucktem Indoor-Textil","robots":{"index":"index","follow":"follow","max-snippet":"max-snippet:-1","max-image-preview":"max-image-preview:large","max-video-preview":"max-video-preview:-1"},"canonical":"https:\/\/cleartexdesign.com\/de\/produkt\/alulogomat-compact-10-mm-profil\/","og_locale":"de_DE","og_type":"article","og_title":"AluLogoMat Compact 10 mm Profil - cleartexdesign.com","og_description":"10-11 mm durchschnittliche Dicke - \u00c4u\u00dferst widerstandsf\u00e4hige Aluminiumlegierung der H\u00e4rte F25 - Mit hochwertig bedrucktem Indoor-Textil","og_url":"https:\/\/cleartexdesign.com\/de\/produkt\/alulogomat-compact-10-mm-profil\/","og_site_name":"cleartexdesign.com","article_modified_time":"2023-02-02T12:58:26+00:00","og_image":[{"width":600,"height":600,"url":"https:\/\/cleartexdesign.com\/wp-content\/uploads\/2022\/05\/lovacska_V1.jpg","type":"image\/jpeg"}],"twitter_card":"summary_large_image","twitter_misc":{"Gesch\u00e4tzte Lesezeit":"1\u00a0Minute"},"schema":{"@context":"https:\/\/schema.org","@graph":[{"@type":"WebPage","@id":"https:\/\/cleartexdesign.com\/de\/produkt\/alulogomat-compact-10-mm-profil\/","url":"https:\/\/cleartexdesign.com\/de\/produkt\/alulogomat-compact-10-mm-profil\/","name":"AluLogoMat Compact 10 mm Profil - cleartexdesign.com","isPartOf":{"@id":"https:\/\/cleartexdesign.com\/de\/#website"},"datePublished":"2022-05-07T20:14:59+00:00","dateModified":"2023-02-02T12:58:26+00:00","description":"10-11 mm durchschnittliche Dicke - \u00c4u\u00dferst widerstandsf\u00e4hige Aluminiumlegierung der H\u00e4rte F25 - Mit hochwertig bedrucktem Indoor-Textil","breadcrumb":{"@id":"https:\/\/cleartexdesign.com\/de\/produkt\/alulogomat-compact-10-mm-profil\/#breadcrumb"},"inLanguage":"de","potentialAction":[{"@type":"ReadAction","target":["https:\/\/cleartexdesign.com\/de\/produkt\/alulogomat-compact-10-mm-profil\/"]}]},{"@type":"BreadcrumbList","@id":"https:\/\/cleartexdesign.com\/de\/produkt\/alulogomat-compact-10-mm-profil\/#breadcrumb","itemListElement":[{"@type":"ListItem","position":1,"name":"Home","item":"https:\/\/cleartexdesign.com\/de\/"},{"@type":"ListItem","position":2,"name":"Ausstellungsraum","item":"https:\/\/cleartexdesign.com\/de\/shop\/"},{"@type":"ListItem","position":3,"name":"AluLogoMat Compact 10 mm Profil"}]},{"@type":"WebSite","@id":"https:\/\/cleartexdesign.com\/de\/#website","url":"https:\/\/cleartexdesign.com\/de\/","name":"cleartexdesign.com","description":"Aluminum entrance matting solutions.","publisher":{"@id":"https:\/\/cleartexdesign.com\/de\/#organization"},"potentialAction":[{"@type":"SearchAction","target":{"@type":"EntryPoint","urlTemplate":"https:\/\/cleartexdesign.com\/de\/?s={search_term_string}"},"query-input":"required name=search_term_string"}],"inLanguage":"de"},{"@type":"Organization","@id":"https:\/\/cleartexdesign.com\/de\/#organization","name":"Cleartex Ltd.","url":"https:\/\/cleartexdesign.com\/de\/","logo":{"@type":"ImageObject","inLanguage":"de","@id":"https:\/\/cleartexdesign.com\/de\/#\/schema\/logo\/image\/","url":"https:\/\/cleartexdesign.com\/wp-content\/uploads\/2022\/05\/Cleartex-logo-ENG-_INC-INV.jpg","contentUrl":"https:\/\/cleartexdesign.com\/wp-content\/uploads\/2022\/05\/Cleartex-logo-ENG-_INC-INV.jpg","width":591,"height":177,"caption":"Cleartex Ltd."},"image":{"@id":"https:\/\/cleartexdesign.com\/de\/#\/schema\/logo\/image\/"}}]}},"_links":{"self":[{"href":"https:\/\/cleartexdesign.com\/de\/wp-json\/wp\/v2\/product\/6777","targetHints":{"allow":["GET"]}}],"collection":[{"href":"https:\/\/cleartexdesign.com\/de\/wp-json\/wp\/v2\/product"}],"about":[{"href":"https:\/\/cleartexdesign.com\/de\/wp-json\/wp\/v2\/types\/product"}],"wp:featuredmedia":[{"embeddable":true,"href":"https:\/\/cleartexdesign.com\/de\/wp-json\/wp\/v2\/media\/4299"}],"wp:attachment":[{"href":"https:\/\/cleartexdesign.com\/de\/wp-json\/wp\/v2\/media?parent=6777"}],"wp:term":[{"taxonomy":"product_cat","embeddable":true,"href":"https:\/\/cleartexdesign.com\/de\/wp-json\/wp\/v2\/product_cat?post=6777"},{"taxonomy":"product_tag","embeddable":true,"href":"https:\/\/cleartexdesign.com\/de\/wp-json\/wp\/v2\/product_tag?post=6777"}],"curies":[{"name":"wp","href":"https:\/\/api.w.org\/{rel}","templated":true}]}}