{"id":6773,"date":"2022-04-07T17:12:08","date_gmt":"2022-04-07T19:12:08","guid":{"rendered":"https:\/\/cleartexdesign.com\/product\/alutrend-compact-10-mm-profil\/"},"modified":"2023-02-02T10:52:46","modified_gmt":"2023-02-02T12:52:46","slug":"alutrend-compact-10-mm-profil","status":"publish","type":"product","link":"https:\/\/cleartexdesign.com\/de\/produkt\/alutrend-compact-10-mm-profil\/","title":{"rendered":"Alutrend Compact 10 mm Profil"},"content":{"rendered":"<p>Alutrend<sup>\u00ae<\/sup> Compact Eingangsmattensysteme werden seit 2016 f\u00fcr mittelstark frequentierte Eing\u00e4nge von Cleartex GmbH speziell entwickelt und hergestellt. Diese L\u00f6sung ist geeignet, um die erh\u00f6hte Verschmutzung in \u00f6ffentlichen und kommerziellen Geb\u00e4uden vollst\u00e4ndig zu beseitigen. Der Alutrend<sup>\u00ae<\/sup> Compact ist ein Einstiegsmodell der Alutrend Produktlinien.<\/p>\n<p>Dieser Schmutzf\u00e4nger ist f\u00fcr den Einsatz in \u00f6ffentlichen Geb\u00e4uden mit geringem Verkehr, in Gesch\u00e4ften und zu Hause, sowie in kleinen B\u00fcros, in denen der regelm\u00e4\u00dfige Verkehr 200 Personen pro Tag nicht \u00fcbersteigt, optimiert. Er ist als Innen- und Au\u00dfenversion erh\u00e4ltlich und kann mit textilen, saugf\u00e4higen Innen- und reinen Au\u00dfenabstreifern kombiniert werden. Der Schmutzf\u00e4nger ist grunds\u00e4tzlich ein ma\u00dfgefertigtes Produkt, aber 2 vorgefertigte Typen f\u00fcr Haus- und kleine B\u00fcroeing\u00e4nge sind ebenfalls im Angebot.<\/p>\n<p><strong>Herstellungsverfahren:<\/strong> Geschlossene Aluminiumschienen mit Klebemodul, aufgeklebte Reinigungsfl\u00e4chen<br \/>\n<strong>Grundmaterial:<\/strong> 100% AlMgSi 0,5-Legierung, H\u00e4rte F25<br \/>\n<strong>Wandst\u00e4rke der Grundplatine:<\/strong> 1,20 mm<br \/>\n<strong>Breite der Grundplatine:<\/strong> 63 mm<br \/>\n<strong>Gesamtaufbauh\u00f6he mit Reinigungsfl\u00e4che:<\/strong> 10-11 mm<br \/>\n<strong>Ger\u00e4uschfilter-R\u00fcckseite:<\/strong> 2 mm<br \/>\n<strong>Gesamtgewicht:<\/strong> ca. 9.500 g \/ m<sup>2<\/sup><br \/>\n<strong>Maximale Achsenbelastung:<\/strong> 600 kg<br \/>\n<strong>Zugfestigkeit:<\/strong> 217 N \/ m<br \/>\n<strong>Brandschutzklasse:<\/strong> Bfl-S1<br \/>\n<strong>Klassifizierung:<\/strong> Klasse 32 &#8218;Commercial General&#8216; in einer mittelschweren kommerziellen Umgebung<br \/>\n<strong>Teppichgr\u00f6\u00dfe:<\/strong> Produkt wird nach individuellen Ma\u00dfen gefertigt<br \/>\n<strong>Zusammengesetzte Gr\u00f6\u00dfen:<\/strong> 595 x 395 mm und 740 x 520 mm<\/p>\n<div class=\"notranslate\" style=\"all: initial;\"><\/div>\n<p>F\u00fcr weitere Informationen bitte <em><a href=\"https:\/\/cleartexdesign.com\/de\/#kontakt\">Kontakt aufnehmen<\/a><\/em><em>!<\/em><\/p>\n","protected":false},"excerpt":{"rendered":"<p>Kurz \u00fcber den Schmutzf\u00e4nger Alutrend Compact 10<\/p>\n<ul>\n<li>10-11 mm durchschnittliche Dicke<\/li>\n<li>\u00c4u\u00dferst widerstandsf\u00e4hige Aluminiumlegierung der H\u00e4rte F25<\/li>\n<li>Mit textilen Oberfl\u00e4chen f\u00fcr den Innenbereich und geschabten textilen Oberfl\u00e4chen f\u00fcr den Au\u00dfenbereich<\/li>\n<li>F\u00fcr t\u00e4glichen Fu\u00dfg\u00e4ngerverkehr von weniger als 200 Personen<\/li>\n<li>Vollfl\u00e4chiger Einbau<\/li>\n<li>Erf\u00fcllt die Brandschutzklasse: Bfl-s1<\/li>\n<li>Geeignet f\u00fcr den kommerziellen Einsatz bei mittlerer Belastung<\/li>\n<li>Kann versenkt als Abdeckung mit einem Rahmen eingebaut werden<\/li>\n<\/ul>\n","protected":false},"featured_media":4279,"template":"","meta":[],"product_cat":[95],"product_tag":[],"class_list":{"0":"post-6773","1":"product","2":"type-product","3":"status-publish","4":"has-post-thumbnail","6":"product_cat-alutrend-de","8":"first","9":"instock","10":"shipping-taxable","11":"product-type-simple"},"yoast_head":"<!-- This site is optimized with the Yoast SEO plugin v21.9 - https:\/\/yoast.com\/wordpress\/plugins\/seo\/ -->\n<title>Alutrend Compact 10 mm Profil - cleartexdesign.com<\/title>\n<meta name=\"description\" content=\"10-11 mm durchschnittliche Dicke - \u00c4u\u00dferst widerstandsf\u00e4hige Aluminiumlegierung der H\u00e4rte F25 - F\u00fcr t\u00e4glichen Fu\u00dfg\u00e4ngerverkehr von weniger als 200 Personen\" \/>\n<meta name=\"robots\" content=\"index, follow, max-snippet:-1, max-image-preview:large, max-video-preview:-1\" \/>\n<link rel=\"canonical\" href=\"https:\/\/cleartexdesign.com\/de\/produkt\/alutrend-compact-10-mm-profil\/\" \/>\n<meta property=\"og:locale\" content=\"de_DE\" \/>\n<meta property=\"og:type\" content=\"article\" \/>\n<meta property=\"og:title\" content=\"Alutrend Compact 10 mm Profil - cleartexdesign.com\" \/>\n<meta property=\"og:description\" content=\"10-11 mm durchschnittliche Dicke - \u00c4u\u00dferst widerstandsf\u00e4hige Aluminiumlegierung der H\u00e4rte F25 - F\u00fcr t\u00e4glichen Fu\u00dfg\u00e4ngerverkehr von weniger als 200 Personen\" \/>\n<meta property=\"og:url\" content=\"https:\/\/cleartexdesign.com\/de\/produkt\/alutrend-compact-10-mm-profil\/\" \/>\n<meta property=\"og:site_name\" content=\"cleartexdesign.com\" \/>\n<meta property=\"article:modified_time\" content=\"2023-02-02T12:52:46+00:00\" \/>\n<meta property=\"og:image\" content=\"https:\/\/cleartexdesign.com\/wp-content\/uploads\/2022\/05\/Alutrend-10-Compact-03.jpg\" \/>\n\t<meta property=\"og:image:width\" content=\"600\" \/>\n\t<meta property=\"og:image:height\" content=\"600\" \/>\n\t<meta property=\"og:image:type\" content=\"image\/jpeg\" \/>\n<meta name=\"twitter:card\" content=\"summary_large_image\" \/>\n<meta name=\"twitter:label1\" content=\"Gesch\u00e4tzte Lesezeit\" \/>\n\t<meta name=\"twitter:data1\" content=\"1\u00a0Minute\" \/>\n<script type=\"application\/ld+json\" class=\"yoast-schema-graph\">{\"@context\":\"https:\/\/schema.org\",\"@graph\":[{\"@type\":\"WebPage\",\"@id\":\"https:\/\/cleartexdesign.com\/de\/produkt\/alutrend-compact-10-mm-profil\/\",\"url\":\"https:\/\/cleartexdesign.com\/de\/produkt\/alutrend-compact-10-mm-profil\/\",\"name\":\"Alutrend Compact 10 mm Profil - cleartexdesign.com\",\"isPartOf\":{\"@id\":\"https:\/\/cleartexdesign.com\/de\/#website\"},\"datePublished\":\"2022-04-07T19:12:08+00:00\",\"dateModified\":\"2023-02-02T12:52:46+00:00\",\"description\":\"10-11 mm durchschnittliche Dicke - \u00c4u\u00dferst widerstandsf\u00e4hige Aluminiumlegierung der H\u00e4rte F25 - F\u00fcr t\u00e4glichen Fu\u00dfg\u00e4ngerverkehr von weniger als 200 Personen\",\"breadcrumb\":{\"@id\":\"https:\/\/cleartexdesign.com\/de\/produkt\/alutrend-compact-10-mm-profil\/#breadcrumb\"},\"inLanguage\":\"de\",\"potentialAction\":[{\"@type\":\"ReadAction\",\"target\":[\"https:\/\/cleartexdesign.com\/de\/produkt\/alutrend-compact-10-mm-profil\/\"]}]},{\"@type\":\"BreadcrumbList\",\"@id\":\"https:\/\/cleartexdesign.com\/de\/produkt\/alutrend-compact-10-mm-profil\/#breadcrumb\",\"itemListElement\":[{\"@type\":\"ListItem\",\"position\":1,\"name\":\"Home\",\"item\":\"https:\/\/cleartexdesign.com\/de\/\"},{\"@type\":\"ListItem\",\"position\":2,\"name\":\"Ausstellungsraum\",\"item\":\"https:\/\/cleartexdesign.com\/de\/shop\/\"},{\"@type\":\"ListItem\",\"position\":3,\"name\":\"Alutrend Compact 10 mm Profil\"}]},{\"@type\":\"WebSite\",\"@id\":\"https:\/\/cleartexdesign.com\/de\/#website\",\"url\":\"https:\/\/cleartexdesign.com\/de\/\",\"name\":\"cleartexdesign.com\",\"description\":\"Aluminum entrance matting solutions.\",\"publisher\":{\"@id\":\"https:\/\/cleartexdesign.com\/de\/#organization\"},\"potentialAction\":[{\"@type\":\"SearchAction\",\"target\":{\"@type\":\"EntryPoint\",\"urlTemplate\":\"https:\/\/cleartexdesign.com\/de\/?s={search_term_string}\"},\"query-input\":\"required name=search_term_string\"}],\"inLanguage\":\"de\"},{\"@type\":\"Organization\",\"@id\":\"https:\/\/cleartexdesign.com\/de\/#organization\",\"name\":\"Cleartex Ltd.\",\"url\":\"https:\/\/cleartexdesign.com\/de\/\",\"logo\":{\"@type\":\"ImageObject\",\"inLanguage\":\"de\",\"@id\":\"https:\/\/cleartexdesign.com\/de\/#\/schema\/logo\/image\/\",\"url\":\"https:\/\/cleartexdesign.com\/wp-content\/uploads\/2022\/05\/Cleartex-logo-ENG-_INC-INV.jpg\",\"contentUrl\":\"https:\/\/cleartexdesign.com\/wp-content\/uploads\/2022\/05\/Cleartex-logo-ENG-_INC-INV.jpg\",\"width\":591,\"height\":177,\"caption\":\"Cleartex Ltd.\"},\"image\":{\"@id\":\"https:\/\/cleartexdesign.com\/de\/#\/schema\/logo\/image\/\"}}]}<\/script>\n<!-- \/ Yoast SEO plugin. -->","yoast_head_json":{"title":"Alutrend Compact 10 mm Profil - cleartexdesign.com","description":"10-11 mm durchschnittliche Dicke - \u00c4u\u00dferst widerstandsf\u00e4hige Aluminiumlegierung der H\u00e4rte F25 - F\u00fcr t\u00e4glichen Fu\u00dfg\u00e4ngerverkehr von weniger als 200 Personen","robots":{"index":"index","follow":"follow","max-snippet":"max-snippet:-1","max-image-preview":"max-image-preview:large","max-video-preview":"max-video-preview:-1"},"canonical":"https:\/\/cleartexdesign.com\/de\/produkt\/alutrend-compact-10-mm-profil\/","og_locale":"de_DE","og_type":"article","og_title":"Alutrend Compact 10 mm Profil - cleartexdesign.com","og_description":"10-11 mm durchschnittliche Dicke - \u00c4u\u00dferst widerstandsf\u00e4hige Aluminiumlegierung der H\u00e4rte F25 - F\u00fcr t\u00e4glichen Fu\u00dfg\u00e4ngerverkehr von weniger als 200 Personen","og_url":"https:\/\/cleartexdesign.com\/de\/produkt\/alutrend-compact-10-mm-profil\/","og_site_name":"cleartexdesign.com","article_modified_time":"2023-02-02T12:52:46+00:00","og_image":[{"width":600,"height":600,"url":"https:\/\/cleartexdesign.com\/wp-content\/uploads\/2022\/05\/Alutrend-10-Compact-03.jpg","type":"image\/jpeg"}],"twitter_card":"summary_large_image","twitter_misc":{"Gesch\u00e4tzte Lesezeit":"1\u00a0Minute"},"schema":{"@context":"https:\/\/schema.org","@graph":[{"@type":"WebPage","@id":"https:\/\/cleartexdesign.com\/de\/produkt\/alutrend-compact-10-mm-profil\/","url":"https:\/\/cleartexdesign.com\/de\/produkt\/alutrend-compact-10-mm-profil\/","name":"Alutrend Compact 10 mm Profil - cleartexdesign.com","isPartOf":{"@id":"https:\/\/cleartexdesign.com\/de\/#website"},"datePublished":"2022-04-07T19:12:08+00:00","dateModified":"2023-02-02T12:52:46+00:00","description":"10-11 mm durchschnittliche Dicke - \u00c4u\u00dferst widerstandsf\u00e4hige Aluminiumlegierung der H\u00e4rte F25 - F\u00fcr t\u00e4glichen Fu\u00dfg\u00e4ngerverkehr von weniger als 200 Personen","breadcrumb":{"@id":"https:\/\/cleartexdesign.com\/de\/produkt\/alutrend-compact-10-mm-profil\/#breadcrumb"},"inLanguage":"de","potentialAction":[{"@type":"ReadAction","target":["https:\/\/cleartexdesign.com\/de\/produkt\/alutrend-compact-10-mm-profil\/"]}]},{"@type":"BreadcrumbList","@id":"https:\/\/cleartexdesign.com\/de\/produkt\/alutrend-compact-10-mm-profil\/#breadcrumb","itemListElement":[{"@type":"ListItem","position":1,"name":"Home","item":"https:\/\/cleartexdesign.com\/de\/"},{"@type":"ListItem","position":2,"name":"Ausstellungsraum","item":"https:\/\/cleartexdesign.com\/de\/shop\/"},{"@type":"ListItem","position":3,"name":"Alutrend Compact 10 mm Profil"}]},{"@type":"WebSite","@id":"https:\/\/cleartexdesign.com\/de\/#website","url":"https:\/\/cleartexdesign.com\/de\/","name":"cleartexdesign.com","description":"Aluminum entrance matting solutions.","publisher":{"@id":"https:\/\/cleartexdesign.com\/de\/#organization"},"potentialAction":[{"@type":"SearchAction","target":{"@type":"EntryPoint","urlTemplate":"https:\/\/cleartexdesign.com\/de\/?s={search_term_string}"},"query-input":"required name=search_term_string"}],"inLanguage":"de"},{"@type":"Organization","@id":"https:\/\/cleartexdesign.com\/de\/#organization","name":"Cleartex Ltd.","url":"https:\/\/cleartexdesign.com\/de\/","logo":{"@type":"ImageObject","inLanguage":"de","@id":"https:\/\/cleartexdesign.com\/de\/#\/schema\/logo\/image\/","url":"https:\/\/cleartexdesign.com\/wp-content\/uploads\/2022\/05\/Cleartex-logo-ENG-_INC-INV.jpg","contentUrl":"https:\/\/cleartexdesign.com\/wp-content\/uploads\/2022\/05\/Cleartex-logo-ENG-_INC-INV.jpg","width":591,"height":177,"caption":"Cleartex Ltd."},"image":{"@id":"https:\/\/cleartexdesign.com\/de\/#\/schema\/logo\/image\/"}}]}},"_links":{"self":[{"href":"https:\/\/cleartexdesign.com\/de\/wp-json\/wp\/v2\/product\/6773","targetHints":{"allow":["GET"]}}],"collection":[{"href":"https:\/\/cleartexdesign.com\/de\/wp-json\/wp\/v2\/product"}],"about":[{"href":"https:\/\/cleartexdesign.com\/de\/wp-json\/wp\/v2\/types\/product"}],"wp:featuredmedia":[{"embeddable":true,"href":"https:\/\/cleartexdesign.com\/de\/wp-json\/wp\/v2\/media\/4279"}],"wp:attachment":[{"href":"https:\/\/cleartexdesign.com\/de\/wp-json\/wp\/v2\/media?parent=6773"}],"wp:term":[{"taxonomy":"product_cat","embeddable":true,"href":"https:\/\/cleartexdesign.com\/de\/wp-json\/wp\/v2\/product_cat?post=6773"},{"taxonomy":"product_tag","embeddable":true,"href":"https:\/\/cleartexdesign.com\/de\/wp-json\/wp\/v2\/product_tag?post=6773"}],"curies":[{"name":"wp","href":"https:\/\/api.w.org\/{rel}","templated":true}]}}